{"id":703720,"date":"2025-08-27T15:28:45","date_gmt":"2025-08-27T12:28:45","guid":{"rendered":"https:\/\/roveyayinevi.com.tr\/index.php\/urun\/ne-ders-olsa-veririz-akademisyenin-vasifsiz-isciye-donusumu\/"},"modified":"2026-02-03T02:21:44","modified_gmt":"2026-02-02T23:21:44","slug":"ne-ders-olsa-veririz-akademisyenin-vasifsiz-isciye-donusumu","status":"publish","type":"product","link":"https:\/\/roveyayinevi.com.tr\/index.php\/urun\/ne-ders-olsa-veririz-akademisyenin-vasifsiz-isciye-donusumu\/","title":{"rendered":"Ne Ders Olsa Veririz: Akademisyenin Vas\u0131fs\u0131z \u0130\u015f\u00e7iye D\u00f6n\u00fc\u015f\u00fcm\u00fc"},"content":{"rendered":"<p>\u201cEn az 16 saat ders y\u00fck\u00fc, kart basma, projeler, dan\u0131\u015fmanl\u0131klar&#8230; Burada hem sekreterlik yap\u0131yoruz, hem memurluk yap\u0131yoruz&#8230; Hem de bir kolej \u00f6\u011fretmeni gibi olabildi\u011fince \u00e7ok derse giriyoruz. Ara\u015ft\u0131rmaya zaman kalm\u0131yor. (&#8230;) Yarat\u0131c\u0131 projelerime maddi manevi destek alam\u0131yorum.\u201d \u201c\u00dcmit ediyorum do\u00e7entlikten sonra biraz rahatlayaca\u011f\u0131m. Al\u0131\u015ft\u0131m yani bu \u015fartlara. (&#8230;) Depresyona girecek kadar de\u011fil&#8230; Birka\u00e7 saat, bir g\u00fcn s\u00fcr\u00fcyor belki. \u00d6yle beni fiziksel olarak hasta edecek, bunaltacak, moralimi bozacak, a\u011flatacak boyutlara ula\u015fm\u0131yor, ama&#8230; hani okuyoruz duyuyoruz ya oraya gelebilir diye o y\u00fczden s\u00f6yledim.\u201d Akademisyenlik, \u201cs\u00f6zde\u201d sayg\u0131n bir meslek; akademisyenli\u011fe ad\u0131m atanlar, hem bu sayg\u0131nl\u0131\u011f\u0131n, hem de kendi entelekt\u00fcel ilgilerinin pe\u015finden gidiyorlar. \u201cG\u00f6n\u00fcll\u00fc bir \u00e7ilecilik ve adanm\u0131\u015fl\u0131kla\u201d giriyorlar bu yola. Ancak akademik \u201ci\u015f\u201dte, a\u011f\u0131r bir emek s\u00f6m\u00fcr\u00fcs\u00fc ve g\u00fcvencesizlik var. \u00c7al\u0131\u015fanlar\u0131 manen de kemiren, hi\u00e7le\u015fme duygusuna gark eden bir emek s\u00fcreci var. Asl\u0131 Vatansever ve Meral Gezici Yal\u00e7\u0131n, \u201cs\u00f6zde\u201d vak\u0131f \u00fcniversitelerinde doru\u011fa varan bu prekarizasyon s\u00fcrecini inceliyorlar. Ayr\u0131nt\u0131l\u0131 tasvirlerle, kapsaml\u0131 g\u00f6r\u00fc\u015fmelere dayanarak ve analitik bir bak\u0131\u015fla&#8230; Al\u0131\u015fma, umursamama, kabullenme mekanizmalar\u0131n\u0131, s\u0131n\u0131f bilincinin ve \u00f6rg\u00fctlenmenin \u00f6n\u00fcndeki engelleri de mercek alt\u0131na alarak&#8230;\u201d <\/p>\n","protected":false},"excerpt":{"rendered":"<p>\u201cEn az 16 saat ders y\u00fck\u00fc, kart basma, projeler, dan\u0131\u015fmanl\u0131klar&#8230; Burada hem sekreterlik yap\u0131yoruz, hem memurluk yap\u0131yoruz&#8230; Hem de bir kolej \u00f6\u011fretmeni gibi olabildi\u011fince \u00e7ok derse<span class=\"excerpt-hellip\"> [\u2026]<\/span><\/p>\n","protected":false},"featured_media":0,"template":"","meta":{"_monsterinsights_skip_tracking":false,"_monsterinsights_sitenote_active":false,"_monsterinsights_sitenote_note":"","_monsterinsights_sitenote_category":0},"product_brand":[],"product_cat":[12312,12304],"product_tag":[],"class_list":{"0":"post-703720","1":"product","2":"type-product","3":"status-publish","5":"product_cat-diger","6":"product_cat-tarih","7":"pa_cilt-ciltsiz","8":"pa_tur-kitap","9":"pa_yayinevi-iletisim-yayinlari","10":"pa_yazar-asli-vatansever","11":"pa_yazar-meral-gezici-yalcin","13":"first","14":"instock","15":"sale","16":"shipping-taxable","17":"purchasable","18":"product-type-simple"},"_links":{"self":[{"href":"https:\/\/roveyayinevi.com.tr\/index.php\/wp-json\/wp\/v2\/product\/703720","targetHints":{"allow":["GET"]}}],"collection":[{"href":"https:\/\/roveyayinevi.com.tr\/index.php\/wp-json\/wp\/v2\/product"}],"about":[{"href":"https:\/\/roveyayinevi.com.tr\/index.php\/wp-json\/wp\/v2\/types\/product"}],"wp:attachment":[{"href":"https:\/\/roveyayinevi.com.tr\/index.php\/wp-json\/wp\/v2\/media?parent=703720"}],"wp:term":[{"taxonomy":"product_brand","embeddable":true,"href":"https:\/\/roveyayinevi.com.tr\/index.php\/wp-json\/wp\/v2\/product_brand?post=703720"},{"taxonomy":"product_cat","embeddable":true,"href":"https:\/\/roveyayinevi.com.tr\/index.php\/wp-json\/wp\/v2\/product_cat?post=703720"},{"taxonomy":"product_tag","embeddable":true,"href":"https:\/\/roveyayinevi.com.tr\/index.php\/wp-json\/wp\/v2\/product_tag?post=703720"}],"curies":[{"name":"wp","href":"https:\/\/api.w.org\/{rel}","templated":true}]}}