{"id":703715,"date":"2025-08-27T15:28:43","date_gmt":"2025-08-27T12:28:43","guid":{"rendered":"https:\/\/roveyayinevi.com.tr\/index.php\/urun\/0-1-basla\/"},"modified":"2026-04-16T02:12:58","modified_gmt":"2026-04-15T23:12:58","slug":"0-1-basla","status":"publish","type":"product","link":"https:\/\/roveyayinevi.com.tr\/index.php\/urun\/0-1-basla\/","title":{"rendered":"0-1- Ba\u015fla!"},"content":{"rendered":"<p>Do\u011fum \u00f6ncesi ve sonras\u0131 bebe\u011finizle ilgili bilmeniz gereken her \u015fey\u201c\u015eimdi Ben Ne Yapaca\u011f\u0131m?\u201dHeyecanl\u0131 bir bekleyi\u015fin ard\u0131ndan do\u011fum ger\u00e7ekle\u015fir ve uzun bir yolculu\u011fun start\u0131 verilmi\u015f olur. Yolculu\u011fun ba\u015flamas\u0131yla her an- nenin akl\u0131na ilk gelen, \u201c\u015eimdi ben ne yapaca\u011f\u0131m!\u201d sorusudur. Do\u011fumdan sonraki ilk y\u0131l, annelerin bebekleriyle en zor ge\u00e7irdi\u011fi d\u00f6nemdir. \u00c7\u00fcnk\u00fc tek ba\u015f\u0131na korunamayacak ve beslenemeyecek kadar muhta\u00e7 olan bebek daimi bak\u0131m talep eder.0-1- Ba\u015fla!, \u00e7ocuklar\u0131n ilk y\u0131llar\u0131nda anne babalara pek \u00e7ok konuda yol g\u00f6sterecek \u015fekilde haz\u0131rland\u0131: Hamilelikte ve sonras\u0131nda anne Hafta hafta, ay ay bebek bak\u0131m\u0131 Hastal\u0131klar, a\u015f\u0131lar ve a\u015f\u0131 t\u00fcrleri Beslenme, anne s\u00fct\u00fcn\u00fcn \u00f6nemi, ek ve kat\u0131 g\u0131dalara ge\u00e7i\u015f Zehirlenmeler, kazalar, ilkyard\u0131m, g\u00fcvenlik\u2026Bir k\u0131lavuz anlay\u0131\u015f\u0131yla yaz\u0131lan 0-1-Ba\u015fla!, g\u00fcn\u00fcm\u00fcz\u00fcn yo\u011fun ya\u015fam temposunu da dikkate alarak, anne-babalar\u0131n ihtiya\u00e7 duyduklar\u0131 bilgilere kolayca ula\u015fmas\u0131n\u0131 sa\u011flayacak \u015fekilde d\u00fczenlendi. Bu bilgiler, yazarlar\u0131n meslek hayatlar\u0131 boyunca kar\u015f\u0131la\u015f- t\u0131klar\u0131 baz\u0131 \u00f6nemli sorular ile cevaplar\u0131n\u0131 i\u00e7eren b\u00f6l\u00fcmlerle de desteklendi.Bu kitab\u0131n, hem yeni annelerin \u00f6zg\u00fcvenlerinin artmas\u0131na yard\u0131mc\u0131 olaca\u011f\u0131n\u0131 hem de daha sa\u011fl\u0131kl\u0131 \u00e7ocuklar yeti\u015ftirilmesine katk\u0131da bulunaca\u011f\u0131n\u0131 umuyoruz.- Dr. \u015eirin Se\u00e7kin \u00c7ocuk Sa\u011fl\u0131\u011f\u0131 ve Hastal\u0131klar\u0131 Uzman\u01311990\u2019da Londra Northmiddle Sex Hospital\u2019de, 1993\u2019te Childrens Hospital of Los Angeles\u2019ta (U.C.L.A), 1996\u2019da Boston\u2019da Harvard Community Health Plan ve New York\u2019ta Kings County Childrens Medical Center of Brooklyn\u2019de \u00e7al\u0131\u015ft\u0131. \u00c7al\u0131\u015fmalar\u0131n\u0131 halen serbest hekim olarak \u0130stanbul\u2019da s\u00fcrd\u00fcrmektedir.<\/p>\n","protected":false},"excerpt":{"rendered":"<p>Do\u011fum \u00f6ncesi ve sonras\u0131 bebe\u011finizle ilgili bilmeniz gereken her \u015fey\u201c\u015eimdi Ben Ne Yapaca\u011f\u0131m?\u201dHeyecanl\u0131 bir bekleyi\u015fin ard\u0131ndan do\u011fum ger\u00e7ekle\u015fir ve uzun bir yolculu\u011fun start\u0131 verilmi\u015f olur. Yolculu\u011fun<span class=\"excerpt-hellip\"> [\u2026]<\/span><\/p>\n","protected":false},"featured_media":0,"template":"","meta":{"_monsterinsights_skip_tracking":false,"_monsterinsights_sitenote_active":false,"_monsterinsights_sitenote_note":"","_monsterinsights_sitenote_category":0},"product_brand":[],"product_cat":[14902,13365],"product_tag":[],"class_list":{"0":"post-703715","1":"product","2":"type-product","3":"status-publish","5":"product_cat-annelik-ve-cocuk-bakimi","6":"product_cat-saglik","7":"pa_cilt-ciltsiz","8":"pa_tur-kitap","9":"pa_yayinevi-remzi-kitabevi","10":"pa_yazar-sirin-seckin","12":"first","13":"instock","14":"sale","15":"shipping-taxable","16":"purchasable","17":"product-type-simple"},"_links":{"self":[{"href":"https:\/\/roveyayinevi.com.tr\/index.php\/wp-json\/wp\/v2\/product\/703715","targetHints":{"allow":["GET"]}}],"collection":[{"href":"https:\/\/roveyayinevi.com.tr\/index.php\/wp-json\/wp\/v2\/product"}],"about":[{"href":"https:\/\/roveyayinevi.com.tr\/index.php\/wp-json\/wp\/v2\/types\/product"}],"wp:attachment":[{"href":"https:\/\/roveyayinevi.com.tr\/index.php\/wp-json\/wp\/v2\/media?parent=703715"}],"wp:term":[{"taxonomy":"product_brand","embeddable":true,"href":"https:\/\/roveyayinevi.com.tr\/index.php\/wp-json\/wp\/v2\/product_brand?post=703715"},{"taxonomy":"product_cat","embeddable":true,"href":"https:\/\/roveyayinevi.com.tr\/index.php\/wp-json\/wp\/v2\/product_cat?post=703715"},{"taxonomy":"product_tag","embeddable":true,"href":"https:\/\/roveyayinevi.com.tr\/index.php\/wp-json\/wp\/v2\/product_tag?post=703715"}],"curies":[{"name":"wp","href":"https:\/\/api.w.org\/{rel}","templated":true}]}}