{"id":703714,"date":"2025-08-27T15:28:43","date_gmt":"2025-08-27T12:28:43","guid":{"rendered":"https:\/\/roveyayinevi.com.tr\/index.php\/urun\/notre-damein-kamburu-6\/"},"modified":"2026-04-16T02:12:58","modified_gmt":"2026-04-15T23:12:58","slug":"notre-damein-kamburu-6","status":"publish","type":"product","link":"https:\/\/roveyayinevi.com.tr\/index.php\/urun\/notre-damein-kamburu-6\/","title":{"rendered":"Notre-Dame&#8217;\u0131n Kamburu"},"content":{"rendered":"<p>G\u00fczellikle \u00e7irkinli\u011fin, iyilikle k\u00f6t\u00fcl\u00fc\u011f\u00fcn, merhametle, zulm\u00fcn, safl\u0131kla tutkunun yollar\u0131 kesi\u015fiyor.Notre-Dame Kilisesi&#8217;nin kap\u0131s\u0131na b\u0131rak\u0131lan kimsesiz bebe\u011fi himayesine alan Papaz Frollo, bebe\u011fe Quasimodo ad\u0131n\u0131 verir ve onu b\u00fcy\u00fct\u00fcr.K\u00fc\u00e7\u00fck bir \u00e7ocukken \u00c7ingeneler taraf\u0131ndan ka\u00e7\u0131r\u0131lan Esmeralda ise g\u00fczelli\u011fiyle \u00e7evresindekileri b\u00fcy\u00fclemekte ve herkesin g\u00f6z\u00fcn\u00fc kama\u015ft\u0131rmaktad\u0131r. Quasimodo Esmeralday\u0131 g\u00f6r\u00fcr g\u00f6rmez a\u015f\u0131k olur ve onu ka\u00e7\u0131rmaya \u00e7al\u0131\u015f\u0131r. Ne yaz\u0131k ki Esmeralda&#8217;n\u0131n g\u00f6nl\u00fc s\u0131rt\u0131ndaki kamburla alay konusu olan Quasimodo&#8217;da de\u011fil, onu Quasimodo&#8217;nun elinden kurtaran Y\u00fczba\u015f\u0131 Poebus&#8217;tad\u0131r. B\u00fct\u00fcn bunlar yetmezmi\u015f gibi, t\u00fcm yasaklara ve kurallara ra\u011fmen Papaz Frolo&#8217;da Esmeralda&#8217;ya tutkundur. \u0130\u015fte bu engellenemeyen tutku y\u00fcz\u00fcnden Esmeralda&#8217;\u0131n ba\u015f\u0131na gelmeyen kalmayacak; bu \u00fc\u00e7 farkl\u0131 a\u015fk\u0131n merkezinde yer alan gen\u00e7 k\u0131z, i\u015flemedi\u011fi bir su\u00e7la itham edilip t\u00fcrl\u00fc zorluklarla y\u00fczle\u015fmeye mecbur kalacakt\u0131r.Victor Hugo&#8217;nun (1802-1885), Paris&#8217;in yoksullu\u011fun h\u00fck\u00fcm s\u00fcrd\u00fc\u011f\u00fc karanl\u0131k sokaklar\u0131nda ge\u00e7en bu eseri D\u00fcnya Edebiyat\u0131n\u0131n ba\u015fyap\u0131tlar\u0131 aras\u0131nda \u00f6nemli bir yer edinmi\u015ftir. Beyaz perdeye aktar\u0131lan, m\u00fczikal olarak sahneye konulan ve pek \u00e7ok dile terc\u00fcme edilen bu \u00fcnl\u00fc klasi\u011fi ilgiyle okuyacaks\u0131n\u0131z.<\/p>\n","protected":false},"excerpt":{"rendered":"<p>G\u00fczellikle \u00e7irkinli\u011fin, iyilikle k\u00f6t\u00fcl\u00fc\u011f\u00fcn, merhametle, zulm\u00fcn, safl\u0131kla tutkunun yollar\u0131 kesi\u015fiyor.Notre-Dame Kilisesi&#8217;nin kap\u0131s\u0131na b\u0131rak\u0131lan kimsesiz bebe\u011fi himayesine alan Papaz Frollo, bebe\u011fe Quasimodo ad\u0131n\u0131 verir ve onu b\u00fcy\u00fct\u00fcr.K\u00fc\u00e7\u00fck<span class=\"excerpt-hellip\"> [\u2026]<\/span><\/p>\n","protected":false},"featured_media":0,"template":"","meta":{"_monsterinsights_skip_tracking":false,"_monsterinsights_sitenote_active":false,"_monsterinsights_sitenote_note":"","_monsterinsights_sitenote_category":0},"product_brand":[],"product_cat":[12291,13376],"product_tag":[],"class_list":{"0":"post-703714","1":"product","2":"type-product","3":"status-publish","5":"product_cat-edebiyat","6":"product_cat-fransiz-edebiyati","7":"pa_cilt-ciltsiz","8":"pa_tur-kitap","9":"pa_yayinevi-arkadas-yayinlari","10":"pa_yazar-victor-hugo","12":"first","13":"instock","14":"sale","15":"shipping-taxable","16":"purchasable","17":"product-type-simple"},"_links":{"self":[{"href":"https:\/\/roveyayinevi.com.tr\/index.php\/wp-json\/wp\/v2\/product\/703714","targetHints":{"allow":["GET"]}}],"collection":[{"href":"https:\/\/roveyayinevi.com.tr\/index.php\/wp-json\/wp\/v2\/product"}],"about":[{"href":"https:\/\/roveyayinevi.com.tr\/index.php\/wp-json\/wp\/v2\/types\/product"}],"wp:attachment":[{"href":"https:\/\/roveyayinevi.com.tr\/index.php\/wp-json\/wp\/v2\/media?parent=703714"}],"wp:term":[{"taxonomy":"product_brand","embeddable":true,"href":"https:\/\/roveyayinevi.com.tr\/index.php\/wp-json\/wp\/v2\/product_brand?post=703714"},{"taxonomy":"product_cat","embeddable":true,"href":"https:\/\/roveyayinevi.com.tr\/index.php\/wp-json\/wp\/v2\/product_cat?post=703714"},{"taxonomy":"product_tag","embeddable":true,"href":"https:\/\/roveyayinevi.com.tr\/index.php\/wp-json\/wp\/v2\/product_tag?post=703714"}],"curies":[{"name":"wp","href":"https:\/\/api.w.org\/{rel}","templated":true}]}}