{"id":703713,"date":"2025-08-27T15:28:42","date_gmt":"2025-08-27T12:28:42","guid":{"rendered":"https:\/\/roveyayinevi.com.tr\/index.php\/urun\/kotu-kizlar-olmez\/"},"modified":"2026-04-16T02:12:58","modified_gmt":"2026-04-15T23:12:58","slug":"kotu-kizlar-olmez","status":"publish","type":"product","link":"https:\/\/roveyayinevi.com.tr\/index.php\/urun\/kotu-kizlar-olmez\/","title":{"rendered":"K\u00f6t\u00fc K\u0131zlar \u00d6lmez"},"content":{"rendered":"<p>Alexis sorunlu lise y\u0131llar\u0131 ge\u00e7iren tipik bir \u00f6\u011frenci oldu\u011funu d\u00fc\u015f\u00fcn\u00fcyordu. Problemli evlilikleriyle u\u011fra\u015fan bir aile, oyuncak bebeklerine kafas\u0131n\u0131 takm\u0131\u015f on iki ya\u015f\u0131nda bir k\u0131z karde\u015f ve kendisinin anti-sosyal, anti-ponpon k\u0131z tutumu\u2026 \ufffcTan\u0131t\u0131m Metni<\/p>\n","protected":false},"excerpt":{"rendered":"<p>Alexis sorunlu lise y\u0131llar\u0131 ge\u00e7iren tipik bir \u00f6\u011frenci oldu\u011funu d\u00fc\u015f\u00fcn\u00fcyordu. Problemli evlilikleriyle u\u011fra\u015fan bir aile, oyuncak bebeklerine kafas\u0131n\u0131 takm\u0131\u015f on iki ya\u015f\u0131nda bir k\u0131z karde\u015f ve<span class=\"excerpt-hellip\"> [\u2026]<\/span><\/p>\n","protected":false},"featured_media":0,"template":"","meta":{"_monsterinsights_skip_tracking":false,"_monsterinsights_sitenote_active":false,"_monsterinsights_sitenote_note":"","_monsterinsights_sitenote_category":0},"product_brand":[],"product_cat":[12291,12711],"product_tag":[],"class_list":{"0":"post-703713","1":"product","2":"type-product","3":"status-publish","5":"product_cat-edebiyat","6":"product_cat-roman-oyku","7":"pa_cilt-ciltli","8":"pa_tur-kitap","9":"pa_yayinevi-yabanci-yayinevi","10":"pa_yazar-katie-alender","12":"first","13":"instock","14":"sale","15":"shipping-taxable","16":"purchasable","17":"product-type-simple"},"_links":{"self":[{"href":"https:\/\/roveyayinevi.com.tr\/index.php\/wp-json\/wp\/v2\/product\/703713","targetHints":{"allow":["GET"]}}],"collection":[{"href":"https:\/\/roveyayinevi.com.tr\/index.php\/wp-json\/wp\/v2\/product"}],"about":[{"href":"https:\/\/roveyayinevi.com.tr\/index.php\/wp-json\/wp\/v2\/types\/product"}],"wp:attachment":[{"href":"https:\/\/roveyayinevi.com.tr\/index.php\/wp-json\/wp\/v2\/media?parent=703713"}],"wp:term":[{"taxonomy":"product_brand","embeddable":true,"href":"https:\/\/roveyayinevi.com.tr\/index.php\/wp-json\/wp\/v2\/product_brand?post=703713"},{"taxonomy":"product_cat","embeddable":true,"href":"https:\/\/roveyayinevi.com.tr\/index.php\/wp-json\/wp\/v2\/product_cat?post=703713"},{"taxonomy":"product_tag","embeddable":true,"href":"https:\/\/roveyayinevi.com.tr\/index.php\/wp-json\/wp\/v2\/product_tag?post=703713"}],"curies":[{"name":"wp","href":"https:\/\/api.w.org\/{rel}","templated":true}]}}