{"id":703712,"date":"2025-08-27T15:28:42","date_gmt":"2025-08-27T12:28:42","guid":{"rendered":"https:\/\/roveyayinevi.com.tr\/index.php\/urun\/sabahin-ilk-isiklari\/"},"modified":"2026-04-16T02:12:58","modified_gmt":"2026-04-15T23:12:58","slug":"sabahin-ilk-isiklari","status":"publish","type":"product","link":"https:\/\/roveyayinevi.com.tr\/index.php\/urun\/sabahin-ilk-isiklari\/","title":{"rendered":"Sabah\u0131n \u0130lk I\u015f\u0131klar\u0131"},"content":{"rendered":"<p>\u201cBiz birlikte ya\u015fam\u0131yoruz, sadece zaman \u00f6ld\u00fcr\u00fcyoruz. \u0130ki mutsuz insan\u0131n bir araya gelerek bir mutluluk yaratabilece\u011fini d\u00fc\u015f\u00fcnecek kadar aptal\u0131z.\u201dElena hayat\u0131ndan hi\u00e7 memnun de\u011fildir. Tutku ve heyecandan yoksun evlili\u011fi ona y\u00fck olmaktad\u0131r ve kocas\u0131n\u0131 erkek karde\u015fi gibi g\u00f6rmeye ba\u015flam\u0131\u015ft\u0131r. Gidece\u011fi okula, evlenece\u011fi erke\u011fe, hatta evlenince alaca\u011f\u0131 koltu\u011fun rengine kadar hayattaki her ad\u0131m\u0131na \u00f6nceden karar vermi\u015ftir. Ger\u00e7ek bir kad\u0131n olamadan kocas\u0131 Paolo\u2019nun kar\u0131s\u0131 olmu\u015ftur, ta ki hayat\u0131nda bir \u00e7atlak olu\u015fana dek\u2026 S\u0131radan hayat\u0131na d\u0131\u015far\u0131dan bakma arzusu onu baz\u0131 \u015feyleri sorgulamaya iter ve Elena ya\u015faman\u0131n ba\u015fka yollar\u0131n\u0131n da oldu\u011funu fark eder. Belki daha iyisini hak ediyordur. Belki mutlu olmak onun da hakk\u0131d\u0131r. Yanl\u0131\u015f da olsa tek yapmas\u0131 gereken denemek, o e\u015fikten ge\u00e7mektir. \u201cY\u0131llarca hayat\u0131m\u0131n de\u011fi\u015fmesini bekledim, oysa \u015fimdi asl\u0131nda onun benim de\u011fi\u015fmemi bekledi\u011fini biliyorum.\u201dAldatmacalara ve laf\u0131 doland\u0131rmaya ihtiya\u00e7 duymadan duygulara hitap edebilen, insan\u0131 en ger\u00e7ek hisleriyle y\u00fczle\u015ftirebilen samimi ve \u00e7arp\u0131c\u0131 bir hik\u00e2ye\u2026\u201cOturup \u00f6ylece bekledi\u011fimiz zaman hi\u00e7bir \u015fey olmayaca\u011f\u0131n\u0131, hayat\u0131m\u0131z\u0131 de\u011fi\u015ftirmenin bizim elimizde oldu\u011funu hat\u0131rlatan bir kitap.\u201d- Alcalordeloslibros.blogspot.com\u201cFabio Volo kad\u0131n do\u011fas\u0131ndan, \u00f6zlemlerimizden ve en gizli arzular\u0131m\u0131zdan ne kadar iyi anlad\u0131\u011f\u0131n\u0131 kan\u0131tlam\u0131\u015f. A\u00e7\u0131k\u00e7as\u0131 yazar\u0131n kar\u015f\u0131s\u0131nda \u015fapka \u00e7\u0131kar\u0131yorum. Elena\u2019n\u0131n akl\u0131n\u0131 ve kalbini son derece ba\u015far\u0131l\u0131 bir \u015fekilde yaz\u0131ya d\u00f6km\u00fc\u015f.\u201d- Es.paperblog.com\u201cEn sevdi\u011fim yazarlardan biri olan Fabio Volo\u2019nun son kitab\u0131\u2026 Kad\u0131nlar\u0131n ve baz\u0131 erkeklerin nas\u0131l hissetti\u011fini, \u00e2\u015f\u0131k oldu\u011funu ve ac\u0131 \u00e7ekti\u011fini bilen ba\u015far\u0131l\u0131 bir yazar.<\/p>\n","protected":false},"excerpt":{"rendered":"<p>\u201cBiz birlikte ya\u015fam\u0131yoruz, sadece zaman \u00f6ld\u00fcr\u00fcyoruz. \u0130ki mutsuz insan\u0131n bir araya gelerek bir mutluluk yaratabilece\u011fini d\u00fc\u015f\u00fcnecek kadar aptal\u0131z.\u201dElena hayat\u0131ndan hi\u00e7 memnun de\u011fildir. Tutku ve heyecandan yoksun<span class=\"excerpt-hellip\"> [\u2026]<\/span><\/p>\n","protected":false},"featured_media":0,"template":"","meta":{"_monsterinsights_skip_tracking":false,"_monsterinsights_sitenote_active":false,"_monsterinsights_sitenote_note":"","_monsterinsights_sitenote_category":0},"product_brand":[],"product_cat":[12364],"product_tag":[],"class_list":{"0":"post-703712","1":"product","2":"type-product","3":"status-publish","5":"product_cat-genel-konular","6":"pa_cilt-ciltsiz","7":"pa_tur-kitap","8":"pa_yayinevi-pegasus-yayinlari","9":"pa_yazar-fabio-volo","11":"first","12":"instock","13":"sale","14":"shipping-taxable","15":"purchasable","16":"product-type-simple"},"_links":{"self":[{"href":"https:\/\/roveyayinevi.com.tr\/index.php\/wp-json\/wp\/v2\/product\/703712","targetHints":{"allow":["GET"]}}],"collection":[{"href":"https:\/\/roveyayinevi.com.tr\/index.php\/wp-json\/wp\/v2\/product"}],"about":[{"href":"https:\/\/roveyayinevi.com.tr\/index.php\/wp-json\/wp\/v2\/types\/product"}],"wp:attachment":[{"href":"https:\/\/roveyayinevi.com.tr\/index.php\/wp-json\/wp\/v2\/media?parent=703712"}],"wp:term":[{"taxonomy":"product_brand","embeddable":true,"href":"https:\/\/roveyayinevi.com.tr\/index.php\/wp-json\/wp\/v2\/product_brand?post=703712"},{"taxonomy":"product_cat","embeddable":true,"href":"https:\/\/roveyayinevi.com.tr\/index.php\/wp-json\/wp\/v2\/product_cat?post=703712"},{"taxonomy":"product_tag","embeddable":true,"href":"https:\/\/roveyayinevi.com.tr\/index.php\/wp-json\/wp\/v2\/product_tag?post=703712"}],"curies":[{"name":"wp","href":"https:\/\/api.w.org\/{rel}","templated":true}]}}