{"id":703711,"date":"2025-08-27T15:28:41","date_gmt":"2025-08-27T12:28:41","guid":{"rendered":"https:\/\/roveyayinevi.com.tr\/index.php\/urun\/ekolojik-guzelligin-kitabi\/"},"modified":"2026-04-16T02:12:58","modified_gmt":"2026-04-15T23:12:58","slug":"ekolojik-guzelligin-kitabi","status":"publish","type":"product","link":"https:\/\/roveyayinevi.com.tr\/index.php\/urun\/ekolojik-guzelligin-kitabi\/","title":{"rendered":"Ekolojik G\u00fczelli\u011fin Kitab\u0131"},"content":{"rendered":"<p>G\u00fczelle\u015fmek isteyen kad\u0131nlar mutfa\u011fa! \u0130htiyac\u0131n\u0131z olan b\u00fct\u00fcn malzeme buzdolab\u0131n\u0131zda, raflar\u0131n\u0131zda\u2026 As\u0131rlard\u0131r kullan\u0131lan en etkili g\u00fczellik form\u00fclleri ve bak\u0131m \u00fcr\u00fcnleri Erkan \u015eamc\u0131\u2019n\u0131n kitab\u0131nda. Evde uygulamas\u0131 kolay tariflerle cildinize zarar vermeden bak\u0131m yapman\u0131n mutlulu\u011funu ya\u015fay\u0131n! Kimyasallar\u0131 cildinizden uzakla\u015ft\u0131r\u0131n.\u0130\u00e7inde bolca maydanoz, limon, yo\u011furt, patates, s\u00fct, yulaf ezmesi, krema, zeytinya\u011f\u0131 olan bir kitaptan bahsediyoruz. Yemek kitab\u0131 dersiniz de\u011fil mi? Hi\u00e7 ilgisi alakas\u0131 yok. G\u00fczellik re\u00e7eteleri veren bir kitap bu.Burnumuzun ucunda duran mutfak malzemeleri biraz onunla, biraz bununla kar\u0131\u015ft\u0131r\u0131l\u0131nca, belli bir \u015fekilde uygulan\u0131nca d\u00fcnyan\u0131n en etkili bak\u0131m \u00fcr\u00fcnlerine d\u00f6n\u00fc\u015febiliyor.Kitapta verilen tariflerde hi\u00e7bir kar\u0131\u015f\u0131kl\u0131k yok, son derece basit. Bir \u00f6rnek: \u201cKarpuzun suyunu \u00e7\u0131kar, pe\u00e7eteyle y\u00fcz\u00fcne s\u00fcr. Yaz aylar\u0131nda y\u00fcz\u00fcn\u00fc nemlendirsin.\u201d Yaz\u0131lanlar\u0131 ev ko\u015fullar\u0131nda, evdeki ara\u00e7 gere\u00e7le uygulamas\u0131 kolay. Zaten elinizin alt\u0131nda olan malzemelere belki aktardan alaca\u011f\u0131n\u0131z bir iki bitkiyi veya ya\u011f\u0131 ilave edeceksiniz.Kitap g\u00fczelli\u011fin i\u00e7ten geldi\u011fini vurgulayarak hayat bi\u00e7imimizden, uyku d\u00fczenimizden, hatta kumsalda y\u00fcr\u00fcy\u00fc\u015f yapmam\u0131zdan bile bahsediyor. Mutlulukla g\u00fczelli\u011fin genelde kol kola y\u00fcr\u00fcd\u00fc\u011f\u00fcn\u00fc hat\u0131rlat\u0131yor. Tepeden t\u0131rna\u011fa bak\u0131ml\u0131 ve g\u00fczel olmak i\u00e7in masum malzemelerle bir\u00e7ok tarif payla\u015f\u0131yor. <\/p>\n","protected":false},"excerpt":{"rendered":"<p>G\u00fczelle\u015fmek isteyen kad\u0131nlar mutfa\u011fa! \u0130htiyac\u0131n\u0131z olan b\u00fct\u00fcn malzeme buzdolab\u0131n\u0131zda, raflar\u0131n\u0131zda\u2026 As\u0131rlard\u0131r kullan\u0131lan en etkili g\u00fczellik form\u00fclleri ve bak\u0131m \u00fcr\u00fcnleri Erkan \u015eamc\u0131\u2019n\u0131n kitab\u0131nda. Evde uygulamas\u0131 kolay tariflerle<span class=\"excerpt-hellip\"> [\u2026]<\/span><\/p>\n","protected":false},"featured_media":0,"template":"","meta":{"_monsterinsights_skip_tracking":false,"_monsterinsights_sitenote_active":false,"_monsterinsights_sitenote_note":"","_monsterinsights_sitenote_category":0},"product_brand":[],"product_cat":[38801,12357],"product_tag":[],"class_list":{"0":"post-703711","1":"product","2":"type-product","3":"status-publish","5":"product_cat-ekoller-ve-yaklasimlar","6":"product_cat-psikoloji","7":"pa_cilt-ciltsiz","8":"pa_tur-kitap","9":"pa_yayinevi-hayykitap","10":"pa_yazar-erkan-samci","12":"first","13":"instock","14":"sale","15":"shipping-taxable","16":"purchasable","17":"product-type-simple"},"_links":{"self":[{"href":"https:\/\/roveyayinevi.com.tr\/index.php\/wp-json\/wp\/v2\/product\/703711","targetHints":{"allow":["GET"]}}],"collection":[{"href":"https:\/\/roveyayinevi.com.tr\/index.php\/wp-json\/wp\/v2\/product"}],"about":[{"href":"https:\/\/roveyayinevi.com.tr\/index.php\/wp-json\/wp\/v2\/types\/product"}],"wp:attachment":[{"href":"https:\/\/roveyayinevi.com.tr\/index.php\/wp-json\/wp\/v2\/media?parent=703711"}],"wp:term":[{"taxonomy":"product_brand","embeddable":true,"href":"https:\/\/roveyayinevi.com.tr\/index.php\/wp-json\/wp\/v2\/product_brand?post=703711"},{"taxonomy":"product_cat","embeddable":true,"href":"https:\/\/roveyayinevi.com.tr\/index.php\/wp-json\/wp\/v2\/product_cat?post=703711"},{"taxonomy":"product_tag","embeddable":true,"href":"https:\/\/roveyayinevi.com.tr\/index.php\/wp-json\/wp\/v2\/product_tag?post=703711"}],"curies":[{"name":"wp","href":"https:\/\/api.w.org\/{rel}","templated":true}]}}