{"id":703710,"date":"2025-08-27T15:28:41","date_gmt":"2025-08-27T12:28:41","guid":{"rendered":"https:\/\/roveyayinevi.com.tr\/index.php\/urun\/ustalar-icin-kare-bulmacalar\/"},"modified":"2026-04-16T02:12:58","modified_gmt":"2026-04-15T23:12:58","slug":"ustalar-icin-kare-bulmacalar","status":"publish","type":"product","link":"https:\/\/roveyayinevi.com.tr\/index.php\/urun\/ustalar-icin-kare-bulmacalar\/","title":{"rendered":"Ustalar \u0130\u00e7in Kare Bulmacalar"},"content":{"rendered":"<p>\u201cUstalar \u0130\u00e7in Kare Bulmacalar, Sanat, Edebiyat ve Sosyal Bilim\u201d ad\u0131yla sundu\u011fumuz bu bulmacalar m\u00fczik, resim, heykel, edebiyat, dilbilim, arkeoloji, mitoloji, tarih, halkbilim, psikoloji, tiyatro, sinema, televizyon vb. bir\u00e7ok alan\u0131n terimlerinin yan\u0131s\u0131ra, halk bilmeceleri, deyimler ve atas\u00f6zleri, \u00f6zl\u00fc s\u00f6zler, se\u00e7kin m\u0131sra ve beyitlerle, yazarlar, sanat\u00e7\u0131lar ve eserleri kapsamaktad\u0131r. \ufffcTan\u0131t\u0131m Metni<\/p>\n","protected":false},"excerpt":{"rendered":"<p>\u201cUstalar \u0130\u00e7in Kare Bulmacalar, Sanat, Edebiyat ve Sosyal Bilim\u201d ad\u0131yla sundu\u011fumuz bu bulmacalar m\u00fczik, resim, heykel, edebiyat, dilbilim, arkeoloji, mitoloji, tarih, halkbilim, psikoloji, tiyatro, sinema, televizyon<span class=\"excerpt-hellip\"> [\u2026]<\/span><\/p>\n","protected":false},"featured_media":0,"template":"","meta":{"_monsterinsights_skip_tracking":false,"_monsterinsights_sitenote_active":false,"_monsterinsights_sitenote_note":"","_monsterinsights_sitenote_category":0},"product_brand":[],"product_cat":[16943,15563],"product_tag":[],"class_list":{"0":"post-703710","1":"product","2":"type-product","3":"status-publish","5":"product_cat-bilmeceler-bulmacalar","6":"product_cat-hobi","7":"pa_tur-kitap","8":"pa_yayinevi-efil-yayinevi","9":"pa_yazar-cagatay-guler","11":"first","12":"instock","13":"sale","14":"shipping-taxable","15":"purchasable","16":"product-type-simple"},"_links":{"self":[{"href":"https:\/\/roveyayinevi.com.tr\/index.php\/wp-json\/wp\/v2\/product\/703710","targetHints":{"allow":["GET"]}}],"collection":[{"href":"https:\/\/roveyayinevi.com.tr\/index.php\/wp-json\/wp\/v2\/product"}],"about":[{"href":"https:\/\/roveyayinevi.com.tr\/index.php\/wp-json\/wp\/v2\/types\/product"}],"wp:attachment":[{"href":"https:\/\/roveyayinevi.com.tr\/index.php\/wp-json\/wp\/v2\/media?parent=703710"}],"wp:term":[{"taxonomy":"product_brand","embeddable":true,"href":"https:\/\/roveyayinevi.com.tr\/index.php\/wp-json\/wp\/v2\/product_brand?post=703710"},{"taxonomy":"product_cat","embeddable":true,"href":"https:\/\/roveyayinevi.com.tr\/index.php\/wp-json\/wp\/v2\/product_cat?post=703710"},{"taxonomy":"product_tag","embeddable":true,"href":"https:\/\/roveyayinevi.com.tr\/index.php\/wp-json\/wp\/v2\/product_tag?post=703710"}],"curies":[{"name":"wp","href":"https:\/\/api.w.org\/{rel}","templated":true}]}}