{"id":703709,"date":"2025-08-27T15:28:41","date_gmt":"2025-08-27T12:28:41","guid":{"rendered":"https:\/\/roveyayinevi.com.tr\/index.php\/urun\/karanlik-lise-2-sizce-guvenmek-hata-midir\/"},"modified":"2026-04-16T02:12:58","modified_gmt":"2026-04-15T23:12:58","slug":"karanlik-lise-2-sizce-guvenmek-hata-midir","status":"publish","type":"product","link":"https:\/\/roveyayinevi.com.tr\/index.php\/urun\/karanlik-lise-2-sizce-guvenmek-hata-midir\/","title":{"rendered":"Karanl\u0131k Lise 2 &#8211; Sizce G\u00fcvenmek Hata M\u0131d\u0131r?"},"content":{"rendered":"<p>\u201cBen uzun zamand\u0131r hi\u00e7bir \u015feyden emin olam\u0131yorum. Bir sabah kalk\u0131yorum, ya\u015famak istemedi\u011fimi d\u00fc\u015f\u00fcn\u00fcyorum. Hayatta kaybettiklerin kazand\u0131klar\u0131ndan fazlaysa ya\u015faman\u0131n ne anlam\u0131 var ki? En son ne zaman bir \u015feyi kazand\u0131\u011f\u0131m\u0131, en son ne zaman mutlu oldu\u011fumu hat\u0131rlamaya \u00e7al\u0131\u015ft\u0131\u011f\u0131m anda da&#8230;\u201d derken g\u00f6zlerim yine dolmu\u015ftu. \ufffcTan\u0131t\u0131m Metni<\/p>\n","protected":false},"excerpt":{"rendered":"<p>\u201cBen uzun zamand\u0131r hi\u00e7bir \u015feyden emin olam\u0131yorum. Bir sabah kalk\u0131yorum, ya\u015famak istemedi\u011fimi d\u00fc\u015f\u00fcn\u00fcyorum. Hayatta kaybettiklerin kazand\u0131klar\u0131ndan fazlaysa ya\u015faman\u0131n ne anlam\u0131 var ki? En son ne zaman<span class=\"excerpt-hellip\"> [\u2026]<\/span><\/p>\n","protected":false},"featured_media":0,"template":"","meta":{"_monsterinsights_skip_tracking":false,"_monsterinsights_sitenote_active":false,"_monsterinsights_sitenote_note":"","_monsterinsights_sitenote_category":0},"product_brand":[],"product_cat":[12291,12711],"product_tag":[],"class_list":{"0":"post-703709","1":"product","2":"type-product","3":"status-publish","5":"product_cat-edebiyat","6":"product_cat-roman-oyku","7":"pa_cilt-ciltsiz","8":"pa_tur-kitap","9":"pa_yayinevi-epsilon-yayinlari","10":"pa_yazar-alya-oztanyel","12":"first","13":"instock","14":"sale","15":"shipping-taxable","16":"purchasable","17":"product-type-simple"},"_links":{"self":[{"href":"https:\/\/roveyayinevi.com.tr\/index.php\/wp-json\/wp\/v2\/product\/703709","targetHints":{"allow":["GET"]}}],"collection":[{"href":"https:\/\/roveyayinevi.com.tr\/index.php\/wp-json\/wp\/v2\/product"}],"about":[{"href":"https:\/\/roveyayinevi.com.tr\/index.php\/wp-json\/wp\/v2\/types\/product"}],"wp:attachment":[{"href":"https:\/\/roveyayinevi.com.tr\/index.php\/wp-json\/wp\/v2\/media?parent=703709"}],"wp:term":[{"taxonomy":"product_brand","embeddable":true,"href":"https:\/\/roveyayinevi.com.tr\/index.php\/wp-json\/wp\/v2\/product_brand?post=703709"},{"taxonomy":"product_cat","embeddable":true,"href":"https:\/\/roveyayinevi.com.tr\/index.php\/wp-json\/wp\/v2\/product_cat?post=703709"},{"taxonomy":"product_tag","embeddable":true,"href":"https:\/\/roveyayinevi.com.tr\/index.php\/wp-json\/wp\/v2\/product_tag?post=703709"}],"curies":[{"name":"wp","href":"https:\/\/api.w.org\/{rel}","templated":true}]}}