{"id":703708,"date":"2025-08-27T15:28:40","date_gmt":"2025-08-27T12:28:40","guid":{"rendered":"https:\/\/roveyayinevi.com.tr\/index.php\/urun\/canakkale-gecilmez\/"},"modified":"2026-04-16T02:12:58","modified_gmt":"2026-04-15T23:12:58","slug":"canakkale-gecilmez","status":"publish","type":"product","link":"https:\/\/roveyayinevi.com.tr\/index.php\/urun\/canakkale-gecilmez\/","title":{"rendered":"\u00c7anakkale Ge\u00e7ilmez"},"content":{"rendered":"<p>Bilgi Yay\u0131nevi&#8217;nden \u00c7anakkale Zaferinin 100. y\u0131l\u0131nda  Turgut \u00d6zakman&#8217;\u0131n an\u0131s\u0131na okurlar\u0131m\u0131za arma\u011fan.Bu kitap\u00e7\u0131k, orta\u00f6\u011fretim \u00f6\u011frencileri ile \u00c7anakkale Sava\u015f\u0131&#8217;n\u0131 k\u0131saca ve do\u011fru \u00f6\u011frenmek isteyenlere, ev han\u0131mlar\u0131na, esnaflara, zanaatkarlara ve Mehmet\u00e7iklere yard\u0131mc\u0131 olmak i\u00e7in  Dirili\u015f-\u00c7anakkale 1915 adl\u0131 kitab\u0131n k\u0131salt\u0131lm\u0131\u015f bi\u00e7imidir.Ve yak\u0131n tarihimizin d\u00fcr\u00fcst, ger\u00e7ek, do\u011fru bir k\u0131lavuzu niteli\u011findedir. Sizi yalan yanl\u0131\u015f, hastal\u0131kl\u0131, zehirli iddialardan koruyacak, ba\u015f\u0131n\u0131z\u0131 dik tutman\u0131z\u0131, atalar\u0131n\u0131z\u0131n ve ninelerinizin yi\u011fitlikleri ve yurtseverlikleri ile gurur duyman\u0131z\u0131, gelece\u011fe g\u00fcvenle bakman\u0131z\u0131 sa\u011flayacakt\u0131r.Tarihimizi do\u011fru olarak bilmeliyiz. Tarihini do\u011fru bilmeyen milletler, \u00e7ok ge\u00e7meden kuru kalabal\u0131\u011fa d\u00f6ner. Kuru kalabal\u0131klar\u0131n sonu felakettir. Tarih ve g\u00fcn\u00fcm\u00fcz bu felaketlerle dolu.<\/p>\n","protected":false},"excerpt":{"rendered":"<p>Bilgi Yay\u0131nevi&#8217;nden \u00c7anakkale Zaferinin 100. y\u0131l\u0131nda Turgut \u00d6zakman&#8217;\u0131n an\u0131s\u0131na okurlar\u0131m\u0131za arma\u011fan.Bu kitap\u00e7\u0131k, orta\u00f6\u011fretim \u00f6\u011frencileri ile \u00c7anakkale Sava\u015f\u0131&#8217;n\u0131 k\u0131saca ve do\u011fru \u00f6\u011frenmek isteyenlere, ev han\u0131mlar\u0131na, esnaflara, zanaatkarlara<span class=\"excerpt-hellip\"> [\u2026]<\/span><\/p>\n","protected":false},"featured_media":0,"template":"","meta":{"_monsterinsights_skip_tracking":false,"_monsterinsights_sitenote_active":false,"_monsterinsights_sitenote_note":"","_monsterinsights_sitenote_category":0},"product_brand":[],"product_cat":[12291,12745],"product_tag":[],"class_list":{"0":"post-703708","1":"product","2":"type-product","3":"status-publish","5":"product_cat-edebiyat","6":"product_cat-tarihi-roman","7":"pa_cilt-ciltsiz","8":"pa_tur-kitap","9":"pa_yayinevi-bilgi-yayinevi","10":"pa_yazar-turgut-ozakman","12":"first","13":"instock","14":"sale","15":"shipping-taxable","16":"purchasable","17":"product-type-simple"},"_links":{"self":[{"href":"https:\/\/roveyayinevi.com.tr\/index.php\/wp-json\/wp\/v2\/product\/703708","targetHints":{"allow":["GET"]}}],"collection":[{"href":"https:\/\/roveyayinevi.com.tr\/index.php\/wp-json\/wp\/v2\/product"}],"about":[{"href":"https:\/\/roveyayinevi.com.tr\/index.php\/wp-json\/wp\/v2\/types\/product"}],"wp:attachment":[{"href":"https:\/\/roveyayinevi.com.tr\/index.php\/wp-json\/wp\/v2\/media?parent=703708"}],"wp:term":[{"taxonomy":"product_brand","embeddable":true,"href":"https:\/\/roveyayinevi.com.tr\/index.php\/wp-json\/wp\/v2\/product_brand?post=703708"},{"taxonomy":"product_cat","embeddable":true,"href":"https:\/\/roveyayinevi.com.tr\/index.php\/wp-json\/wp\/v2\/product_cat?post=703708"},{"taxonomy":"product_tag","embeddable":true,"href":"https:\/\/roveyayinevi.com.tr\/index.php\/wp-json\/wp\/v2\/product_tag?post=703708"}],"curies":[{"name":"wp","href":"https:\/\/api.w.org\/{rel}","templated":true}]}}