{"id":703702,"date":"2025-08-27T15:28:38","date_gmt":"2025-08-27T12:28:38","guid":{"rendered":"https:\/\/roveyayinevi.com.tr\/index.php\/urun\/ramazan-guzellemeleri\/"},"modified":"2026-04-16T02:12:57","modified_gmt":"2026-04-15T23:12:57","slug":"ramazan-guzellemeleri","status":"publish","type":"product","link":"https:\/\/roveyayinevi.com.tr\/index.php\/urun\/ramazan-guzellemeleri\/","title":{"rendered":"Ramazan G\u00fczellemeleri"},"content":{"rendered":"<p>Ramazan miskinlik ay\u0131 de\u011fil&#8230; Aksine, m\u00fccadele mevsimidir.Nefisle m\u00fccadele, cih\u00e2d-\u0131 ekber zaman\u0131! Hem bu m\u00fccadele olmaz ise, insan kendi fark\u0131ndal\u0131\u011f\u0131na erebilir mi? Bu m\u00fcmk\u00fcn m\u00fc? Nefisle m\u00fccadele, kalbe, \u00f6z\u00fcn \u00f6z\u00fcne eri\u015fmek i\u00e7in mana \u00e2leminde bir seyahat zaman\u0131.Oru\u00e7 m\u00fccadeledir&#8230; Oru\u00e7 insan\u0131n kendisiyle kavgas\u0131. B\u00f6ylece huzura ermesi.Bu m\u00fccadelenin temelinde de sab\u0131r vard\u0131r. Sab\u0131r + sava\u015f = zafer&#8230;Oru\u00e7, sab\u0131rd\u0131r&#8230; Oru\u00e7, zaferdir.Kendi i\u00e7 \u00e2leminde, nefis denilen o i\u00e7erideki \u00fclkede sava\u015f\u0131 kazanamayanlar zafere de eremeyeceklerdir.Ramazan\u2019\u0131 bir de Prof. Bilal Kemikli\u2019nin kaleminden okuyun. Fark\u0131 anlayacaks\u0131n\u0131z! <\/p>\n","protected":false},"excerpt":{"rendered":"<p>Ramazan miskinlik ay\u0131 de\u011fil&#8230; Aksine, m\u00fccadele mevsimidir.Nefisle m\u00fccadele, cih\u00e2d-\u0131 ekber zaman\u0131! Hem bu m\u00fccadele olmaz ise, insan kendi fark\u0131ndal\u0131\u011f\u0131na erebilir mi? Bu m\u00fcmk\u00fcn m\u00fc? Nefisle m\u00fccadele,<span class=\"excerpt-hellip\"> [\u2026]<\/span><\/p>\n","protected":false},"featured_media":0,"template":"","meta":{"_monsterinsights_skip_tracking":false,"_monsterinsights_sitenote_active":false,"_monsterinsights_sitenote_note":"","_monsterinsights_sitenote_category":0},"product_brand":[],"product_cat":[12718,12719],"product_tag":[],"class_list":{"0":"post-703702","1":"product","2":"type-product","3":"status-publish","5":"product_cat-din","6":"product_cat-islam","7":"pa_cilt-ciltsiz","8":"pa_tur-kitap","9":"pa_yayinevi-hayykitap","10":"pa_yazar-bilal-kemikli","12":"first","13":"instock","14":"sale","15":"shipping-taxable","16":"purchasable","17":"product-type-simple"},"_links":{"self":[{"href":"https:\/\/roveyayinevi.com.tr\/index.php\/wp-json\/wp\/v2\/product\/703702","targetHints":{"allow":["GET"]}}],"collection":[{"href":"https:\/\/roveyayinevi.com.tr\/index.php\/wp-json\/wp\/v2\/product"}],"about":[{"href":"https:\/\/roveyayinevi.com.tr\/index.php\/wp-json\/wp\/v2\/types\/product"}],"wp:attachment":[{"href":"https:\/\/roveyayinevi.com.tr\/index.php\/wp-json\/wp\/v2\/media?parent=703702"}],"wp:term":[{"taxonomy":"product_brand","embeddable":true,"href":"https:\/\/roveyayinevi.com.tr\/index.php\/wp-json\/wp\/v2\/product_brand?post=703702"},{"taxonomy":"product_cat","embeddable":true,"href":"https:\/\/roveyayinevi.com.tr\/index.php\/wp-json\/wp\/v2\/product_cat?post=703702"},{"taxonomy":"product_tag","embeddable":true,"href":"https:\/\/roveyayinevi.com.tr\/index.php\/wp-json\/wp\/v2\/product_tag?post=703702"}],"curies":[{"name":"wp","href":"https:\/\/api.w.org\/{rel}","templated":true}]}}