{"id":703701,"date":"2025-08-27T15:28:38","date_gmt":"2025-08-27T12:28:38","guid":{"rendered":"https:\/\/roveyayinevi.com.tr\/index.php\/urun\/kucuk-prens-6\/"},"modified":"2026-04-16T02:12:57","modified_gmt":"2026-04-15T23:12:57","slug":"kucuk-prens-6","status":"publish","type":"product","link":"https:\/\/roveyayinevi.com.tr\/index.php\/urun\/kucuk-prens-6\/","title":{"rendered":"K\u00fc\u00e7\u00fck Prens"},"content":{"rendered":"<p>S- Senin gezegenindeki insanlar, dedi K\u00fc\u00e7\u00fck Prens, bir bah\u00e7ede be\u015f bin g\u00fcl yeti\u015ftiriyorlar&#8230; Fakat yine de arad\u0131klar\u0131n\u0131 bulam\u0131yorlar. &#8211; Bulam\u0131yorlar, diye cevap verdim&#8230;- Ama asl\u0131nda arad\u0131klar\u0131, tek bir g\u00fclde ya da tek bir damla suda&#8230;- Elbette, diye cevap verdim.K\u00fc\u00e7\u00fck Prens ekledi:- G\u00f6zler k\u00f6rd\u00fcr g\u00f6remez. Ararsan y\u00fcre\u011finle ara. K\u00fc\u00e7\u00fck Prens, II. D\u00fcnya Sava\u015f\u0131&#8217;na kat\u0131lan bir pilot olan Antoine de Saint-Exup\u00e9ry (1900-1944) taraf\u0131ndan yaz\u0131lm\u0131\u015f ve ilk olarak 1943 y\u0131l\u0131nda yay\u0131nlanm\u0131\u015ft\u0131r. Neredeyse t\u00fcm d\u00fcnya dillerine \u00e7evrilmi\u015ftir ve d\u00fcnyan\u0131n en \u00e7ok sat\u0131lan ve okunan kitaplar\u0131ndan biri olmaya devam etmektedir. G\u00f6kku\u015fa\u011f\u0131 Koleksiyonu i\u00e7in Frans\u0131zca asl\u0131ndan terc\u00fcme edilen K\u00fc\u00e7\u00fck Prens&#8217;te, yazar\u0131n bu kitap i\u00e7in bizzat \u00e7izdi\u011fi resimleri de bulacaks\u0131n\u0131z.<\/p>\n","protected":false},"excerpt":{"rendered":"<p>S- Senin gezegenindeki insanlar, dedi K\u00fc\u00e7\u00fck Prens, bir bah\u00e7ede be\u015f bin g\u00fcl yeti\u015ftiriyorlar&#8230; Fakat yine de arad\u0131klar\u0131n\u0131 bulam\u0131yorlar. &#8211; Bulam\u0131yorlar, diye cevap verdim&#8230;- Ama asl\u0131nda arad\u0131klar\u0131,<span class=\"excerpt-hellip\"> [\u2026]<\/span><\/p>\n","protected":false},"featured_media":0,"template":"","meta":{"_monsterinsights_skip_tracking":false,"_monsterinsights_sitenote_active":false,"_monsterinsights_sitenote_note":"","_monsterinsights_sitenote_category":0},"product_brand":[],"product_cat":[12274,12467],"product_tag":[],"class_list":{"0":"post-703701","1":"product","2":"type-product","3":"status-publish","5":"product_cat-cocuk-ve-genclik-kitaplari","6":"product_cat-dunya-klasikleri","7":"pa_cilt-ciltsiz","8":"pa_tur-kitap","9":"pa_yayinevi-arkadas-yayinlari","10":"pa_yazar-antonie-de-saint-exupery","12":"first","13":"instock","14":"sale","15":"shipping-taxable","16":"purchasable","17":"product-type-simple"},"_links":{"self":[{"href":"https:\/\/roveyayinevi.com.tr\/index.php\/wp-json\/wp\/v2\/product\/703701","targetHints":{"allow":["GET"]}}],"collection":[{"href":"https:\/\/roveyayinevi.com.tr\/index.php\/wp-json\/wp\/v2\/product"}],"about":[{"href":"https:\/\/roveyayinevi.com.tr\/index.php\/wp-json\/wp\/v2\/types\/product"}],"wp:attachment":[{"href":"https:\/\/roveyayinevi.com.tr\/index.php\/wp-json\/wp\/v2\/media?parent=703701"}],"wp:term":[{"taxonomy":"product_brand","embeddable":true,"href":"https:\/\/roveyayinevi.com.tr\/index.php\/wp-json\/wp\/v2\/product_brand?post=703701"},{"taxonomy":"product_cat","embeddable":true,"href":"https:\/\/roveyayinevi.com.tr\/index.php\/wp-json\/wp\/v2\/product_cat?post=703701"},{"taxonomy":"product_tag","embeddable":true,"href":"https:\/\/roveyayinevi.com.tr\/index.php\/wp-json\/wp\/v2\/product_tag?post=703701"}],"curies":[{"name":"wp","href":"https:\/\/api.w.org\/{rel}","templated":true}]}}