{"id":703699,"date":"2025-08-27T15:28:37","date_gmt":"2025-08-27T12:28:37","guid":{"rendered":"https:\/\/roveyayinevi.com.tr\/index.php\/urun\/kedim-ve-ben\/"},"modified":"2026-04-16T02:12:57","modified_gmt":"2026-04-15T23:12:57","slug":"kedim-ve-ben","status":"publish","type":"product","link":"https:\/\/roveyayinevi.com.tr\/index.php\/urun\/kedim-ve-ben\/","title":{"rendered":"Kedim ve Ben"},"content":{"rendered":"<p>August \u00d6d\u00fcll\u00fc Nils Uddenberg&#8217;den i\u00e7inizi \u0131s\u0131tacak bir Bestseller.- \u0130nsanlar ve kediler aras\u0131ndaki ili\u015fki nedir?- Onlar da bizimkilere benzer duygular hissediyor mu?- Ve en \u00f6nemlisi; ona ba\u011flanmam\u0131z, onun i\u00e7in ne ifade ediyor?Bir evcil hayvan beslemeyi akl\u0131n\u0131n k\u00f6\u015fesinden bile ge\u00e7irmeyen yazar Nils Uddenberg, so\u011fuk bir k\u0131\u015f g\u00fcn\u00fc penceresinin d\u0131\u015f\u0131nda oturan, kocaman sar\u0131 g\u00f6zleriyle kendisini izleyen bir kedi bulur. Nils&#8217;in hayat\u0131 i\u015fte o andan itibaren de\u011fi\u015fmeye ba\u015flar.Nils zaman i\u00e7inde evin i\u00e7erisine kadar girip yerle\u015fen bu sevimli tekirin hayata bak\u0131\u015f\u0131n\u0131 nas\u0131l de\u011fi\u015ftirdi\u011fini, bu kedici\u011fe kar\u015f\u0131 hissettiklerinin kendisini nas\u0131l \u015fa\u015f\u0131rtt\u0131\u011f\u0131n\u0131 ve bu t\u00fcyl\u00fc han\u0131mefendiye ne \u00e7abuk ba\u011fland\u0131\u011f\u0131n\u0131 son derece keyifli bir dille anlat\u0131rken, bir yandan da kedinin ya\u015fant\u0131s\u0131n\u0131 daha yak\u0131ndan inceleyerek, hepimizin merak etti\u011fi baz\u0131 sorular\u0131n cevaplar\u0131n\u0131 ar\u0131yor. Kedim ve Ben, sevimli bir tekirin, emekli bir psikiyatr profes\u00f6r\u00fcn\u00fcn hayata bak\u0131\u015f\u0131n\u0131 nas\u0131l de\u011fi\u015ftirdi\u011finin ger\u00e7ek hikayesi\u2026&#8221;Tek kelimeyle b\u00fcy\u00fcleyici bir hikaye. Nils Uddenberg keyifli anlat\u0131m\u0131n\u0131n aras\u0131na katt\u0131\u011f\u0131 k\u00fc\u00e7\u00fck bilgilerle, g\u00f6zlemlerini bizimle payla\u015f\u0131yor ve biz mi kedilerin sahibiyiz, yoksa kediler mi bizim, sorusuna cevap ar\u0131yor.&#8221;- Carin Mannheimer, Swedish Public Radio P4&#8243;Bu kitap adeta alt\u0131 haftal\u0131k bir kedi yavrusu kadar sevimli. Ane Gustavsson&#8217;\u0131n \u00e7izimleriyle de b\u00fct\u00fcnlenen hikayede, ya\u015fl\u0131 bir adam\u0131n hayat\u0131na bir anda giren bu kediye duydu\u011fu sevgiyi t\u00fcm i\u00e7tenli\u011fiyle anlat\u0131\u015f\u0131n\u0131 okurken, ayn\u0131 zamanda da bir psikiyatr\u0131n, bir kedi ve bir insan aras\u0131ndaki ba\u011fa felsefi ve bilimsel yakla\u015f\u0131m\u0131n\u0131 son derece keyifli bir dille g\u00f6zler \u00f6n\u00fcne seri\u015fine \u015fahit oluyoruz.&#8221;- Nina Lekander, Expressen \ufffcTan\u0131t\u0131m Metni<\/p>\n","protected":false},"excerpt":{"rendered":"<p>August \u00d6d\u00fcll\u00fc Nils Uddenberg&#8217;den i\u00e7inizi \u0131s\u0131tacak bir Bestseller.- \u0130nsanlar ve kediler aras\u0131ndaki ili\u015fki nedir?- Onlar da bizimkilere benzer duygular hissediyor mu?- Ve en \u00f6nemlisi; ona ba\u011flanmam\u0131z,<span class=\"excerpt-hellip\"> [\u2026]<\/span><\/p>\n","protected":false},"featured_media":0,"template":"","meta":{"_monsterinsights_skip_tracking":false,"_monsterinsights_sitenote_active":false,"_monsterinsights_sitenote_note":"","_monsterinsights_sitenote_category":0},"product_brand":[],"product_cat":[12782,12291],"product_tag":[],"class_list":{"0":"post-703699","1":"product","2":"type-product","3":"status-publish","5":"product_cat-alman-edebiyati","6":"product_cat-edebiyat","7":"pa_cilt-ciltsiz","8":"pa_tur-kitap","9":"pa_yayinevi-yabanci-yayinevi","10":"pa_yazar-nils-uddenberg","12":"first","13":"instock","14":"sale","15":"shipping-taxable","16":"purchasable","17":"product-type-simple"},"_links":{"self":[{"href":"https:\/\/roveyayinevi.com.tr\/index.php\/wp-json\/wp\/v2\/product\/703699","targetHints":{"allow":["GET"]}}],"collection":[{"href":"https:\/\/roveyayinevi.com.tr\/index.php\/wp-json\/wp\/v2\/product"}],"about":[{"href":"https:\/\/roveyayinevi.com.tr\/index.php\/wp-json\/wp\/v2\/types\/product"}],"wp:attachment":[{"href":"https:\/\/roveyayinevi.com.tr\/index.php\/wp-json\/wp\/v2\/media?parent=703699"}],"wp:term":[{"taxonomy":"product_brand","embeddable":true,"href":"https:\/\/roveyayinevi.com.tr\/index.php\/wp-json\/wp\/v2\/product_brand?post=703699"},{"taxonomy":"product_cat","embeddable":true,"href":"https:\/\/roveyayinevi.com.tr\/index.php\/wp-json\/wp\/v2\/product_cat?post=703699"},{"taxonomy":"product_tag","embeddable":true,"href":"https:\/\/roveyayinevi.com.tr\/index.php\/wp-json\/wp\/v2\/product_tag?post=703699"}],"curies":[{"name":"wp","href":"https:\/\/api.w.org\/{rel}","templated":true}]}}