{"id":703695,"date":"2025-08-27T15:28:36","date_gmt":"2025-08-27T12:28:36","guid":{"rendered":"https:\/\/roveyayinevi.com.tr\/index.php\/urun\/cok-guzelsin-gitme-dur\/"},"modified":"2026-04-16T02:12:57","modified_gmt":"2026-04-15T23:12:57","slug":"cok-guzelsin-gitme-dur","status":"publish","type":"product","link":"https:\/\/roveyayinevi.com.tr\/index.php\/urun\/cok-guzelsin-gitme-dur\/","title":{"rendered":"\u00c7ok G\u00fczelsin Gitme Dur"},"content":{"rendered":"<p>\u00c7ok G\u00fczelsin Gitme Dur Haldun Taner\u2019in 1976-1982 y\u0131llar\u0131ndaki gazete yaz\u0131lar\u0131ndan olu\u015fuyor. \u0130stanbul, tarih, e\u011fitim, sanat, edebiyat, dil, k\u00fclt\u00fcr, tiyatro, kentsel sorunlar, yitirilen erdemler, do\u011fa ve \u00e7evre, konu ne olursa olsun, Taner\u2019in kalemiyle renkleniyor. \ufffcTan\u0131t\u0131m Metni<\/p>\n","protected":false},"excerpt":{"rendered":"<p>\u00c7ok G\u00fczelsin Gitme Dur Haldun Taner\u2019in 1976-1982 y\u0131llar\u0131ndaki gazete yaz\u0131lar\u0131ndan olu\u015fuyor. \u0130stanbul, tarih, e\u011fitim, sanat, edebiyat, dil, k\u00fclt\u00fcr, tiyatro, kentsel sorunlar, yitirilen erdemler, do\u011fa ve \u00e7evre,<span class=\"excerpt-hellip\"> [\u2026]<\/span><\/p>\n","protected":false},"featured_media":0,"template":"","meta":{"_monsterinsights_skip_tracking":false,"_monsterinsights_sitenote_active":false,"_monsterinsights_sitenote_note":"","_monsterinsights_sitenote_category":0},"product_brand":[],"product_cat":[12777,12291],"product_tag":[],"class_list":{"0":"post-703695","1":"product","2":"type-product","3":"status-publish","5":"product_cat-deneme","6":"product_cat-edebiyat","7":"pa_cilt-ciltsiz","8":"pa_tur-kitap","9":"pa_yayinevi-yapi-kredi-yayinlari","10":"pa_yazar-haldun-taner","12":"first","13":"instock","14":"sale","15":"shipping-taxable","16":"purchasable","17":"product-type-simple"},"_links":{"self":[{"href":"https:\/\/roveyayinevi.com.tr\/index.php\/wp-json\/wp\/v2\/product\/703695","targetHints":{"allow":["GET"]}}],"collection":[{"href":"https:\/\/roveyayinevi.com.tr\/index.php\/wp-json\/wp\/v2\/product"}],"about":[{"href":"https:\/\/roveyayinevi.com.tr\/index.php\/wp-json\/wp\/v2\/types\/product"}],"wp:attachment":[{"href":"https:\/\/roveyayinevi.com.tr\/index.php\/wp-json\/wp\/v2\/media?parent=703695"}],"wp:term":[{"taxonomy":"product_brand","embeddable":true,"href":"https:\/\/roveyayinevi.com.tr\/index.php\/wp-json\/wp\/v2\/product_brand?post=703695"},{"taxonomy":"product_cat","embeddable":true,"href":"https:\/\/roveyayinevi.com.tr\/index.php\/wp-json\/wp\/v2\/product_cat?post=703695"},{"taxonomy":"product_tag","embeddable":true,"href":"https:\/\/roveyayinevi.com.tr\/index.php\/wp-json\/wp\/v2\/product_tag?post=703695"}],"curies":[{"name":"wp","href":"https:\/\/api.w.org\/{rel}","templated":true}]}}