{"id":703690,"date":"2025-08-27T15:28:33","date_gmt":"2025-08-27T12:28:33","guid":{"rendered":"https:\/\/roveyayinevi.com.tr\/index.php\/urun\/gecmisin-yankisi-kisim-2\/"},"modified":"2026-04-16T02:12:57","modified_gmt":"2026-04-15T23:12:57","slug":"gecmisin-yankisi-kisim-2","status":"publish","type":"product","link":"https:\/\/roveyayinevi.com.tr\/index.php\/urun\/gecmisin-yankisi-kisim-2\/","title":{"rendered":"Ge\u00e7mi\u015fin Yank\u0131s\u0131 K\u0131s\u0131m &#8211; 2"},"content":{"rendered":"<p>Diana Gabaldon milyonlar\u0131 b\u00fcy\u00fcleyen Yabanc\u0131 serisine Ge\u00e7mi\u015fin Yank\u0131s\u0131 ile devam ediyor. 18. y\u00fczy\u0131lda ya\u015fayan \u0130sko\u00e7 sava\u015f\u00e7\u0131s\u0131 Jamie Fraser ile 20. y\u00fczy\u0131l \u0130ngiltere&#8217;sinden gelen e\u015fi Claire Randall&#8217;\u0131n ola\u011fan\u00fcst\u00fc hik\u00e2yesine bir kez daha hayran olacaks\u0131n\u0131z.Bir zamanlar\u0131n II. James yanl\u0131s\u0131 Jamie Fraser, Amerikan ayaklanmas\u0131 hakk\u0131nda \u00fc\u00e7 \u015feyden emindir: \u0130lki kazanan taraf\u0131n Amerikal\u0131lar olaca\u011f\u0131, ikincisi kazanan taraf ad\u0131na sava\u015fman\u0131n hayatta kalmay\u0131 garanti etmeyece\u011fi ve \u00fc\u00e7\u00fcnc\u00fcs\u00fc ise namlunun di\u011fer taraf\u0131nda \u0130ngiliz ordusu i\u00e7in sava\u015fan, evlilik d\u0131\u015f\u0131 do\u011fan o\u011fluyla y\u00fczle\u015fmektense \u00f6lmeyi tercih edece\u011fi. Claire ise Amerika&#8217;n\u0131n kazanaca\u011f\u0131n\u0131 bilse de bedelinin ne kadar a\u011f\u0131r olaca\u011f\u0131ndan habersizdir\u2026Bu s\u0131rada, on sekizinci y\u00fczy\u0131la k\u0131yasla daha g\u00fcvenli olan yirminci y\u00fczy\u0131lda, Brianna ile e\u015fi Roger MacKenzie, iki y\u00fczy\u0131l \u00f6ncesinden kalan mektuplar arac\u0131l\u0131\u011f\u0131yla Jamie ve Claire&#8217;in dramatik hik\u00e2yesini ad\u0131m ad\u0131m takip ederken, hi\u00e7 beklemedikleri b\u00fcy\u00fck bir tehlikeyle kar\u015f\u0131 kar\u015f\u0131ya kalacaklard\u0131r. (Tan\u0131t\u0131m B\u00fclteninden) <\/p>\n","protected":false},"excerpt":{"rendered":"<p>Diana Gabaldon milyonlar\u0131 b\u00fcy\u00fcleyen Yabanc\u0131 serisine Ge\u00e7mi\u015fin Yank\u0131s\u0131 ile devam ediyor. 18. y\u00fczy\u0131lda ya\u015fayan \u0130sko\u00e7 sava\u015f\u00e7\u0131s\u0131 Jamie Fraser ile 20. y\u00fczy\u0131l \u0130ngiltere&#8217;sinden gelen e\u015fi Claire Randall&#8217;\u0131n<span class=\"excerpt-hellip\"> [\u2026]<\/span><\/p>\n","protected":false},"featured_media":0,"template":"","meta":{"_monsterinsights_skip_tracking":false,"_monsterinsights_sitenote_active":false,"_monsterinsights_sitenote_note":"","_monsterinsights_sitenote_category":0},"product_brand":[],"product_cat":[12291,12711],"product_tag":[],"class_list":{"0":"post-703690","1":"product","2":"type-product","3":"status-publish","5":"product_cat-edebiyat","6":"product_cat-roman-oyku","7":"pa_cilt-ciltsiz","8":"pa_tur-kitap","9":"pa_yayinevi-epsilon-yayinlari","10":"pa_yazar-diana-gabaldon","12":"first","13":"instock","14":"sale","15":"shipping-taxable","16":"purchasable","17":"product-type-simple"},"_links":{"self":[{"href":"https:\/\/roveyayinevi.com.tr\/index.php\/wp-json\/wp\/v2\/product\/703690","targetHints":{"allow":["GET"]}}],"collection":[{"href":"https:\/\/roveyayinevi.com.tr\/index.php\/wp-json\/wp\/v2\/product"}],"about":[{"href":"https:\/\/roveyayinevi.com.tr\/index.php\/wp-json\/wp\/v2\/types\/product"}],"wp:attachment":[{"href":"https:\/\/roveyayinevi.com.tr\/index.php\/wp-json\/wp\/v2\/media?parent=703690"}],"wp:term":[{"taxonomy":"product_brand","embeddable":true,"href":"https:\/\/roveyayinevi.com.tr\/index.php\/wp-json\/wp\/v2\/product_brand?post=703690"},{"taxonomy":"product_cat","embeddable":true,"href":"https:\/\/roveyayinevi.com.tr\/index.php\/wp-json\/wp\/v2\/product_cat?post=703690"},{"taxonomy":"product_tag","embeddable":true,"href":"https:\/\/roveyayinevi.com.tr\/index.php\/wp-json\/wp\/v2\/product_tag?post=703690"}],"curies":[{"name":"wp","href":"https:\/\/api.w.org\/{rel}","templated":true}]}}