{"id":703687,"date":"2025-08-27T15:28:32","date_gmt":"2025-08-27T12:28:32","guid":{"rendered":"https:\/\/roveyayinevi.com.tr\/index.php\/urun\/1q84-1-kitap\/"},"modified":"2026-04-16T02:12:57","modified_gmt":"2026-04-15T23:12:57","slug":"1q84-1-kitap","status":"publish","type":"product","link":"https:\/\/roveyayinevi.com.tr\/index.php\/urun\/1q84-1-kitap\/","title":{"rendered":"1Q84 &#8211; 1. Kitap"},"content":{"rendered":"<p>Haruki Murakami ba\u015fyap\u0131t\u0131 1Q84 bu kez de \u00fc\u00e7 ayr\u0131 kitap olarak okurlarla bulu\u015fuyor\u2026 &#8220;Y\u00fcrekten sevdi\u011fin bir insan varsa, bir ki\u015fi olsun yeter, hayat\u0131n kurtulmu\u015f demektir\u2026&#8221; Sars\u0131c\u0131 bir yolculu\u011fa haz\u0131r m\u0131s\u0131n\u0131z?  \u00d6yleyse kemerlerinizi ba\u011flay\u0131n. Erkekleri, titizlikle geli\u015ftirdi\u011fi bir y\u00f6ntemle \u00f6teki d\u00fcnyaya g\u00f6nderen gen\u00e7 bir kad\u0131nla tan\u0131\u015facaks\u0131n\u0131z. Ve amans\u0131z bir takiple onun pe\u015fine d\u00fc\u015fen fanatik bir cemaatin m\u00fcritleriyle\u2026 Romantik misiniz? Evet, bu kitapta a\u015fk da var\u2026 \u0130ki d\u00fcnya bir araya gelmeden m\u00fcmk\u00fcn olmayan bir a\u015fk.  Ya\u015fad\u0131\u011f\u0131n\u0131z d\u00fcnya ger\u00e7ek mi, hi\u00e7 d\u00fc\u015f\u00fcnd\u00fcn\u00fcz m\u00fc?  D\u00fc\u015f\u00fcnd\u00fcyseniz, paralel bir evrene ge\u00e7mek sizi heyecanland\u0131racakt\u0131r o zaman. Hayat\u0131 alg\u0131lay\u0131\u015f\u0131n\u0131z\u0131 de\u011fi\u015ftirecek bir kitab\u0131n kapa\u011f\u0131n\u0131 a\u00e7mak \u00fczeresiniz \u015fu an.  Ya\u015fayan en b\u00fcy\u00fck yazarlardan biri olarak kabul edilen Haruki Murakami ba\u015fyap\u0131t\u0131, t\u00fcm d\u00fcnyada milyonlarca satan kitab\u0131 1Q84&#8217;le bir imk\u00e2ns\u0131z\u0131 ba\u015far\u0131yor. Nefesinizi kesecek bir macera roman\u0131n\u0131, ger\u00e7ek nedir, insan neye inanmal\u0131, a\u015fk d\u00fcnyay\u0131 kurtarabilir mi sorular\u0131 ekseninde bir y\u00fcrek atlas\u0131na d\u00f6n\u00fc\u015ft\u00fcr\u00fcyor.<\/p>\n","protected":false},"excerpt":{"rendered":"<p>Haruki Murakami ba\u015fyap\u0131t\u0131 1Q84 bu kez de \u00fc\u00e7 ayr\u0131 kitap olarak okurlarla bulu\u015fuyor\u2026 &#8220;Y\u00fcrekten sevdi\u011fin bir insan varsa, bir ki\u015fi olsun yeter, hayat\u0131n kurtulmu\u015f demektir\u2026&#8221; Sars\u0131c\u0131<span class=\"excerpt-hellip\"> [\u2026]<\/span><\/p>\n","protected":false},"featured_media":0,"template":"","meta":{"_monsterinsights_skip_tracking":false,"_monsterinsights_sitenote_active":false,"_monsterinsights_sitenote_note":"","_monsterinsights_sitenote_category":0},"product_brand":[],"product_cat":[12291],"product_tag":[],"class_list":{"0":"post-703687","1":"product","2":"type-product","3":"status-publish","5":"product_cat-edebiyat","6":"pa_cilt-ciltsiz","7":"pa_tur-kitap","8":"pa_yayinevi-dogan-kitap","9":"pa_yazar-haruki-murakami","11":"first","12":"instock","13":"sale","14":"shipping-taxable","15":"purchasable","16":"product-type-simple"},"_links":{"self":[{"href":"https:\/\/roveyayinevi.com.tr\/index.php\/wp-json\/wp\/v2\/product\/703687","targetHints":{"allow":["GET"]}}],"collection":[{"href":"https:\/\/roveyayinevi.com.tr\/index.php\/wp-json\/wp\/v2\/product"}],"about":[{"href":"https:\/\/roveyayinevi.com.tr\/index.php\/wp-json\/wp\/v2\/types\/product"}],"wp:attachment":[{"href":"https:\/\/roveyayinevi.com.tr\/index.php\/wp-json\/wp\/v2\/media?parent=703687"}],"wp:term":[{"taxonomy":"product_brand","embeddable":true,"href":"https:\/\/roveyayinevi.com.tr\/index.php\/wp-json\/wp\/v2\/product_brand?post=703687"},{"taxonomy":"product_cat","embeddable":true,"href":"https:\/\/roveyayinevi.com.tr\/index.php\/wp-json\/wp\/v2\/product_cat?post=703687"},{"taxonomy":"product_tag","embeddable":true,"href":"https:\/\/roveyayinevi.com.tr\/index.php\/wp-json\/wp\/v2\/product_tag?post=703687"}],"curies":[{"name":"wp","href":"https:\/\/api.w.org\/{rel}","templated":true}]}}