{"id":703685,"date":"2025-08-27T15:28:31","date_gmt":"2025-08-27T12:28:31","guid":{"rendered":"https:\/\/roveyayinevi.com.tr\/index.php\/urun\/sersem-kocanin-kurnaz-karisi\/"},"modified":"2026-04-16T02:12:57","modified_gmt":"2026-04-15T23:12:57","slug":"sersem-kocanin-kurnaz-karisi","status":"publish","type":"product","link":"https:\/\/roveyayinevi.com.tr\/index.php\/urun\/sersem-kocanin-kurnaz-karisi\/","title":{"rendered":"Sersem Kocan\u0131n Kurnaz Kar\u0131s\u0131"},"content":{"rendered":"<p>\u201cHaldun Taner\u2019in en usta yap\u0131tlar\u0131ndan biri olan Sersem Kocan\u0131n Kurnaz Kar\u0131s\u0131, Moliere\u2019in bir\u00e7ok piyesini T\u00fcrk\u00e7eye adapte etmi\u015f devlet adam\u0131 Ahmet Vefik Pa\u015fa \u00fczerinedir. Pa\u015fa, Bursa\u2019da vali iken kendi ba\u015f\u0131na bir tiyatro kurmu\u015f, T\u00fcrk ve Ermenilerden olu\u015fan akt\u00f6rlerini bizzat y\u00f6netmi\u015fti. \u00dc\u00e7 perde boyunca Moliere\u2019in Georges Dandin\u2019inden sahneleri \u00fc\u00e7 ayr\u0131 \u00fcslup varyasyonu i\u00e7inde izleriz. Bunun sonucu, bug\u00fcnk\u00fc T\u00fcrkiye\u2019deki \u00e7e\u015fitli oyun \u00fcsluplar\u0131n\u0131n bir parodisidir. Taner\u2019in tercih ve sevgisinin geleneksel T\u00fcrk tuluat tiyatrosundan yana oldu\u011fu ustaca i\u015fleyi\u015finin i\u00e7inde sezilir.\u201d \ufffc<\/p>\n","protected":false},"excerpt":{"rendered":"<p>\u201cHaldun Taner\u2019in en usta yap\u0131tlar\u0131ndan biri olan Sersem Kocan\u0131n Kurnaz Kar\u0131s\u0131, Moliere\u2019in bir\u00e7ok piyesini T\u00fcrk\u00e7eye adapte etmi\u015f devlet adam\u0131 Ahmet Vefik Pa\u015fa \u00fczerinedir. Pa\u015fa, Bursa\u2019da vali<span class=\"excerpt-hellip\"> [\u2026]<\/span><\/p>\n","protected":false},"featured_media":0,"template":"","meta":{"_monsterinsights_skip_tracking":false,"_monsterinsights_sitenote_active":false,"_monsterinsights_sitenote_note":"","_monsterinsights_sitenote_category":0},"product_brand":[],"product_cat":[12291,14272],"product_tag":[],"class_list":{"0":"post-703685","1":"product","2":"type-product","3":"status-publish","5":"product_cat-edebiyat","6":"product_cat-tiyatro","7":"pa_cilt-ciltsiz","8":"pa_tur-kitap","9":"pa_yayinevi-yapi-kredi-yayinlari","10":"pa_yazar-haldun-taner","12":"first","13":"instock","14":"sale","15":"shipping-taxable","16":"purchasable","17":"product-type-simple"},"_links":{"self":[{"href":"https:\/\/roveyayinevi.com.tr\/index.php\/wp-json\/wp\/v2\/product\/703685","targetHints":{"allow":["GET"]}}],"collection":[{"href":"https:\/\/roveyayinevi.com.tr\/index.php\/wp-json\/wp\/v2\/product"}],"about":[{"href":"https:\/\/roveyayinevi.com.tr\/index.php\/wp-json\/wp\/v2\/types\/product"}],"wp:attachment":[{"href":"https:\/\/roveyayinevi.com.tr\/index.php\/wp-json\/wp\/v2\/media?parent=703685"}],"wp:term":[{"taxonomy":"product_brand","embeddable":true,"href":"https:\/\/roveyayinevi.com.tr\/index.php\/wp-json\/wp\/v2\/product_brand?post=703685"},{"taxonomy":"product_cat","embeddable":true,"href":"https:\/\/roveyayinevi.com.tr\/index.php\/wp-json\/wp\/v2\/product_cat?post=703685"},{"taxonomy":"product_tag","embeddable":true,"href":"https:\/\/roveyayinevi.com.tr\/index.php\/wp-json\/wp\/v2\/product_tag?post=703685"}],"curies":[{"name":"wp","href":"https:\/\/api.w.org\/{rel}","templated":true}]}}