{"id":703683,"date":"2025-08-27T15:28:30","date_gmt":"2025-08-27T12:28:30","guid":{"rendered":"https:\/\/roveyayinevi.com.tr\/index.php\/urun\/bilim-adamlarimiz-serisi-sultan-fatih\/"},"modified":"2026-04-16T02:12:57","modified_gmt":"2026-04-15T23:12:57","slug":"bilim-adamlarimiz-serisi-sultan-fatih","status":"publish","type":"product","link":"https:\/\/roveyayinevi.com.tr\/index.php\/urun\/bilim-adamlarimiz-serisi-sultan-fatih\/","title":{"rendered":"Bilim Adamlar\u0131m\u0131z Serisi: Sultan Fatih"},"content":{"rendered":"<p>T\u00fcrk tarihinin en b\u00fcy\u00fck h\u00fck\u00fcmdarlar\u0131ndan biri olan Fatih Sultan Mehmet, 30 Mart 1432\u2019de, Sultan 2. Murat\u2019\u0131n d\u00f6rd\u00fcnc\u00fc o\u011flu olarak Edirne&#8217;de d\u00fcnyaya gelmi\u015ftir. O, lalalar\u0131 Mahmut Kassabzade ve Ni\u015fanc\u0131 \u0130brahim Abdullahzade beylerle birlikte Edirne&#8217;den Manisa&#8217;ya vali olarak g\u00f6nderilmi\u015ftir (1443 bahar\u0131). Fakat bir s\u00fcre sonra. Sultan 2. Murat\u2019\u0131n \u00f6l\u00fcm\u00fc (2 \u015eubat 1451) \u00fczerine Veziriazam Halil Pa\u015fa (\u00c7andarl\u0131), \u015eehzade Mehmet\u2019e gizli bir mektup g\u00f6ndererek \u201cs\u00fcratle ba\u015fkent Edirne&#8217;ye gelip tahta oturmas\u0131n\u0131 bildirdi. B\u00f6ylece babas\u0131n\u0131n \u00f6l\u00fcm haberini alan II. Mehmet, Gelibolu \u00fczerinden Edirne&#8217;ye gelerek ikinci kez h\u00fck\u00fcmdar oldu\u011fu zaman (18 \u015eubat 1451), 19-20 ya\u015flar\u0131nda bulunuyordu. \ufffcTan\u0131t\u0131m Metni<\/p>\n","protected":false},"excerpt":{"rendered":"<p>T\u00fcrk tarihinin en b\u00fcy\u00fck h\u00fck\u00fcmdarlar\u0131ndan biri olan Fatih Sultan Mehmet, 30 Mart 1432\u2019de, Sultan 2. Murat\u2019\u0131n d\u00f6rd\u00fcnc\u00fc o\u011flu olarak Edirne&#8217;de d\u00fcnyaya gelmi\u015ftir. O, lalalar\u0131 Mahmut Kassabzade<span class=\"excerpt-hellip\"> [\u2026]<\/span><\/p>\n","protected":false},"featured_media":0,"template":"","meta":{"_monsterinsights_skip_tracking":false,"_monsterinsights_sitenote_active":false,"_monsterinsights_sitenote_note":"","_monsterinsights_sitenote_category":0},"product_brand":[],"product_cat":[12370,12304],"product_tag":[],"class_list":{"0":"post-703683","1":"product","2":"type-product","3":"status-publish","5":"product_cat-arastirma-inceleme","6":"product_cat-tarih","7":"pa_tur-kitap","8":"pa_yayinevi-parola-yayinlari","9":"pa_yazar-ali-kuzu","11":"first","12":"instock","13":"sale","14":"shipping-taxable","15":"purchasable","16":"product-type-simple"},"_links":{"self":[{"href":"https:\/\/roveyayinevi.com.tr\/index.php\/wp-json\/wp\/v2\/product\/703683","targetHints":{"allow":["GET"]}}],"collection":[{"href":"https:\/\/roveyayinevi.com.tr\/index.php\/wp-json\/wp\/v2\/product"}],"about":[{"href":"https:\/\/roveyayinevi.com.tr\/index.php\/wp-json\/wp\/v2\/types\/product"}],"wp:attachment":[{"href":"https:\/\/roveyayinevi.com.tr\/index.php\/wp-json\/wp\/v2\/media?parent=703683"}],"wp:term":[{"taxonomy":"product_brand","embeddable":true,"href":"https:\/\/roveyayinevi.com.tr\/index.php\/wp-json\/wp\/v2\/product_brand?post=703683"},{"taxonomy":"product_cat","embeddable":true,"href":"https:\/\/roveyayinevi.com.tr\/index.php\/wp-json\/wp\/v2\/product_cat?post=703683"},{"taxonomy":"product_tag","embeddable":true,"href":"https:\/\/roveyayinevi.com.tr\/index.php\/wp-json\/wp\/v2\/product_tag?post=703683"}],"curies":[{"name":"wp","href":"https:\/\/api.w.org\/{rel}","templated":true}]}}