{"id":703677,"date":"2025-08-27T15:28:27","date_gmt":"2025-08-27T12:28:27","guid":{"rendered":"https:\/\/roveyayinevi.com.tr\/index.php\/urun\/kapitalin-izinde\/"},"modified":"2026-04-16T02:12:57","modified_gmt":"2026-04-15T23:12:57","slug":"kapitalin-izinde","status":"publish","type":"product","link":"https:\/\/roveyayinevi.com.tr\/index.php\/urun\/kapitalin-izinde\/","title":{"rendered":"Kapital\u2019in \u0130zinde"},"content":{"rendered":"<p>Bu kitab\u0131n yay\u0131nland\u0131\u011f\u0131 2012 y\u0131l\u0131, Karl Marx\u2019\u0131n Kapital ba\u015fl\u0131\u011f\u0131n\u0131 ta\u015f\u0131yan ba\u015fyap\u0131t\u0131n\u0131n ilk kez yay\u0131nlan\u0131\u015f\u0131n\u0131n (1867) 145. y\u0131l\u0131. Ama ayn\u0131 zamanda d\u00fcnya kapitalizminin 2007\u2019de ba\u015flayan b\u00fcy\u00fck ekonomik krizinin 5. y\u0131l\u0131. Marx\u2019\u0131n Kapital\u2019de sergiledi\u011fi kapitalizm ele\u015ftirisi ve analizi, kapitalist \u00fcretim tarz\u0131n\u0131n \u00e7eli\u015fkili do\u011fas\u0131n\u0131 kavram\u0131\u015f olanlar i\u00e7in, 1990\u2019l\u0131 ve 2000\u2019li y\u0131llarda b\u00fct\u00fcn d\u00fcnya k\u00fcreselle\u015fme g\u00fczellemeleriyle sarho\u015f olmu\u015fken bile ge\u00e7erli idi. Ama i\u00e7inden ge\u00e7mekte oldu\u011fumuz dev ekonomik kriz Kapital\u2019i b\u00fct\u00fcn d\u00fcnya i\u00e7in yeniden g\u00fcncelle\u015ftirmi\u015f bulunuyor. \ufffcTan\u0131t\u0131m Metni<\/p>\n","protected":false},"excerpt":{"rendered":"<p>Bu kitab\u0131n yay\u0131nland\u0131\u011f\u0131 2012 y\u0131l\u0131, Karl Marx\u2019\u0131n Kapital ba\u015fl\u0131\u011f\u0131n\u0131 ta\u015f\u0131yan ba\u015fyap\u0131t\u0131n\u0131n ilk kez yay\u0131nlan\u0131\u015f\u0131n\u0131n (1867) 145. y\u0131l\u0131. Ama ayn\u0131 zamanda d\u00fcnya kapitalizminin 2007\u2019de ba\u015flayan b\u00fcy\u00fck ekonomik<span class=\"excerpt-hellip\"> [\u2026]<\/span><\/p>\n","protected":false},"featured_media":0,"template":"","meta":{"_monsterinsights_skip_tracking":false,"_monsterinsights_sitenote_active":false,"_monsterinsights_sitenote_note":"","_monsterinsights_sitenote_category":0},"product_brand":[],"product_cat":[12388,15536],"product_tag":[],"class_list":{"0":"post-703677","1":"product","2":"type-product","3":"status-publish","5":"product_cat-felsefe","6":"product_cat-siyaset-felsefesi","7":"pa_cilt-ciltsiz","8":"pa_tur-kitap","9":"pa_yayinevi-yordam-kitap","10":"pa_yazar-e-ahmet-tonak","12":"first","13":"instock","14":"sale","15":"shipping-taxable","16":"purchasable","17":"product-type-simple"},"_links":{"self":[{"href":"https:\/\/roveyayinevi.com.tr\/index.php\/wp-json\/wp\/v2\/product\/703677","targetHints":{"allow":["GET"]}}],"collection":[{"href":"https:\/\/roveyayinevi.com.tr\/index.php\/wp-json\/wp\/v2\/product"}],"about":[{"href":"https:\/\/roveyayinevi.com.tr\/index.php\/wp-json\/wp\/v2\/types\/product"}],"wp:attachment":[{"href":"https:\/\/roveyayinevi.com.tr\/index.php\/wp-json\/wp\/v2\/media?parent=703677"}],"wp:term":[{"taxonomy":"product_brand","embeddable":true,"href":"https:\/\/roveyayinevi.com.tr\/index.php\/wp-json\/wp\/v2\/product_brand?post=703677"},{"taxonomy":"product_cat","embeddable":true,"href":"https:\/\/roveyayinevi.com.tr\/index.php\/wp-json\/wp\/v2\/product_cat?post=703677"},{"taxonomy":"product_tag","embeddable":true,"href":"https:\/\/roveyayinevi.com.tr\/index.php\/wp-json\/wp\/v2\/product_tag?post=703677"}],"curies":[{"name":"wp","href":"https:\/\/api.w.org\/{rel}","templated":true}]}}