{"id":703676,"date":"2025-08-27T15:28:27","date_gmt":"2025-08-27T12:28:27","guid":{"rendered":"https:\/\/roveyayinevi.com.tr\/index.php\/urun\/uc-buyuk-usta-balzac-dickens-dostoyevski\/"},"modified":"2026-04-16T02:12:57","modified_gmt":"2026-04-15T23:12:57","slug":"uc-buyuk-usta-balzac-dickens-dostoyevski","status":"publish","type":"product","link":"https:\/\/roveyayinevi.com.tr\/index.php\/urun\/uc-buyuk-usta-balzac-dickens-dostoyevski\/","title":{"rendered":"\u00dc\u00e7 B\u00fcy\u00fck Usta : Balzac, Dickens, Dostoyevski"},"content":{"rendered":"<p>Stefan Zweig, \u00dc\u00e7 B\u00fcy\u00fck Usta\u2019da, 19. y\u00fczy\u0131l klasik edebiyat\u0131n\u0131n k\u00f6\u015fe ta\u015flar\u0131ndan Balzac, Dickens ve Dostoyevski\u2019yi anlat\u0131r; bildi\u011fimiz edebi \u00fcslubuyla ve bireysel deha ile toplumsal imkan ve s\u0131n\u0131rlar aras\u0131ndaki hem besleyici hem gerilimli alanlarda gezinerek. \ufffcTan\u0131t\u0131m Metni<\/p>\n","protected":false},"excerpt":{"rendered":"<p>Stefan Zweig, \u00dc\u00e7 B\u00fcy\u00fck Usta\u2019da, 19. y\u00fczy\u0131l klasik edebiyat\u0131n\u0131n k\u00f6\u015fe ta\u015flar\u0131ndan Balzac, Dickens ve Dostoyevski\u2019yi anlat\u0131r; bildi\u011fimiz edebi \u00fcslubuyla ve bireysel deha ile toplumsal imkan ve<span class=\"excerpt-hellip\"> [\u2026]<\/span><\/p>\n","protected":false},"featured_media":0,"template":"","meta":{"_monsterinsights_skip_tracking":false,"_monsterinsights_sitenote_active":false,"_monsterinsights_sitenote_note":"","_monsterinsights_sitenote_category":0},"product_brand":[],"product_cat":[13946,12304],"product_tag":[],"class_list":{"0":"post-703676","1":"product","2":"type-product","3":"status-publish","5":"product_cat-biyografi-otobiyografi","6":"product_cat-tarih","7":"pa_cilt-ciltsiz","8":"pa_tur-kitap","9":"pa_yayinevi-yordam-kitap","10":"pa_yazar-stefan-zweig","12":"first","13":"instock","14":"sale","15":"shipping-taxable","16":"purchasable","17":"product-type-simple"},"_links":{"self":[{"href":"https:\/\/roveyayinevi.com.tr\/index.php\/wp-json\/wp\/v2\/product\/703676","targetHints":{"allow":["GET"]}}],"collection":[{"href":"https:\/\/roveyayinevi.com.tr\/index.php\/wp-json\/wp\/v2\/product"}],"about":[{"href":"https:\/\/roveyayinevi.com.tr\/index.php\/wp-json\/wp\/v2\/types\/product"}],"wp:attachment":[{"href":"https:\/\/roveyayinevi.com.tr\/index.php\/wp-json\/wp\/v2\/media?parent=703676"}],"wp:term":[{"taxonomy":"product_brand","embeddable":true,"href":"https:\/\/roveyayinevi.com.tr\/index.php\/wp-json\/wp\/v2\/product_brand?post=703676"},{"taxonomy":"product_cat","embeddable":true,"href":"https:\/\/roveyayinevi.com.tr\/index.php\/wp-json\/wp\/v2\/product_cat?post=703676"},{"taxonomy":"product_tag","embeddable":true,"href":"https:\/\/roveyayinevi.com.tr\/index.php\/wp-json\/wp\/v2\/product_tag?post=703676"}],"curies":[{"name":"wp","href":"https:\/\/api.w.org\/{rel}","templated":true}]}}