{"id":703673,"date":"2025-08-27T15:28:26","date_gmt":"2025-08-27T12:28:26","guid":{"rendered":"https:\/\/roveyayinevi.com.tr\/index.php\/urun\/iyi-gunde-kotu-gunde-evlilik\/"},"modified":"2026-04-16T02:12:57","modified_gmt":"2026-04-15T23:12:57","slug":"iyi-gunde-kotu-gunde-evlilik","status":"publish","type":"product","link":"https:\/\/roveyayinevi.com.tr\/index.php\/urun\/iyi-gunde-kotu-gunde-evlilik\/","title":{"rendered":"\u0130yi G\u00fcnde K\u00f6t\u00fc G\u00fcnde Evlilik"},"content":{"rendered":"<p>Evlenmek f\u0131trata uygun bir ya\u015fama bi\u00e7imidir. F\u0131trat\u0131n aleyhinde bir tutum i\u00e7erisinde olmamal\u0131d\u0131r. Evlili\u011fin \u015fekli ne olursa olsun taraflar Ben yar\u0131m insan\u0131m. Evlilikle b\u00fct\u00fcnle\u015fecek, g\u00fc\u00e7l\u00fc ve \u00fcst\u00fcn olaca\u011f\u0131m. demelidir. Nik\u00e2h oyuncak olmamal\u0131, ni\u015fan da. Oyuncak edilirse Gayretullah\u2018a dokunur. Nik\u00e2hla d\u00fc\u011f\u00fcn\u00fcn aras\u0131 s\u0131f\u0131r olmal\u0131. M\u00fcsl\u00fcmanlar din\u00ee nik\u00e2h\u0131n \u00f6nemini bilseler korkudan titrerler, nik\u00e2hlar\u0131na zarar gelmemesi i\u00e7in dikkat ederlerdi. Vicdanl\u0131 ana baba \u00e7ocu\u011fun \u00f6lmesine raz\u0131 olur, ama s\u00fcr\u00fcnmesine raz\u0131 olmaz. E\u015f i\u00e7in anne, anne i\u00e7in de e\u015f feda edilmemeli, herkesin hukuku ayr\u0131 ayr\u0131 korunmal\u0131d\u0131r. Dikkat etmeliyiz, ufak gibi g\u00f6r\u00fcnen tedbirlerle \u00e7ok b\u00fcy\u00fck hadiseleri \u00f6nleyebiliriz&#8230; \ufffcTan\u0131t\u0131m Metni<\/p>\n","protected":false},"excerpt":{"rendered":"<p>Evlenmek f\u0131trata uygun bir ya\u015fama bi\u00e7imidir. F\u0131trat\u0131n aleyhinde bir tutum i\u00e7erisinde olmamal\u0131d\u0131r. Evlili\u011fin \u015fekli ne olursa olsun taraflar Ben yar\u0131m insan\u0131m. Evlilikle b\u00fct\u00fcnle\u015fecek, g\u00fc\u00e7l\u00fc ve \u00fcst\u00fcn<span class=\"excerpt-hellip\"> [\u2026]<\/span><\/p>\n","protected":false},"featured_media":0,"template":"","meta":{"_monsterinsights_skip_tracking":false,"_monsterinsights_sitenote_active":false,"_monsterinsights_sitenote_note":"","_monsterinsights_sitenote_category":0},"product_brand":[],"product_cat":[16789,12718,12719],"product_tag":[],"class_list":{"0":"post-703673","1":"product","2":"type-product","3":"status-publish","5":"product_cat-diger-islam","6":"product_cat-din","7":"product_cat-islam","8":"pa_tur-kitap","9":"pa_yayinevi-timas-yayinlari","10":"pa_yazar-hekimoglu-ismail","12":"first","13":"instock","14":"sale","15":"shipping-taxable","16":"purchasable","17":"product-type-simple"},"_links":{"self":[{"href":"https:\/\/roveyayinevi.com.tr\/index.php\/wp-json\/wp\/v2\/product\/703673","targetHints":{"allow":["GET"]}}],"collection":[{"href":"https:\/\/roveyayinevi.com.tr\/index.php\/wp-json\/wp\/v2\/product"}],"about":[{"href":"https:\/\/roveyayinevi.com.tr\/index.php\/wp-json\/wp\/v2\/types\/product"}],"wp:attachment":[{"href":"https:\/\/roveyayinevi.com.tr\/index.php\/wp-json\/wp\/v2\/media?parent=703673"}],"wp:term":[{"taxonomy":"product_brand","embeddable":true,"href":"https:\/\/roveyayinevi.com.tr\/index.php\/wp-json\/wp\/v2\/product_brand?post=703673"},{"taxonomy":"product_cat","embeddable":true,"href":"https:\/\/roveyayinevi.com.tr\/index.php\/wp-json\/wp\/v2\/product_cat?post=703673"},{"taxonomy":"product_tag","embeddable":true,"href":"https:\/\/roveyayinevi.com.tr\/index.php\/wp-json\/wp\/v2\/product_tag?post=703673"}],"curies":[{"name":"wp","href":"https:\/\/api.w.org\/{rel}","templated":true}]}}