{"id":703672,"date":"2025-08-27T15:28:25","date_gmt":"2025-08-27T12:28:25","guid":{"rendered":"https:\/\/roveyayinevi.com.tr\/index.php\/urun\/marksizme-sira-disi-bir-giris\/"},"modified":"2026-04-16T02:12:57","modified_gmt":"2026-04-15T23:12:57","slug":"marksizme-sira-disi-bir-giris","status":"publish","type":"product","link":"https:\/\/roveyayinevi.com.tr\/index.php\/urun\/marksizme-sira-disi-bir-giris\/","title":{"rendered":"Marksizme S\u0131ra D\u0131\u015f\u0131 Bir Giri\u015f"},"content":{"rendered":"<p>T\u00fcrkiyeli okurlar\u0131n Diyalekti\u011fin Dans\u0131 eseriyle tan\u0131d\u0131\u011f\u0131 Bertell Ollman\u2019\u0131n bu eseri, Marx\u2019\u0131n kapitalizm analizine bir giri\u015f niteli\u011fi ta\u015f\u0131yor. Ollman bir yandan konu hakk\u0131nda detayl\u0131 bilgiye sahip olmayan okuyucuya yabanc\u0131la\u015fma, de\u011fer kuram\u0131 ve proletarya diktat\u00f6rl\u00fc\u011f\u00fc gibi Marx\u2019\u0131n kuram\u0131n\u0131n ana kavramlar\u0131n\u0131 tan\u0131t\u0131yor, bu kavramlar\u0131n birbirleriyle ili\u015fkilerine ve genel kapitalizm kuram\u0131 i\u00e7indeki yerlerine vurgu yap\u0131yor. Bir yandan da akademi i\u00e7ine s\u0131k\u0131\u015f\u0131p kalan Marksizm ve sosyalizm tart\u0131\u015fmalar\u0131n\u0131n \u00e7\u0131kmazlar\u0131n\u0131n alt\u0131n\u0131 \u00e7izerek konuya daha a\u015fina okuyuculara ve e\u011fitmenlere sesleniyor. Bu a\u00e7\u0131dan eser Marksizmin temel kavramlar\u0131n\u0131n farkl\u0131 bir yorumu olmaktan \u00f6teye ge\u00e7iyor; bir Marksistin, akademisyen ve eylemci olarak kayg\u0131 ve umutlar\u0131n\u0131 payla\u015ft\u0131\u011f\u0131 i\u00e7ten bir sohbeti de i\u00e7eriyor. Kapitalizmin krizlerle sars\u0131ld\u0131\u011f\u0131 bir d\u00f6nemde sosyalizm bir hayal de\u011fil, ya\u015fad\u0131\u011f\u0131m\u0131z yoksulluk ve kaostan \u00e7ok daha ak\u0131lc\u0131, ger\u00e7ek d\u00fcnyada temellenen somut bir alternatif olarak kar\u015f\u0131m\u0131zda durur. Ollman\u2019\u0131n deyi\u015fiyle Marksizm bug\u00fcn\u00fc anlamland\u0131rmakla kalmaz; bunun yan\u0131nda s\u0131n\u0131f m\u00fccadelesiyle bug\u00fcn\u00fcn alternatiflerini ger\u00e7ekle\u015ftirmenin yollar\u0131n\u0131 da g\u00f6sterir. Gerisi ise, bize kalm\u0131\u015ft\u0131r! \ufffcTan\u0131t\u0131m Metni<\/p>\n","protected":false},"excerpt":{"rendered":"<p>T\u00fcrkiyeli okurlar\u0131n Diyalekti\u011fin Dans\u0131 eseriyle tan\u0131d\u0131\u011f\u0131 Bertell Ollman\u2019\u0131n bu eseri, Marx\u2019\u0131n kapitalizm analizine bir giri\u015f niteli\u011fi ta\u015f\u0131yor. Ollman bir yandan konu hakk\u0131nda detayl\u0131 bilgiye sahip olmayan<span class=\"excerpt-hellip\"> [\u2026]<\/span><\/p>\n","protected":false},"featured_media":0,"template":"","meta":{"_monsterinsights_skip_tracking":false,"_monsterinsights_sitenote_active":false,"_monsterinsights_sitenote_note":"","_monsterinsights_sitenote_category":0},"product_brand":[],"product_cat":[12364],"product_tag":[],"class_list":{"0":"post-703672","1":"product","2":"type-product","3":"status-publish","5":"product_cat-genel-konular","6":"pa_cilt-ciltsiz","7":"pa_tur-kitap","8":"pa_yayinevi-yordam-kitap","9":"pa_yazar-bertell-ollman","11":"first","12":"instock","13":"sale","14":"shipping-taxable","15":"purchasable","16":"product-type-simple"},"_links":{"self":[{"href":"https:\/\/roveyayinevi.com.tr\/index.php\/wp-json\/wp\/v2\/product\/703672","targetHints":{"allow":["GET"]}}],"collection":[{"href":"https:\/\/roveyayinevi.com.tr\/index.php\/wp-json\/wp\/v2\/product"}],"about":[{"href":"https:\/\/roveyayinevi.com.tr\/index.php\/wp-json\/wp\/v2\/types\/product"}],"wp:attachment":[{"href":"https:\/\/roveyayinevi.com.tr\/index.php\/wp-json\/wp\/v2\/media?parent=703672"}],"wp:term":[{"taxonomy":"product_brand","embeddable":true,"href":"https:\/\/roveyayinevi.com.tr\/index.php\/wp-json\/wp\/v2\/product_brand?post=703672"},{"taxonomy":"product_cat","embeddable":true,"href":"https:\/\/roveyayinevi.com.tr\/index.php\/wp-json\/wp\/v2\/product_cat?post=703672"},{"taxonomy":"product_tag","embeddable":true,"href":"https:\/\/roveyayinevi.com.tr\/index.php\/wp-json\/wp\/v2\/product_tag?post=703672"}],"curies":[{"name":"wp","href":"https:\/\/api.w.org\/{rel}","templated":true}]}}