{"id":703671,"date":"2025-08-27T15:28:25","date_gmt":"2025-08-27T12:28:25","guid":{"rendered":"https:\/\/roveyayinevi.com.tr\/index.php\/urun\/marksizm-insan-ve-toplum\/"},"modified":"2026-04-16T02:12:57","modified_gmt":"2026-04-15T23:12:57","slug":"marksizm-insan-ve-toplum","status":"publish","type":"product","link":"https:\/\/roveyayinevi.com.tr\/index.php\/urun\/marksizm-insan-ve-toplum\/","title":{"rendered":"Marksizm, \u0130nsan ve Toplum"},"content":{"rendered":"<p>Ki\u015fili\u011fimizi hangi \u00f6\u011feler belirliyor? \u0130\u00e7inde bulundu\u011fumuz toplumsal yap\u0131lar m\u0131? Bireysel \u00f6znelliklerimiz mi? Yoksa her iki unsurun ortak etkisi mi? Kapitalizm nas\u0131l bir insan tipine dayan\u0131yor? Ve bu insan tipini yaratmak i\u00e7in bilim ve felsefeyi nas\u0131l seferber ediyor? Psikoloji, antropoloji, psikanaliz ve n\u00f6robiyolojinin bu s\u00fcrece katk\u0131lar\u0131 nelerdir? Bu sorular son elli y\u0131l\u0131n felsefe ve insan bilimleri tart\u0131\u015fmalar\u0131n\u0131n en \u00e7ekici ba\u015fl\u0131klar\u0131n\u0131 olu\u015fturuyorlar. \ufffcTan\u0131t\u0131m Metni<\/p>\n","protected":false},"excerpt":{"rendered":"<p>Ki\u015fili\u011fimizi hangi \u00f6\u011feler belirliyor? \u0130\u00e7inde bulundu\u011fumuz toplumsal yap\u0131lar m\u0131? Bireysel \u00f6znelliklerimiz mi? Yoksa her iki unsurun ortak etkisi mi? Kapitalizm nas\u0131l bir insan tipine dayan\u0131yor? Ve<span class=\"excerpt-hellip\"> [\u2026]<\/span><\/p>\n","protected":false},"featured_media":0,"template":"","meta":{"_monsterinsights_skip_tracking":false,"_monsterinsights_sitenote_active":false,"_monsterinsights_sitenote_note":"","_monsterinsights_sitenote_category":0},"product_brand":[],"product_cat":[12358,12357],"product_tag":[],"class_list":{"0":"post-703671","1":"product","2":"type-product","3":"status-publish","5":"product_cat-genel-psikoloji","6":"product_cat-psikoloji","7":"pa_cilt-ciltsiz","8":"pa_tur-kitap","9":"pa_yayinevi-yordam-kitap","10":"pa_yazar-taner-timur","12":"first","13":"instock","14":"sale","15":"shipping-taxable","16":"purchasable","17":"product-type-simple"},"_links":{"self":[{"href":"https:\/\/roveyayinevi.com.tr\/index.php\/wp-json\/wp\/v2\/product\/703671","targetHints":{"allow":["GET"]}}],"collection":[{"href":"https:\/\/roveyayinevi.com.tr\/index.php\/wp-json\/wp\/v2\/product"}],"about":[{"href":"https:\/\/roveyayinevi.com.tr\/index.php\/wp-json\/wp\/v2\/types\/product"}],"wp:attachment":[{"href":"https:\/\/roveyayinevi.com.tr\/index.php\/wp-json\/wp\/v2\/media?parent=703671"}],"wp:term":[{"taxonomy":"product_brand","embeddable":true,"href":"https:\/\/roveyayinevi.com.tr\/index.php\/wp-json\/wp\/v2\/product_brand?post=703671"},{"taxonomy":"product_cat","embeddable":true,"href":"https:\/\/roveyayinevi.com.tr\/index.php\/wp-json\/wp\/v2\/product_cat?post=703671"},{"taxonomy":"product_tag","embeddable":true,"href":"https:\/\/roveyayinevi.com.tr\/index.php\/wp-json\/wp\/v2\/product_tag?post=703671"}],"curies":[{"name":"wp","href":"https:\/\/api.w.org\/{rel}","templated":true}]}}