{"id":703670,"date":"2025-08-27T15:28:25","date_gmt":"2025-08-27T12:28:25","guid":{"rendered":"https:\/\/roveyayinevi.com.tr\/index.php\/urun\/kapital-cilt-3\/"},"modified":"2026-04-16T02:12:57","modified_gmt":"2026-04-15T23:12:57","slug":"kapital-cilt-3","status":"publish","type":"product","link":"https:\/\/roveyayinevi.com.tr\/index.php\/urun\/kapital-cilt-3\/","title":{"rendered":"Kapital Cilt 3"},"content":{"rendered":"<p>Bu kitap, Karl Marx\u2019\u0131n ve Marksizmin temel yap\u0131t\u0131 Kapital\u2019in tamam\u0131n\u0131, Almanca asl\u0131ndan \u00e7evrilmi\u015f olarak T\u00fcrk\u00e7eye kazand\u0131rma, b\u00f6ylece T\u00fcrk\u00e7e Marksist edebiyat\u0131n en b\u00fcy\u00fck eksi\u011fini giderme yolundaki giri\u015fimin \u00fc\u00e7\u00fcnc\u00fc ve son ad\u0131m\u0131n\u0131 olu\u015fturuyor.Marksist iktisat alan\u0131na h\u00e2kim \u00e7evirmenler Mehmet Selik ile Erkin \u00d6zalp\u2019in Almanca asl\u0131ndan T\u00fcrk\u00e7eye kazand\u0131rd\u0131\u011f\u0131 eser, titiz bir edit\u00f6rl\u00fck \u00e7al\u0131\u015fmas\u0131yla yay\u0131na haz\u0131rland\u0131.\u201c[Kapital] kesinlikle burjuvalar\u0131n (toprak sahipleri d\u00e2hil) kafas\u0131na \u015fimdiye dek f\u0131rlat\u0131lm\u0131\u015f en korkun\u00e7 g\u00fclledir.\u201d Marx\u2019tan Becker\u2019e 17 Nisan 1867 tarihli mektup\u201cYery\u00fcz\u00fcnde kapitalistler ve i\u015f\u00e7iler bulundu\u011fundan beri, i\u015f\u00e7iler i\u00e7in bu kitap kadar \u00f6nemli bir kitap \u00e7\u0131kmad\u0131.\u201d Friedrich Engels, \u201cMarx\u2019\u0131n Kapital\u2019i\u201d <\/p>\n","protected":false},"excerpt":{"rendered":"<p>Bu kitap, Karl Marx\u2019\u0131n ve Marksizmin temel yap\u0131t\u0131 Kapital\u2019in tamam\u0131n\u0131, Almanca asl\u0131ndan \u00e7evrilmi\u015f olarak T\u00fcrk\u00e7eye kazand\u0131rma, b\u00f6ylece T\u00fcrk\u00e7e Marksist edebiyat\u0131n en b\u00fcy\u00fck eksi\u011fini giderme yolundaki giri\u015fimin<span class=\"excerpt-hellip\"> [\u2026]<\/span><\/p>\n","protected":false},"featured_media":0,"template":"","meta":{"_monsterinsights_skip_tracking":false,"_monsterinsights_sitenote_active":false,"_monsterinsights_sitenote_note":"","_monsterinsights_sitenote_category":0},"product_brand":[],"product_cat":[12388,15536],"product_tag":[],"class_list":{"0":"post-703670","1":"product","2":"type-product","3":"status-publish","5":"product_cat-felsefe","6":"product_cat-siyaset-felsefesi","7":"pa_cilt-ciltsiz","8":"pa_tur-kitap","9":"pa_yayinevi-yordam-kitap","10":"pa_yazar-karl-marx","12":"first","13":"instock","14":"sale","15":"shipping-taxable","16":"purchasable","17":"product-type-simple"},"_links":{"self":[{"href":"https:\/\/roveyayinevi.com.tr\/index.php\/wp-json\/wp\/v2\/product\/703670","targetHints":{"allow":["GET"]}}],"collection":[{"href":"https:\/\/roveyayinevi.com.tr\/index.php\/wp-json\/wp\/v2\/product"}],"about":[{"href":"https:\/\/roveyayinevi.com.tr\/index.php\/wp-json\/wp\/v2\/types\/product"}],"wp:attachment":[{"href":"https:\/\/roveyayinevi.com.tr\/index.php\/wp-json\/wp\/v2\/media?parent=703670"}],"wp:term":[{"taxonomy":"product_brand","embeddable":true,"href":"https:\/\/roveyayinevi.com.tr\/index.php\/wp-json\/wp\/v2\/product_brand?post=703670"},{"taxonomy":"product_cat","embeddable":true,"href":"https:\/\/roveyayinevi.com.tr\/index.php\/wp-json\/wp\/v2\/product_cat?post=703670"},{"taxonomy":"product_tag","embeddable":true,"href":"https:\/\/roveyayinevi.com.tr\/index.php\/wp-json\/wp\/v2\/product_tag?post=703670"}],"curies":[{"name":"wp","href":"https:\/\/api.w.org\/{rel}","templated":true}]}}