{"id":703666,"date":"2025-08-27T15:28:23","date_gmt":"2025-08-27T12:28:23","guid":{"rendered":"https:\/\/roveyayinevi.com.tr\/index.php\/urun\/naim-hoca-halk-adami-din-adami-millet-adami\/"},"modified":"2026-04-16T02:12:57","modified_gmt":"2026-04-15T23:12:57","slug":"naim-hoca-halk-adami-din-adami-millet-adami","status":"publish","type":"product","link":"https:\/\/roveyayinevi.com.tr\/index.php\/urun\/naim-hoca-halk-adami-din-adami-millet-adami\/","title":{"rendered":"Naim Hoca : Halk Adam\u0131, Din Adam\u0131, Millet Adam\u0131"},"content":{"rendered":"<p>\u015eehirler, \u00f6nemli tabiat \u00f6zellikleri, tarihi yap\u0131lar\u0131 ile tan\u0131nd\u0131klar\u0131 kadar, orada yeti\u015fmi\u015f \u00f6nemli ki\u015filerle de kimlik kazan\u0131rlar. Erzurum da Paland\u00f6ken da\u011flar\u0131, Aziziye zaferi, ge\u00e7irdi\u011fi i\u015fgaller ve u\u011frad\u0131\u011f\u0131 katliamlar, k\u0131\u015f\u0131n\u0131n uzunlu\u011fu, Yakutiye ve Hatuniye Medreseleriyle beraber T\u00fcrk k\u00fclt\u00fcr tarihine mal olmu\u015f \u00e7ok say\u0131da \u00fcnl\u00fc simas\u0131yla tan\u0131n\u0131r. Bunlardan biri de Naim Hoca\u2019d\u0131r. Naim Hoca, hayatta oldu\u011fu y\u0131llarda Erzurumlular\u0131n g\u00f6nl\u00fcnde taht kurmu\u015f bir \u015fahsiyetti. Kendine \u00f6zg\u00fc konu\u015fma ve anlat\u0131m tarz\u0131, onun tan\u0131nmas\u0131nda ilk sebepti. <\/p>\n","protected":false},"excerpt":{"rendered":"<p>\u015eehirler, \u00f6nemli tabiat \u00f6zellikleri, tarihi yap\u0131lar\u0131 ile tan\u0131nd\u0131klar\u0131 kadar, orada yeti\u015fmi\u015f \u00f6nemli ki\u015filerle de kimlik kazan\u0131rlar. Erzurum da Paland\u00f6ken da\u011flar\u0131, Aziziye zaferi, ge\u00e7irdi\u011fi i\u015fgaller ve u\u011frad\u0131\u011f\u0131<span class=\"excerpt-hellip\"> [\u2026]<\/span><\/p>\n","protected":false},"featured_media":0,"template":"","meta":{"_monsterinsights_skip_tracking":false,"_monsterinsights_sitenote_active":false,"_monsterinsights_sitenote_note":"","_monsterinsights_sitenote_category":0},"product_brand":[],"product_cat":[14009,12291],"product_tag":[],"class_list":{"0":"post-703666","1":"product","2":"type-product","3":"status-publish","5":"product_cat-biyografi-otobiyografi-edebiyat","6":"product_cat-edebiyat","7":"pa_tur-kitap","8":"pa_yayinevi-dergah-yayinlari","9":"pa_yazar-h-omer-ozden","11":"first","12":"instock","13":"sale","14":"shipping-taxable","15":"purchasable","16":"product-type-simple"},"_links":{"self":[{"href":"https:\/\/roveyayinevi.com.tr\/index.php\/wp-json\/wp\/v2\/product\/703666","targetHints":{"allow":["GET"]}}],"collection":[{"href":"https:\/\/roveyayinevi.com.tr\/index.php\/wp-json\/wp\/v2\/product"}],"about":[{"href":"https:\/\/roveyayinevi.com.tr\/index.php\/wp-json\/wp\/v2\/types\/product"}],"wp:attachment":[{"href":"https:\/\/roveyayinevi.com.tr\/index.php\/wp-json\/wp\/v2\/media?parent=703666"}],"wp:term":[{"taxonomy":"product_brand","embeddable":true,"href":"https:\/\/roveyayinevi.com.tr\/index.php\/wp-json\/wp\/v2\/product_brand?post=703666"},{"taxonomy":"product_cat","embeddable":true,"href":"https:\/\/roveyayinevi.com.tr\/index.php\/wp-json\/wp\/v2\/product_cat?post=703666"},{"taxonomy":"product_tag","embeddable":true,"href":"https:\/\/roveyayinevi.com.tr\/index.php\/wp-json\/wp\/v2\/product_tag?post=703666"}],"curies":[{"name":"wp","href":"https:\/\/api.w.org\/{rel}","templated":true}]}}