{"id":703662,"date":"2025-08-27T15:28:21","date_gmt":"2025-08-27T12:28:21","guid":{"rendered":"https:\/\/roveyayinevi.com.tr\/index.php\/urun\/bilim-adamlarimiz-serisi-ulug-bey\/"},"modified":"2026-04-16T02:12:56","modified_gmt":"2026-04-15T23:12:56","slug":"bilim-adamlarimiz-serisi-ulug-bey","status":"publish","type":"product","link":"https:\/\/roveyayinevi.com.tr\/index.php\/urun\/bilim-adamlarimiz-serisi-ulug-bey\/","title":{"rendered":"Bilim Adamlar\u0131m\u0131z Serisi: Ulu\u011f Bey"},"content":{"rendered":"<p>T\u00fcrk d\u00fcnyas\u0131n\u0131n 15. as\u0131rda yeti\u015ftirdi\u011fi en b\u00fcy\u00fck astronomi bilgini ve Timur Han\u2019\u0131n torunu olan Ulu\u011f Bey, 22 Mart 1394\u2032te G\u00fcney Azerbaycan\u2019daki Sultaniyye\u2019de do\u011fdu. \u0130yi bir e\u011fitim g\u00f6rerek, 13 ya\u015f\u0131ndayken Horasan ve Mavera\u00fcnnehir eyaletlerine hakan naibi oldu. Fen bilimleri ve astronomiye merak\u0131, kendisini d\u00fcnya tarihinin en b\u00fcy\u00fck astronomlar\u0131ndan biri haline getirdi. \u0130lim adaml\u0131\u011f\u0131 yan\u0131nda devlet adaml\u0131\u011f\u0131 vasf\u0131 da y\u00fcksek olan Ulu\u011f Bey, Semerkand\u2019da 38 y\u0131l h\u00fck\u00fcmdarl\u0131k yapt\u0131. Bir akademi haline getirdi\u011fi saray\u0131, devrin me\u015fhur \u00e2limlerinin toplan\u0131p tart\u0131\u015ft\u0131\u011f\u0131 bir mekan oldu. \ufffcTan\u0131t\u0131m Metni<\/p>\n","protected":false},"excerpt":{"rendered":"<p>T\u00fcrk d\u00fcnyas\u0131n\u0131n 15. as\u0131rda yeti\u015ftirdi\u011fi en b\u00fcy\u00fck astronomi bilgini ve Timur Han\u2019\u0131n torunu olan Ulu\u011f Bey, 22 Mart 1394\u2032te G\u00fcney Azerbaycan\u2019daki Sultaniyye\u2019de do\u011fdu. \u0130yi bir e\u011fitim<span class=\"excerpt-hellip\"> [\u2026]<\/span><\/p>\n","protected":false},"featured_media":0,"template":"","meta":{"_monsterinsights_skip_tracking":false,"_monsterinsights_sitenote_active":false,"_monsterinsights_sitenote_note":"","_monsterinsights_sitenote_category":0},"product_brand":[],"product_cat":[12370,12304],"product_tag":[],"class_list":{"0":"post-703662","1":"product","2":"type-product","3":"status-publish","5":"product_cat-arastirma-inceleme","6":"product_cat-tarih","7":"pa_tur-kitap","8":"pa_yayinevi-parola-yayinlari","9":"pa_yazar-ali-kuzu","11":"first","12":"instock","13":"sale","14":"shipping-taxable","15":"purchasable","16":"product-type-simple"},"_links":{"self":[{"href":"https:\/\/roveyayinevi.com.tr\/index.php\/wp-json\/wp\/v2\/product\/703662","targetHints":{"allow":["GET"]}}],"collection":[{"href":"https:\/\/roveyayinevi.com.tr\/index.php\/wp-json\/wp\/v2\/product"}],"about":[{"href":"https:\/\/roveyayinevi.com.tr\/index.php\/wp-json\/wp\/v2\/types\/product"}],"wp:attachment":[{"href":"https:\/\/roveyayinevi.com.tr\/index.php\/wp-json\/wp\/v2\/media?parent=703662"}],"wp:term":[{"taxonomy":"product_brand","embeddable":true,"href":"https:\/\/roveyayinevi.com.tr\/index.php\/wp-json\/wp\/v2\/product_brand?post=703662"},{"taxonomy":"product_cat","embeddable":true,"href":"https:\/\/roveyayinevi.com.tr\/index.php\/wp-json\/wp\/v2\/product_cat?post=703662"},{"taxonomy":"product_tag","embeddable":true,"href":"https:\/\/roveyayinevi.com.tr\/index.php\/wp-json\/wp\/v2\/product_tag?post=703662"}],"curies":[{"name":"wp","href":"https:\/\/api.w.org\/{rel}","templated":true}]}}