{"id":703660,"date":"2025-08-27T15:28:20","date_gmt":"2025-08-27T12:28:20","guid":{"rendered":"https:\/\/roveyayinevi.com.tr\/index.php\/urun\/kelebek-adasi\/"},"modified":"2026-04-16T02:12:56","modified_gmt":"2026-04-15T23:12:56","slug":"kelebek-adasi","status":"publish","type":"product","link":"https:\/\/roveyayinevi.com.tr\/index.php\/urun\/kelebek-adasi\/","title":{"rendered":"Kelebek Adas\u0131"},"content":{"rendered":"<p>Binbir renk, binbir \u00e7i\u00e7ek ve \u00e7ay kokular\u0131 aras\u0131nda ya\u015fanan yasak bir a\u015fk hikayesi15 \u015eubat 1888\u00c7ok sevgili Grace,Ge\u00e7en zaman zarf\u0131nda beni ba\u011f\u0131\u015flayabildin mi, bilmiyorum.Mektubumu hemen \u015f\u00f6minenin alevlerine savurmay\u0131p da okuyorsan e\u011fer, ac\u0131 ac\u0131 g\u00fcl\u00fcms\u00fcyorsundur herhalde. Bana bir \u015fans vermeni b\u00fct\u00fcn kalbimle diliyorum. \u00c7\u00fcnk\u00fc seni umutland\u0131raca\u011f\u0131n\u0131 d\u00fc\u015f\u00fcnd\u00fc\u011f\u00fcm bir haberim var. Sen buradan ayr\u0131ld\u0131ktan k\u0131sa bir s\u00fcre sonra o, penceremin \u00f6n\u00fcnde belirip yak\u0131nda senin yan\u0131na gidece\u011fini s\u00f6yledi. Senin ad\u0131na saklamam i\u00e7in bana bir \u015fey verdi \u00e7\u00fcnk\u00fc kendine ait bir evi yok art\u0131k. Seni masallarda oldu\u011fu gibi eski duvarlar\u0131n aras\u0131ndan ka\u00e7\u0131raca\u011f\u0131na ve ikinizin mutlulu\u011fu sonunda mutlaka yakalayaca\u011f\u0131n\u0131za inan\u0131yorum. Sevgili karde\u015fim, sana s\u00f6z veriyorum, her zaman senin ve sevdiklerinin yan\u0131nda olaca\u011f\u0131m. Bunu hepinize bor\u00e7luyum.\u0130\u00e7ten sevgilerimle,- VictoriaKocas\u0131n\u0131n ihanetini \u00f6\u011frenen Berlinli avukat Diana Wagenbach, \u0130ngiltere\u2019de ya\u015fayan teyzesi Emmely\u2019nin \u00f6l\u00fcm\u00fcyle d\u00fcnyada yapayaln\u0131z kalm\u0131\u015ft\u0131r. Teyzesinin malikanesinde gen\u00e7 bir k\u0131z\u0131n sararm\u0131\u015f foto\u011fraf\u0131n\u0131 bulanan Diana\u2019n\u0131n kar\u015f\u0131s\u0131na bir s\u00fcr\u00fc bilinmez \u00e7\u0131km\u0131\u015ft\u0131r. Acaba bu gen\u00e7 k\u0131z, Diana\u2019n\u0131n Seylan\u2019da ya\u015fam\u0131\u015f olan b\u00fcy\u00fck b\u00fcy\u00fckannesi midir? K\u00f6klerini bulmak i\u00e7in d\u00fcnyan\u0131n \u00f6b\u00fcr ucuna gitmeyi g\u00f6ze alan Diana\u2019y\u0131, insan\u0131 frangipani \u00e7i\u00e7ekleri ve \u00e7ay kokusuyla sarmalayan Sri Lanka\u2019da, atalar\u0131n\u0131n hayat\u0131n\u0131 de\u011fi\u015ftiren bir kehanet, hi\u00e7bir g\u00fcc\u00fcn t\u00fcketemedi\u011fi yasak bir a\u015fk ve ailesinin derinlere g\u00f6m\u00fcl\u00fc s\u0131rlar\u0131 beklemektedir. \u201cKelebek Adas\u0131, Corina Bomann\u2019\u0131n kelimeleriyle yaratt\u0131\u011f\u0131 ve okuyucunun kalbinde gitgide b\u00fcy\u00fcyen bir b\u00fcy\u00fcye sahip.\u201d- Amazon.com\u201cSeylan \u00e7ay\u0131n\u0131n izinde bir a\u015fk roman\u0131.\u201d- Histo-couch.de\u201cS\u0131cak yaz ak\u015famlar\u0131 i\u00e7in bi\u00e7ilmi\u015f kaftan, bir kere ba\u015flad\u0131\u011f\u0131n\u0131zda elinizden b\u0131rakamayacaks\u0131n\u0131z.\u201d- Mobil\u201cCorina Bomann, Kelebek Adas\u0131\u2019yla okuyucusuna eksiksiz bir aile destan\u0131 sunuyor.\u201d-Kwick.de\u201cBu roman\u0131n kahramanlar\u0131 i\u00e7inize o kadar i\u015fleyecek ki kitab\u0131 bir an bile elinizden b\u0131rakmak istemeyeceksiniz.\u201d- Buchwelten.wordpress.com<\/p>\n","protected":false},"excerpt":{"rendered":"<p>Binbir renk, binbir \u00e7i\u00e7ek ve \u00e7ay kokular\u0131 aras\u0131nda ya\u015fanan yasak bir a\u015fk hikayesi15 \u015eubat 1888\u00c7ok sevgili Grace,Ge\u00e7en zaman zarf\u0131nda beni ba\u011f\u0131\u015flayabildin mi, bilmiyorum.Mektubumu hemen \u015f\u00f6minenin alevlerine<span class=\"excerpt-hellip\"> [\u2026]<\/span><\/p>\n","protected":false},"featured_media":0,"template":"","meta":{"_monsterinsights_skip_tracking":false,"_monsterinsights_sitenote_active":false,"_monsterinsights_sitenote_note":"","_monsterinsights_sitenote_category":0},"product_brand":[],"product_cat":[12291,12711],"product_tag":[],"class_list":{"0":"post-703660","1":"product","2":"type-product","3":"status-publish","5":"product_cat-edebiyat","6":"product_cat-roman-oyku","7":"pa_cilt-ciltsiz","8":"pa_tur-kitap","9":"pa_yayinevi-pegasus-yayinlari","10":"pa_yazar-corina-bomann","12":"first","13":"instock","14":"sale","15":"shipping-taxable","16":"purchasable","17":"product-type-simple"},"_links":{"self":[{"href":"https:\/\/roveyayinevi.com.tr\/index.php\/wp-json\/wp\/v2\/product\/703660","targetHints":{"allow":["GET"]}}],"collection":[{"href":"https:\/\/roveyayinevi.com.tr\/index.php\/wp-json\/wp\/v2\/product"}],"about":[{"href":"https:\/\/roveyayinevi.com.tr\/index.php\/wp-json\/wp\/v2\/types\/product"}],"wp:attachment":[{"href":"https:\/\/roveyayinevi.com.tr\/index.php\/wp-json\/wp\/v2\/media?parent=703660"}],"wp:term":[{"taxonomy":"product_brand","embeddable":true,"href":"https:\/\/roveyayinevi.com.tr\/index.php\/wp-json\/wp\/v2\/product_brand?post=703660"},{"taxonomy":"product_cat","embeddable":true,"href":"https:\/\/roveyayinevi.com.tr\/index.php\/wp-json\/wp\/v2\/product_cat?post=703660"},{"taxonomy":"product_tag","embeddable":true,"href":"https:\/\/roveyayinevi.com.tr\/index.php\/wp-json\/wp\/v2\/product_tag?post=703660"}],"curies":[{"name":"wp","href":"https:\/\/api.w.org\/{rel}","templated":true}]}}