{"id":703653,"date":"2025-08-27T15:28:17","date_gmt":"2025-08-27T12:28:17","guid":{"rendered":"https:\/\/roveyayinevi.com.tr\/index.php\/urun\/bilim-adamlarimiz-serisi-hezarfen-ve-lagari\/"},"modified":"2026-04-16T02:12:56","modified_gmt":"2026-04-15T23:12:56","slug":"bilim-adamlarimiz-serisi-hezarfen-ve-lagari","status":"publish","type":"product","link":"https:\/\/roveyayinevi.com.tr\/index.php\/urun\/bilim-adamlarimiz-serisi-hezarfen-ve-lagari\/","title":{"rendered":"Bilim Adamlar\u0131m\u0131z Serisi: Hezarfen ve Lagari"},"content":{"rendered":"<p>Eskiden beri tekrarlay\u0131p durdu\u011fumuz bir s\u00f6z vard\u0131r: \u201cBat\u0131l\u0131lar bu teknolojiyi bizden alm\u0131\u015flar!\u201d Fakat onlar\u0131n \u201cbizden\u201d al\u0131p da \u201ckendilerine\u201d m\u00e2l ettikleri bu \u201cke\u015fif\u201dlerin neler oldu\u011funu kendimiz de bilmeyiz. Osmanl\u0131 T\u00fcrklerinin yapt\u0131klar\u0131 \u00e7ok b\u00fcy\u00fck ke\u015fiflere bu yavuz medeniyet h\u0131rs\u0131zlar\u0131n\u0131n daha d\u00fcn ula\u015ft\u0131\u011f\u0131n\u0131 bilmeyen uyurgezerler, kendi ge\u00e7mi\u015flerinden tamamen bihaber olduklar\u0131 i\u00e7in kendi atalar\u0131n\u0131 k\u00fc\u00e7\u00fcmser, hatta onlar\u0131n \u201cke\u015fif\u201dlerinin basit \u015feyler oldu\u011funu zannedip bu gibi s\u00f6zlerle alay bile ederler! Halbuki Avrupa\u2019daki \u201cmucit\u201d k\u0131l\u0131kl\u0131 soytar\u0131lar daha yerde y\u00fcr\u00fcmeyi dahi bilmezken, Hezarfen Ahmet \u00c7elebi 17. y\u00fczy\u0131lda ke\u015ffetti\u011fi ilk \u201cplan\u00f6r\u201dle g\u00f6ky\u00fcz\u00fcnde kanat \u00e7\u0131rp\u0131yor; Lagari Hasan \u00c7elebi ise yine ayn\u0131 as\u0131rda, D\u00f6rd\u00fcnc\u00fc Murat\u2019\u0131n huzurunda \u201cfi\u015feg-i keb\u00eer\u201dini ihti\u015famla ate\u015fleyip, ke\u015ffetti\u011fi ilk \u201cinsanl\u0131 f\u00fcze\u201d ile g\u00f6\u011f\u00fcn doruklar\u0131nda mesafeler kat ediyordu. <\/p>\n","protected":false},"excerpt":{"rendered":"<p>Eskiden beri tekrarlay\u0131p durdu\u011fumuz bir s\u00f6z vard\u0131r: \u201cBat\u0131l\u0131lar bu teknolojiyi bizden alm\u0131\u015flar!\u201d Fakat onlar\u0131n \u201cbizden\u201d al\u0131p da \u201ckendilerine\u201d m\u00e2l ettikleri bu \u201cke\u015fif\u201dlerin neler oldu\u011funu kendimiz de<span class=\"excerpt-hellip\"> [\u2026]<\/span><\/p>\n","protected":false},"featured_media":0,"template":"","meta":{"_monsterinsights_skip_tracking":false,"_monsterinsights_sitenote_active":false,"_monsterinsights_sitenote_note":"","_monsterinsights_sitenote_category":0},"product_brand":[],"product_cat":[12370,12304],"product_tag":[],"class_list":{"0":"post-703653","1":"product","2":"type-product","3":"status-publish","5":"product_cat-arastirma-inceleme","6":"product_cat-tarih","7":"pa_tur-kitap","8":"pa_yayinevi-parola-yayinlari","9":"pa_yazar-ali-kuzu","11":"first","12":"instock","13":"sale","14":"shipping-taxable","15":"purchasable","16":"product-type-simple"},"_links":{"self":[{"href":"https:\/\/roveyayinevi.com.tr\/index.php\/wp-json\/wp\/v2\/product\/703653","targetHints":{"allow":["GET"]}}],"collection":[{"href":"https:\/\/roveyayinevi.com.tr\/index.php\/wp-json\/wp\/v2\/product"}],"about":[{"href":"https:\/\/roveyayinevi.com.tr\/index.php\/wp-json\/wp\/v2\/types\/product"}],"wp:attachment":[{"href":"https:\/\/roveyayinevi.com.tr\/index.php\/wp-json\/wp\/v2\/media?parent=703653"}],"wp:term":[{"taxonomy":"product_brand","embeddable":true,"href":"https:\/\/roveyayinevi.com.tr\/index.php\/wp-json\/wp\/v2\/product_brand?post=703653"},{"taxonomy":"product_cat","embeddable":true,"href":"https:\/\/roveyayinevi.com.tr\/index.php\/wp-json\/wp\/v2\/product_cat?post=703653"},{"taxonomy":"product_tag","embeddable":true,"href":"https:\/\/roveyayinevi.com.tr\/index.php\/wp-json\/wp\/v2\/product_tag?post=703653"}],"curies":[{"name":"wp","href":"https:\/\/api.w.org\/{rel}","templated":true}]}}