{"id":703652,"date":"2025-08-27T15:28:17","date_gmt":"2025-08-27T12:28:17","guid":{"rendered":"https:\/\/roveyayinevi.com.tr\/index.php\/urun\/kus-dili\/"},"modified":"2026-04-16T02:12:56","modified_gmt":"2026-04-15T23:12:56","slug":"kus-dili","status":"publish","type":"product","link":"https:\/\/roveyayinevi.com.tr\/index.php\/urun\/kus-dili\/","title":{"rendered":"Ku\u015f Dili"},"content":{"rendered":"<p>G\u00fcvercinle arkada\u015fl\u0131k kuran ve bir cinayeti kendince \u00e7\u00f6zmeye kalk\u0131\u015fan s\u0131ra d\u0131\u015f\u0131 bir \u00e7ocu\u011fun y\u00fcreklere dokunan hikayesi\u2026\u00d6len \u00e7ocu\u011fun annesi kan\u0131n ba\u015f\u0131nda n\u00f6bet tutuyordu. Belli ki kan\u0131n orada kalmas\u0131n\u0131 istiyordu. Ya\u011fmur ya\u011f\u0131p kan\u0131 temizlemek istiyordu ama o izin vermiyordu. A\u011flam\u0131yordu bile. Sanki ya\u011fmuru korkutup g\u00f6ky\u00fcz\u00fcne geri g\u00f6ndermek onun i\u015fiymi\u015f gibi kaskat\u0131 ve k\u0131zg\u0131nd\u0131. Bir g\u00fcvercin kendi lokmas\u0131n\u0131 ar\u0131yordu. Do\u011fruca kan g\u00f6l\u00fcn\u00fcn i\u00e7ine do\u011fru y\u00fcr\u00fcd\u00fc. Hatta \u00fcz\u00fcld\u00fc\u011f\u00fc bile s\u00f6ylenebilirdi, g\u00f6zlerinin \u00e7evresi pespembe ve cans\u0131zd\u0131. Yedinci s\u0131n\u0131flar\u0131n en iyi ikinci ko\u015fucusu olan on bir ya\u015f\u0131ndaki Harrison Opoku, yanlar\u0131na ke\u00e7eli kalemle Adidas \u00e7izgileri \u00e7izdi\u011fi spor ayakkab\u0131lar\u0131yla \u0130ngiltere\u2019deki yeni hayat\u0131na al\u0131\u015fmaya \u00e7al\u0131\u015f\u0131rken nas\u0131l bir tehditle kar\u015f\u0131 kar\u015f\u0131ya oldu\u011fundan habersizdir. Annesi ve ablas\u0131 Lydia\u2019yla birlikte k\u0131sa bir s\u00fcre \u00f6nce Gana\u2019dan gelen Harri, Haribo \u015fekerlemelerinden okulundaki b\u00fcy\u00fck \u00e7ocuklar\u0131n kurdu\u011fu korkun\u00e7 ama hayranl\u0131k uyand\u0131r\u0131c\u0131 \u00e7etelere kadar \u015fehir hayat\u0131n\u0131n ona \u00e7ok yabanc\u0131 gelen y\u00f6nlerini sindirmeye \u00e7al\u0131\u015f\u0131yordur. Fakat arkada\u015flar\u0131ndan biri bir cinayete kurban gidince Harri\u2019nin hayat\u0131 sonsuza dek de\u011fi\u015fir. Kurban\u0131n neredeyse yeni olan kramponlar\u0131, olay yeri \u015feridinin ard\u0131nda bir zafer ni\u015fanesi olarak t\u0131rabzanlardan sarkarken polislerin sorgulamalar\u0131 sonu\u00e7suz kalmaktad\u0131r. Harri harekete ge\u00e7meye karar vererek annesinin onlar\u0131 korumak i\u00e7in \u00f6rd\u00fc\u011f\u00fc hassas duvarlarda fark\u0131nda olmadan \u00e7atlaklar olu\u015fturur.\u201cKu\u015f Dili a\u015f\u0131k olaca\u011f\u0131n\u0131z bir roman: ger\u00e7ek\u00e7i ve sars\u0131c\u0131.\u201d- The Times\u201c\u00dcrk\u00fct\u00fcc\u00fc, duygusal ve e\u011flenceli\u2026 Ku\u015f Dili\u2019ni milyonlar okuyacak.\u201d- Daily Telegraph\u201cHarri\u2019ye \u00e2\u015f\u0131k olmaya haz\u0131r olun. Gana\u2019dan \u0130ngiltere\u2019ye g\u00f6\u00e7 eden 11 ya\u015f\u0131ndaki bir \u00e7ocu\u011fun yeni hayat\u0131na uyum sa\u011flamas\u0131n\u0131n \u0131\u015f\u0131l \u0131\u015f\u0131l, e\u011flenceli \u00f6yk\u00fcs\u00fc.\u201d &#8211; Shelf Awareness\u201cHem sahici hem de fantastik\u2026 Harrison Opoku\u2019nun t\u00fcm d\u00fcnyaya hayk\u0131rd\u0131klar\u0131 beni hem e\u011flendirdi hem de derinden etkiledi. Ku\u015f Dili ola\u011fan\u00fcst\u00fc bir roman.\u201d- Emma Donoghue\u201cBunun yazar\u0131n ilk kitab\u0131 oldu\u011funa inanmak olduk\u00e7a g\u00fc\u00e7. Hareketli, espirili ve tutkulu&#8230; Bu eser hem bo\u011faz\u0131n\u0131za d\u00fc\u011f\u00fcmlenecek hem de sizi kahkahalara bo\u011facak.\u201d- Guardian \ufffc<\/p>\n","protected":false},"excerpt":{"rendered":"<p>G\u00fcvercinle arkada\u015fl\u0131k kuran ve bir cinayeti kendince \u00e7\u00f6zmeye kalk\u0131\u015fan s\u0131ra d\u0131\u015f\u0131 bir \u00e7ocu\u011fun y\u00fcreklere dokunan hikayesi\u2026\u00d6len \u00e7ocu\u011fun annesi kan\u0131n ba\u015f\u0131nda n\u00f6bet tutuyordu. Belli ki kan\u0131n orada<span class=\"excerpt-hellip\"> [\u2026]<\/span><\/p>\n","protected":false},"featured_media":0,"template":"","meta":{"_monsterinsights_skip_tracking":false,"_monsterinsights_sitenote_active":false,"_monsterinsights_sitenote_note":"","_monsterinsights_sitenote_category":0},"product_brand":[],"product_cat":[12291,12711],"product_tag":[],"class_list":{"0":"post-703652","1":"product","2":"type-product","3":"status-publish","5":"product_cat-edebiyat","6":"product_cat-roman-oyku","7":"pa_cilt-ciltsiz","8":"pa_tur-kitap","9":"pa_yayinevi-pegasus-yayinlari","10":"pa_yazar-stephen-kelman","12":"first","13":"instock","14":"sale","15":"shipping-taxable","16":"purchasable","17":"product-type-simple"},"_links":{"self":[{"href":"https:\/\/roveyayinevi.com.tr\/index.php\/wp-json\/wp\/v2\/product\/703652","targetHints":{"allow":["GET"]}}],"collection":[{"href":"https:\/\/roveyayinevi.com.tr\/index.php\/wp-json\/wp\/v2\/product"}],"about":[{"href":"https:\/\/roveyayinevi.com.tr\/index.php\/wp-json\/wp\/v2\/types\/product"}],"wp:attachment":[{"href":"https:\/\/roveyayinevi.com.tr\/index.php\/wp-json\/wp\/v2\/media?parent=703652"}],"wp:term":[{"taxonomy":"product_brand","embeddable":true,"href":"https:\/\/roveyayinevi.com.tr\/index.php\/wp-json\/wp\/v2\/product_brand?post=703652"},{"taxonomy":"product_cat","embeddable":true,"href":"https:\/\/roveyayinevi.com.tr\/index.php\/wp-json\/wp\/v2\/product_cat?post=703652"},{"taxonomy":"product_tag","embeddable":true,"href":"https:\/\/roveyayinevi.com.tr\/index.php\/wp-json\/wp\/v2\/product_tag?post=703652"}],"curies":[{"name":"wp","href":"https:\/\/api.w.org\/{rel}","templated":true}]}}