{"id":703645,"date":"2025-08-27T15:28:13","date_gmt":"2025-08-27T12:28:13","guid":{"rendered":"https:\/\/roveyayinevi.com.tr\/index.php\/urun\/gilgamis-destani-4\/"},"modified":"2026-04-16T02:12:56","modified_gmt":"2026-04-15T23:12:56","slug":"gilgamis-destani-4","status":"publish","type":"product","link":"https:\/\/roveyayinevi.com.tr\/index.php\/urun\/gilgamis-destani-4\/","title":{"rendered":"G\u0131lgam\u0131\u015f Destan\u0131"},"content":{"rendered":"<p>Uruk kral\u0131 G\u0131lgam\u0131\u015f, adaletsiz ve bask\u0131c\u0131 y\u00f6netimiyle halk\u0131 \u00fczerinde korku estirmektedir. Bir g\u00fcn, sonradan medenile\u015fen, vah\u015fi dev Enkidu gelir ve kralla boy \u00f6l\u00e7\u00fc\u015f\u00fcr. \u0130kisinin de e\u015fit g\u00fc\u00e7 g\u00f6sterdi\u011fi, kazanan\u0131 olmayan bu kavgadan, onlar\u0131 \u00e7ok de\u011fi\u015ftirecek e\u015fsiz bir arkada\u015fl\u0131k do\u011far. En b\u00fcy\u00fck zaferleri birlikte kazanacak, en b\u00fcy\u00fck tehlikelere birlikte kar\u015f\u0131 koyacaklard\u0131r. \ufffcTan\u0131t\u0131m Metni<\/p>\n","protected":false},"excerpt":{"rendered":"<p>Uruk kral\u0131 G\u0131lgam\u0131\u015f, adaletsiz ve bask\u0131c\u0131 y\u00f6netimiyle halk\u0131 \u00fczerinde korku estirmektedir. Bir g\u00fcn, sonradan medenile\u015fen, vah\u015fi dev Enkidu gelir ve kralla boy \u00f6l\u00e7\u00fc\u015f\u00fcr. \u0130kisinin de e\u015fit<span class=\"excerpt-hellip\"> [\u2026]<\/span><\/p>\n","protected":false},"featured_media":0,"template":"","meta":{"_monsterinsights_skip_tracking":false,"_monsterinsights_sitenote_active":false,"_monsterinsights_sitenote_note":"","_monsterinsights_sitenote_category":0},"product_brand":[],"product_cat":[12274,12631],"product_tag":[],"class_list":{"0":"post-703645","1":"product","2":"type-product","3":"status-publish","5":"product_cat-cocuk-ve-genclik-kitaplari","6":"product_cat-diger-cocuk-ve-genclik-kitaplari","7":"pa_cilt-ciltsiz","8":"pa_tur-kitap","9":"pa_yayinevi-arkadas-yayinlari","10":"pa_yazar-jean-muzi","12":"first","13":"instock","14":"sale","15":"shipping-taxable","16":"purchasable","17":"product-type-simple"},"_links":{"self":[{"href":"https:\/\/roveyayinevi.com.tr\/index.php\/wp-json\/wp\/v2\/product\/703645","targetHints":{"allow":["GET"]}}],"collection":[{"href":"https:\/\/roveyayinevi.com.tr\/index.php\/wp-json\/wp\/v2\/product"}],"about":[{"href":"https:\/\/roveyayinevi.com.tr\/index.php\/wp-json\/wp\/v2\/types\/product"}],"wp:attachment":[{"href":"https:\/\/roveyayinevi.com.tr\/index.php\/wp-json\/wp\/v2\/media?parent=703645"}],"wp:term":[{"taxonomy":"product_brand","embeddable":true,"href":"https:\/\/roveyayinevi.com.tr\/index.php\/wp-json\/wp\/v2\/product_brand?post=703645"},{"taxonomy":"product_cat","embeddable":true,"href":"https:\/\/roveyayinevi.com.tr\/index.php\/wp-json\/wp\/v2\/product_cat?post=703645"},{"taxonomy":"product_tag","embeddable":true,"href":"https:\/\/roveyayinevi.com.tr\/index.php\/wp-json\/wp\/v2\/product_tag?post=703645"}],"curies":[{"name":"wp","href":"https:\/\/api.w.org\/{rel}","templated":true}]}}