{"id":703642,"date":"2025-08-27T15:28:11","date_gmt":"2025-08-27T12:28:11","guid":{"rendered":"https:\/\/roveyayinevi.com.tr\/index.php\/urun\/4-kiz\/"},"modified":"2026-04-16T02:12:56","modified_gmt":"2026-04-15T23:12:56","slug":"4-kiz","status":"publish","type":"product","link":"https:\/\/roveyayinevi.com.tr\/index.php\/urun\/4-kiz\/","title":{"rendered":"4. K\u0131z"},"content":{"rendered":"<p>\u0130lk \u00fc\u00e7 k\u0131z i\u00e7in \u00e7ok plan yapmam gerekti. Fakat b\u0131rakt\u0131\u011f\u0131m mektuplara, ipu\u00e7lar\u0131na ve t\u00fcyolara ra\u011fmen sadece bir dedektifin ilgisini \u00e7ekebildim. Beni as\u0131l 4. K\u0131z&#8217;dan sonra ciddiye almaya ba\u015flayacaklar. \u00c7\u00fcnk\u00fc ba\u015fka se\u00e7enekleri yok. Onlara ihtiya\u00e7 duyduklar\u0131 her \u015feyi verdim. Peki b\u00fct\u00fcn par\u00e7alar\u0131 bir araya getirmeleri ne kadar s\u00fcrecek? 4. KIZ. O her \u015feyi de\u011fi\u015ftirecek.&#8221;Carver yepyeni bir yetenek. Kesinlikle okumaya de\u011fer.&#8221;-News of The World&#8221;Gerilim dolu, kan\u0131n\u0131z\u0131 donduracak bir roman. Daha ilk sayfadan itibaren katilin kim oldu\u011funu tahmin etmeye \u00e7al\u0131\u015facaks\u0131n\u0131z.&#8221;-Darlington and Stockton Times&#8221;T\u00fcyler \u00fcrperten ve bir solukta okuyaca\u011f\u0131n\u0131z yepyeni bir gerilim roman\u0131.&#8221;-Peterborough Evening Telegraph&#8221;Deh\u015fet verici olmas\u0131n\u0131n yan\u0131 s\u0131ra zekice kurgulanm\u0131\u015f bir polisiye.&#8221;-Wokingham Times&#8221;4. K\u0131z&#8217;da yazar\u0131n \u00fcslubu sizi hik\u00e2yenin i\u00e7ine \u00e7ekiyor. Olaylar\u0131 katilin, dedektiflerin ve kurbanlar\u0131n bak\u0131\u015f a\u00e7\u0131s\u0131ndan okuduk\u00e7a bir yapbozun par\u00e7alar\u0131 gibi birle\u015fen kan\u0131tlar sayesinde cinayetlerin arkas\u0131ndaki s\u0131rlar\u0131 \u00f6\u011freniyorsunuz.&#8221;-Goodreads.com <\/p>\n","protected":false},"excerpt":{"rendered":"<p>\u0130lk \u00fc\u00e7 k\u0131z i\u00e7in \u00e7ok plan yapmam gerekti. Fakat b\u0131rakt\u0131\u011f\u0131m mektuplara, ipu\u00e7lar\u0131na ve t\u00fcyolara ra\u011fmen sadece bir dedektifin ilgisini \u00e7ekebildim. Beni as\u0131l 4. K\u0131z&#8217;dan sonra ciddiye<span class=\"excerpt-hellip\"> [\u2026]<\/span><\/p>\n","protected":false},"featured_media":0,"template":"","meta":{"_monsterinsights_skip_tracking":false,"_monsterinsights_sitenote_active":false,"_monsterinsights_sitenote_note":"","_monsterinsights_sitenote_category":0},"product_brand":[],"product_cat":[12291,12711],"product_tag":[],"class_list":{"0":"post-703642","1":"product","2":"type-product","3":"status-publish","5":"product_cat-edebiyat","6":"product_cat-roman-oyku","7":"pa_cilt-ciltsiz","8":"pa_tur-kitap","9":"pa_yayinevi-pegasus-yayinlari","10":"pa_yazar-will-carver","12":"first","13":"instock","14":"sale","15":"shipping-taxable","16":"purchasable","17":"product-type-simple"},"_links":{"self":[{"href":"https:\/\/roveyayinevi.com.tr\/index.php\/wp-json\/wp\/v2\/product\/703642","targetHints":{"allow":["GET"]}}],"collection":[{"href":"https:\/\/roveyayinevi.com.tr\/index.php\/wp-json\/wp\/v2\/product"}],"about":[{"href":"https:\/\/roveyayinevi.com.tr\/index.php\/wp-json\/wp\/v2\/types\/product"}],"wp:attachment":[{"href":"https:\/\/roveyayinevi.com.tr\/index.php\/wp-json\/wp\/v2\/media?parent=703642"}],"wp:term":[{"taxonomy":"product_brand","embeddable":true,"href":"https:\/\/roveyayinevi.com.tr\/index.php\/wp-json\/wp\/v2\/product_brand?post=703642"},{"taxonomy":"product_cat","embeddable":true,"href":"https:\/\/roveyayinevi.com.tr\/index.php\/wp-json\/wp\/v2\/product_cat?post=703642"},{"taxonomy":"product_tag","embeddable":true,"href":"https:\/\/roveyayinevi.com.tr\/index.php\/wp-json\/wp\/v2\/product_tag?post=703642"}],"curies":[{"name":"wp","href":"https:\/\/api.w.org\/{rel}","templated":true}]}}