{"id":703635,"date":"2025-08-27T15:27:27","date_gmt":"2025-08-27T12:27:27","guid":{"rendered":"https:\/\/roveyayinevi.com.tr\/index.php\/urun\/demir-sovalye\/"},"modified":"2026-04-08T02:16:59","modified_gmt":"2026-04-07T23:16:59","slug":"demir-sovalye","status":"publish","type":"product","link":"https:\/\/roveyayinevi.com.tr\/index.php\/urun\/demir-sovalye\/","title":{"rendered":"Demir \u015e\u00f6valye"},"content":{"rendered":"<p>Esas ismim Ashallayn\u2019darkmyr Tallyn. Tekinsiz Divan\u0131 Krali\u00e7esi Mab\u2019in son o\u011fluyum ve s\u00fcrg\u00fcndeyim. Y\u0131k\u0131m\u0131ma giden yol, \u00e7o\u011fu hikayedeki gibi, bir k\u0131zla ba\u015flad\u0131&#8230;\u00d6lmeyi g\u00f6ze ald\u0131m. Haz\u0131rd\u0131m. Ona yemin etti\u011fime g\u00f6re, art\u0131k geri d\u00f6nemezdim. Demir Diyar\u2019da ya\u015fayabilece\u011fimden emin olmasam da devam etmek zorundayd\u0131m. Ancak en b\u00fcy\u00fck fedakarl\u0131klar\u0131n cesaretten fazlas\u0131n\u0131 gerektirdi\u011fini hen\u00fcz bilmiyordum.Ya onunla olacak ya da \u00f6lecektim.\u201cHem yak\u0131n dost hem de rakip olan iki gen\u00e7 adam, bu m\u00fcthi\u015f a\u015fk \u00fc\u00e7genini destans\u0131 k\u0131l\u0131yor.\u201d- Kirkus Reviews <\/p>\n","protected":false},"excerpt":{"rendered":"<p>Esas ismim Ashallayn\u2019darkmyr Tallyn. Tekinsiz Divan\u0131 Krali\u00e7esi Mab\u2019in son o\u011fluyum ve s\u00fcrg\u00fcndeyim. Y\u0131k\u0131m\u0131ma giden yol, \u00e7o\u011fu hikayedeki gibi, bir k\u0131zla ba\u015flad\u0131&#8230;\u00d6lmeyi g\u00f6ze ald\u0131m. Haz\u0131rd\u0131m. Ona yemin<span class=\"excerpt-hellip\"> [\u2026]<\/span><\/p>\n","protected":false},"featured_media":0,"template":"","meta":{"_monsterinsights_skip_tracking":false,"_monsterinsights_sitenote_active":false,"_monsterinsights_sitenote_note":"","_monsterinsights_sitenote_category":0},"product_brand":[],"product_cat":[12291,12711],"product_tag":[],"class_list":{"0":"post-703635","1":"product","2":"type-product","3":"status-publish","5":"product_cat-edebiyat","6":"product_cat-roman-oyku","7":"pa_cilt-ciltsiz","8":"pa_tur-kitap","9":"pa_yayinevi-pegasus-yayinlari","10":"pa_yazar-julie-kagawa","12":"first","13":"instock","14":"sale","15":"shipping-taxable","16":"purchasable","17":"product-type-simple"},"_links":{"self":[{"href":"https:\/\/roveyayinevi.com.tr\/index.php\/wp-json\/wp\/v2\/product\/703635","targetHints":{"allow":["GET"]}}],"collection":[{"href":"https:\/\/roveyayinevi.com.tr\/index.php\/wp-json\/wp\/v2\/product"}],"about":[{"href":"https:\/\/roveyayinevi.com.tr\/index.php\/wp-json\/wp\/v2\/types\/product"}],"wp:attachment":[{"href":"https:\/\/roveyayinevi.com.tr\/index.php\/wp-json\/wp\/v2\/media?parent=703635"}],"wp:term":[{"taxonomy":"product_brand","embeddable":true,"href":"https:\/\/roveyayinevi.com.tr\/index.php\/wp-json\/wp\/v2\/product_brand?post=703635"},{"taxonomy":"product_cat","embeddable":true,"href":"https:\/\/roveyayinevi.com.tr\/index.php\/wp-json\/wp\/v2\/product_cat?post=703635"},{"taxonomy":"product_tag","embeddable":true,"href":"https:\/\/roveyayinevi.com.tr\/index.php\/wp-json\/wp\/v2\/product_tag?post=703635"}],"curies":[{"name":"wp","href":"https:\/\/api.w.org\/{rel}","templated":true}]}}