{"id":703632,"date":"2025-08-27T15:27:25","date_gmt":"2025-08-27T12:27:25","guid":{"rendered":"https:\/\/roveyayinevi.com.tr\/index.php\/urun\/turkce-sozluk-3\/"},"modified":"2026-04-13T02:15:14","modified_gmt":"2026-04-12T23:15:14","slug":"turkce-sozluk-3","status":"publish","type":"product","link":"https:\/\/roveyayinevi.com.tr\/index.php\/urun\/turkce-sozluk-3\/","title":{"rendered":"T\u00fcrk\u00e7e S\u00f6zl\u00fck"},"content":{"rendered":"<p>Usta dilci Ali P\u00fcsk\u00fcll\u00fco\u011flu&#8217;nun haz\u0131rlad\u0131\u011f\u0131 bu ergonomik boyuttaki &#8220;K\u00fc\u00e7\u00fck Dev S\u00f6zl\u00fck&#8221; e 20.000 madde ve i\u00e7 madde s\u0131\u011fd\u0131r\u0131ld\u0131.G\u00fcnl\u00fck hayatta s\u0131k kullan\u0131lan s\u00f6zc\u00fckler, terimler ve deyimler, b\u00fcy\u00fck dikkat ve \u00f6zenle se\u00e7ildi.Tan\u0131mlar\u0131n kolayca anla\u015f\u0131lmas\u0131n\u0131 sa\u011flayan \u00f6rnek t\u00fcmcelere, s\u00f6zc\u00fcklerin dilbilgisi y\u00f6n\u00fcnden ad, s\u0131fat, ba\u011fla\u00e7, \u00fcnlem vb. t\u00fcrlerine okunu\u015flar\u0131 ve vurgular\u0131na yer verilmesi de bir s\u00f6zl\u00fckte aran\u0131lan t\u00fcm \u00f6zelliklere sahip olmas\u0131n\u0131 sa\u011fl\u0131yor.K\u00fc\u00e7\u00fck Dev S\u00f6zl\u00fck t\u00fcm bu \u00f6zellikleriyle kolayca eri\u015fim sa\u011flanabilecek, elden d\u00fc\u015f\u00fcr\u00fclmeyecek, temel ba\u015fvuru kayna\u011f\u0131 olabilecek e\u015fsiz bir eser.<\/p>\n","protected":false},"excerpt":{"rendered":"<p>Usta dilci Ali P\u00fcsk\u00fcll\u00fco\u011flu&#8217;nun haz\u0131rlad\u0131\u011f\u0131 bu ergonomik boyuttaki &#8220;K\u00fc\u00e7\u00fck Dev S\u00f6zl\u00fck&#8221; e 20.000 madde ve i\u00e7 madde s\u0131\u011fd\u0131r\u0131ld\u0131.G\u00fcnl\u00fck hayatta s\u0131k kullan\u0131lan s\u00f6zc\u00fckler, terimler ve deyimler, b\u00fcy\u00fck<span class=\"excerpt-hellip\"> [\u2026]<\/span><\/p>\n","protected":false},"featured_media":0,"template":"","meta":{"_monsterinsights_skip_tracking":false,"_monsterinsights_sitenote_active":false,"_monsterinsights_sitenote_note":"","_monsterinsights_sitenote_category":0},"product_brand":[],"product_cat":[12566,13611,19496],"product_tag":[],"class_list":{"0":"post-703632","1":"product","2":"type-product","3":"status-publish","5":"product_cat-egitim","6":"product_cat-sozlukler-ve-konusma-kilavuzlari","7":"product_cat-turkce-sozlukler","8":"pa_cilt-ciltsiz","9":"pa_tur-kitap","10":"pa_yayinevi-arkadas-yayinlari","11":"pa_yazar-ali-puskulluoglu","13":"first","14":"instock","15":"sale","16":"shipping-taxable","17":"purchasable","18":"product-type-simple"},"_links":{"self":[{"href":"https:\/\/roveyayinevi.com.tr\/index.php\/wp-json\/wp\/v2\/product\/703632","targetHints":{"allow":["GET"]}}],"collection":[{"href":"https:\/\/roveyayinevi.com.tr\/index.php\/wp-json\/wp\/v2\/product"}],"about":[{"href":"https:\/\/roveyayinevi.com.tr\/index.php\/wp-json\/wp\/v2\/types\/product"}],"wp:attachment":[{"href":"https:\/\/roveyayinevi.com.tr\/index.php\/wp-json\/wp\/v2\/media?parent=703632"}],"wp:term":[{"taxonomy":"product_brand","embeddable":true,"href":"https:\/\/roveyayinevi.com.tr\/index.php\/wp-json\/wp\/v2\/product_brand?post=703632"},{"taxonomy":"product_cat","embeddable":true,"href":"https:\/\/roveyayinevi.com.tr\/index.php\/wp-json\/wp\/v2\/product_cat?post=703632"},{"taxonomy":"product_tag","embeddable":true,"href":"https:\/\/roveyayinevi.com.tr\/index.php\/wp-json\/wp\/v2\/product_tag?post=703632"}],"curies":[{"name":"wp","href":"https:\/\/api.w.org\/{rel}","templated":true}]}}