{"id":703631,"date":"2025-08-27T15:27:25","date_gmt":"2025-08-27T12:27:25","guid":{"rendered":"https:\/\/roveyayinevi.com.tr\/index.php\/urun\/anne-ben-nasil-oldum\/"},"modified":"2026-04-16T02:12:56","modified_gmt":"2026-04-15T23:12:56","slug":"anne-ben-nasil-oldum","status":"publish","type":"product","link":"https:\/\/roveyayinevi.com.tr\/index.php\/urun\/anne-ben-nasil-oldum\/","title":{"rendered":"Anne Ben Nas\u0131l Oldum?"},"content":{"rendered":"<p>Dokuz ay s\u00fcren tatl\u0131 heyecan, al\u0131nan pembi\u015f ve mavi\u015f oyuncaklar, evimizin ne\u015fesi minimini misafirin cici bici b\u00fcc\u00fc b\u00fc- Sa\u00e7malamay\u0131n! <\/p>\n","protected":false},"excerpt":{"rendered":"<p>Dokuz ay s\u00fcren tatl\u0131 heyecan, al\u0131nan pembi\u015f ve mavi\u015f oyuncaklar, evimizin ne\u015fesi minimini misafirin cici bici b\u00fcc\u00fc b\u00fc- Sa\u00e7malamay\u0131n!<\/p>\n","protected":false},"featured_media":0,"template":"","meta":{"_monsterinsights_skip_tracking":false,"_monsterinsights_sitenote_active":false,"_monsterinsights_sitenote_note":"","_monsterinsights_sitenote_category":0},"product_brand":[],"product_cat":[18545,12291],"product_tag":[],"class_list":{"0":"post-703631","1":"product","2":"type-product","3":"status-publish","5":"product_cat-anlati","6":"product_cat-edebiyat","7":"pa_tur-kitap","8":"pa_yayinevi-okuyan-us-yayin","9":"pa_yazar-asli-bastiyali","11":"first","12":"instock","13":"sale","14":"shipping-taxable","15":"purchasable","16":"product-type-simple"},"_links":{"self":[{"href":"https:\/\/roveyayinevi.com.tr\/index.php\/wp-json\/wp\/v2\/product\/703631","targetHints":{"allow":["GET"]}}],"collection":[{"href":"https:\/\/roveyayinevi.com.tr\/index.php\/wp-json\/wp\/v2\/product"}],"about":[{"href":"https:\/\/roveyayinevi.com.tr\/index.php\/wp-json\/wp\/v2\/types\/product"}],"wp:attachment":[{"href":"https:\/\/roveyayinevi.com.tr\/index.php\/wp-json\/wp\/v2\/media?parent=703631"}],"wp:term":[{"taxonomy":"product_brand","embeddable":true,"href":"https:\/\/roveyayinevi.com.tr\/index.php\/wp-json\/wp\/v2\/product_brand?post=703631"},{"taxonomy":"product_cat","embeddable":true,"href":"https:\/\/roveyayinevi.com.tr\/index.php\/wp-json\/wp\/v2\/product_cat?post=703631"},{"taxonomy":"product_tag","embeddable":true,"href":"https:\/\/roveyayinevi.com.tr\/index.php\/wp-json\/wp\/v2\/product_tag?post=703631"}],"curies":[{"name":"wp","href":"https:\/\/api.w.org\/{rel}","templated":true}]}}