{"id":703630,"date":"2025-08-27T15:27:24","date_gmt":"2025-08-27T12:27:24","guid":{"rendered":"https:\/\/roveyayinevi.com.tr\/index.php\/urun\/gandhi-ya-da-hint-kirazinin-golgesinde\/"},"modified":"2026-04-16T02:12:56","modified_gmt":"2026-04-15T23:12:56","slug":"gandhi-ya-da-hint-kirazinin-golgesinde","status":"publish","type":"product","link":"https:\/\/roveyayinevi.com.tr\/index.php\/urun\/gandhi-ya-da-hint-kirazinin-golgesinde\/","title":{"rendered":"Gandhi ya da Hint Kiraz\u0131n\u0131n G\u00f6lgesinde"},"content":{"rendered":"<p>\u015eair ve deneme yazar\u0131 Salah Birsel, T\u00fcrk edebiyat\u0131n\u0131n \u00f6nde gelen ustalar\u0131ndand\u0131r. G\u00fcnl\u00fck konu\u015fma dilinde pek az bilinen s\u00f6zc\u00fck ve deyimleri tedav\u00fcle sokmakla kalmaz, kendi yaratt\u0131\u011f\u0131 ilgin\u00e7 deyi\u015fleri de s\u0131k\u00e7a kullanarak olu\u015fturdu\u011fu anlat\u0131m\u0131n\u0131 alayc\u0131 tavr\u0131yla birle\u015ftirdi\u011fi \u00f6zg\u00fcn bir \u00fcslubun sahibidir de. Salah Birsel, 1001 Gece Denemeleri\u2019nin bu son halkas\u0131nda da ger\u00e7ek bir edebiyat \u015f\u00f6leni sunuyor; sohbet eder gibi, i\u00e7ten, \u015fakac\u0131, ironik tarz\u0131 okuyanda tiryakilik yarat\u0131yor. \ufffcTan\u0131t\u0131m Metni<\/p>\n","protected":false},"excerpt":{"rendered":"<p>\u015eair ve deneme yazar\u0131 Salah Birsel, T\u00fcrk edebiyat\u0131n\u0131n \u00f6nde gelen ustalar\u0131ndand\u0131r. G\u00fcnl\u00fck konu\u015fma dilinde pek az bilinen s\u00f6zc\u00fck ve deyimleri tedav\u00fcle sokmakla kalmaz, kendi yaratt\u0131\u011f\u0131 ilgin\u00e7<span class=\"excerpt-hellip\"> [\u2026]<\/span><\/p>\n","protected":false},"featured_media":0,"template":"","meta":{"_monsterinsights_skip_tracking":false,"_monsterinsights_sitenote_active":false,"_monsterinsights_sitenote_note":"","_monsterinsights_sitenote_category":0},"product_brand":[],"product_cat":[12777,12291],"product_tag":[],"class_list":{"0":"post-703630","1":"product","2":"type-product","3":"status-publish","5":"product_cat-deneme","6":"product_cat-edebiyat","7":"pa_cilt-ciltsiz","8":"pa_tur-kitap","9":"pa_yayinevi-sel-yayincilik","10":"pa_yazar-salah-birsel","12":"first","13":"instock","14":"sale","15":"shipping-taxable","16":"purchasable","17":"product-type-simple"},"_links":{"self":[{"href":"https:\/\/roveyayinevi.com.tr\/index.php\/wp-json\/wp\/v2\/product\/703630","targetHints":{"allow":["GET"]}}],"collection":[{"href":"https:\/\/roveyayinevi.com.tr\/index.php\/wp-json\/wp\/v2\/product"}],"about":[{"href":"https:\/\/roveyayinevi.com.tr\/index.php\/wp-json\/wp\/v2\/types\/product"}],"wp:attachment":[{"href":"https:\/\/roveyayinevi.com.tr\/index.php\/wp-json\/wp\/v2\/media?parent=703630"}],"wp:term":[{"taxonomy":"product_brand","embeddable":true,"href":"https:\/\/roveyayinevi.com.tr\/index.php\/wp-json\/wp\/v2\/product_brand?post=703630"},{"taxonomy":"product_cat","embeddable":true,"href":"https:\/\/roveyayinevi.com.tr\/index.php\/wp-json\/wp\/v2\/product_cat?post=703630"},{"taxonomy":"product_tag","embeddable":true,"href":"https:\/\/roveyayinevi.com.tr\/index.php\/wp-json\/wp\/v2\/product_tag?post=703630"}],"curies":[{"name":"wp","href":"https:\/\/api.w.org\/{rel}","templated":true}]}}