{"id":703625,"date":"2025-08-27T15:27:22","date_gmt":"2025-08-27T12:27:22","guid":{"rendered":"https:\/\/roveyayinevi.com.tr\/index.php\/urun\/tasavvufun-altin-cagi\/"},"modified":"2026-04-16T02:12:56","modified_gmt":"2026-04-15T23:12:56","slug":"tasavvufun-altin-cagi","status":"publish","type":"product","link":"https:\/\/roveyayinevi.com.tr\/index.php\/urun\/tasavvufun-altin-cagi\/","title":{"rendered":"Tasavvufun Alt\u0131n \u00c7a\u011f\u0131"},"content":{"rendered":"<p>\u0130\u00e7timai hayattaki karma\u015fa ve siyasal sorunlara ra\u011fmen bilim ve d\u00fc\u015f\u00fcnce hayat\u0131nda en verimli as\u0131rlardan birisidir 13. as\u0131r! \u0130bn\u00fc\u2019l-Arabi ve Sadreddin Konev\u00ee\u2019yle geli\u015fen tasavvuf anlay\u0131\u015f\u0131, yeni d\u00f6nem bilim ve d\u00fc\u015f\u00fcnce hayat\u0131n\u0131n izlerini ta\u015f\u0131r. Bununla birlikte her iki d\u00fc\u015f\u00fcn\u00fcr s\u00f6z konusu d\u00f6nemi tasavvuf ve b\u00fct\u00fcn \u0130slam miras\u0131 i\u00e7in \u2018alt\u0131n d\u00f6nem\u2019 kabul eder. Bunlar\u0131n ard\u0131ndan ise -herhangi bir olgunluk evresinin ard\u0131ndan beklenece\u011fi \u00fczere- \u015farihler d\u00f6nemi gelmi\u015f, kendilerinden \u00f6nce yaz\u0131lm\u0131\u015f eserler ve ortaya \u00e7\u0131kan d\u00fc\u015f\u00fcnceler tart\u0131\u015f\u0131lm\u0131\u015f ve \u015ferh edilmi\u015ftir. Bu itibarla 13. as\u0131r sonraki as\u0131rlar i\u00e7in bir kaynak asr\u0131 olarak tarihteki yerini alm\u0131\u015ft\u0131r. <\/p>\n","protected":false},"excerpt":{"rendered":"<p>\u0130\u00e7timai hayattaki karma\u015fa ve siyasal sorunlara ra\u011fmen bilim ve d\u00fc\u015f\u00fcnce hayat\u0131nda en verimli as\u0131rlardan birisidir 13. as\u0131r! \u0130bn\u00fc\u2019l-Arabi ve Sadreddin Konev\u00ee\u2019yle geli\u015fen tasavvuf anlay\u0131\u015f\u0131, yeni d\u00f6nem<span class=\"excerpt-hellip\"> [\u2026]<\/span><\/p>\n","protected":false},"featured_media":0,"template":"","meta":{"_monsterinsights_skip_tracking":false,"_monsterinsights_sitenote_active":false,"_monsterinsights_sitenote_note":"","_monsterinsights_sitenote_category":0},"product_brand":[],"product_cat":[12718,12719,12720],"product_tag":[],"class_list":{"0":"post-703625","1":"product","2":"type-product","3":"status-publish","5":"product_cat-din","6":"product_cat-islam","7":"product_cat-tasavvuf-mezhepler-tarikatlar","8":"pa_tur-kitap","9":"pa_yayinevi-sufi-kitap","10":"pa_yazar-ekrem-demirli","12":"first","13":"instock","14":"sale","15":"shipping-taxable","16":"purchasable","17":"product-type-simple"},"_links":{"self":[{"href":"https:\/\/roveyayinevi.com.tr\/index.php\/wp-json\/wp\/v2\/product\/703625","targetHints":{"allow":["GET"]}}],"collection":[{"href":"https:\/\/roveyayinevi.com.tr\/index.php\/wp-json\/wp\/v2\/product"}],"about":[{"href":"https:\/\/roveyayinevi.com.tr\/index.php\/wp-json\/wp\/v2\/types\/product"}],"wp:attachment":[{"href":"https:\/\/roveyayinevi.com.tr\/index.php\/wp-json\/wp\/v2\/media?parent=703625"}],"wp:term":[{"taxonomy":"product_brand","embeddable":true,"href":"https:\/\/roveyayinevi.com.tr\/index.php\/wp-json\/wp\/v2\/product_brand?post=703625"},{"taxonomy":"product_cat","embeddable":true,"href":"https:\/\/roveyayinevi.com.tr\/index.php\/wp-json\/wp\/v2\/product_cat?post=703625"},{"taxonomy":"product_tag","embeddable":true,"href":"https:\/\/roveyayinevi.com.tr\/index.php\/wp-json\/wp\/v2\/product_tag?post=703625"}],"curies":[{"name":"wp","href":"https:\/\/api.w.org\/{rel}","templated":true}]}}