{"id":703624,"date":"2025-08-27T15:27:22","date_gmt":"2025-08-27T12:27:22","guid":{"rendered":"https:\/\/roveyayinevi.com.tr\/index.php\/urun\/bilginin-seruveni\/"},"modified":"2026-04-16T02:12:56","modified_gmt":"2026-04-15T23:12:56","slug":"bilginin-seruveni","status":"publish","type":"product","link":"https:\/\/roveyayinevi.com.tr\/index.php\/urun\/bilginin-seruveni\/","title":{"rendered":"Bilginin Ser\u00fcveni"},"content":{"rendered":"<p>Bu k\u00fc\u00e7\u00fck kitapta bilgi sorunu ele al\u0131nm\u0131\u015ft\u0131r. Bilginin ne oldu\u011fu, nas\u0131l olu\u015ftu\u011fu bilgi edinirken zihin fonksiyonlar\u0131n\u0131n nas\u0131l bir rol oynad\u0131\u011f\u0131 bilgi t\u00fcrleri bunlar\u0131n hakikat de\u011ferleri ve insan hayat\u0131na olan etkileri i\u015flenmi\u015ftir. \u00c7\u00fcnk\u00fc insan\u0131n bilin\u00e7li eylemleri hep bir bilgiye g\u00f6re olur. <\/p>\n","protected":false},"excerpt":{"rendered":"<p>Bu k\u00fc\u00e7\u00fck kitapta bilgi sorunu ele al\u0131nm\u0131\u015ft\u0131r. Bilginin ne oldu\u011fu, nas\u0131l olu\u015ftu\u011fu bilgi edinirken zihin fonksiyonlar\u0131n\u0131n nas\u0131l bir rol oynad\u0131\u011f\u0131 bilgi t\u00fcrleri bunlar\u0131n hakikat de\u011ferleri ve<span class=\"excerpt-hellip\"> [\u2026]<\/span><\/p>\n","protected":false},"featured_media":0,"template":"","meta":{"_monsterinsights_skip_tracking":false,"_monsterinsights_sitenote_active":false,"_monsterinsights_sitenote_note":"","_monsterinsights_sitenote_category":0},"product_brand":[],"product_cat":[12389,12388],"product_tag":[],"class_list":{"0":"post-703624","1":"product","2":"type-product","3":"status-publish","5":"product_cat-diger-felsefe","6":"product_cat-felsefe","7":"pa_tur-kitap","8":"pa_yayinevi-divan-kitap","9":"pa_yazar-necati-oner","11":"first","12":"instock","13":"sale","14":"shipping-taxable","15":"purchasable","16":"product-type-simple"},"_links":{"self":[{"href":"https:\/\/roveyayinevi.com.tr\/index.php\/wp-json\/wp\/v2\/product\/703624","targetHints":{"allow":["GET"]}}],"collection":[{"href":"https:\/\/roveyayinevi.com.tr\/index.php\/wp-json\/wp\/v2\/product"}],"about":[{"href":"https:\/\/roveyayinevi.com.tr\/index.php\/wp-json\/wp\/v2\/types\/product"}],"wp:attachment":[{"href":"https:\/\/roveyayinevi.com.tr\/index.php\/wp-json\/wp\/v2\/media?parent=703624"}],"wp:term":[{"taxonomy":"product_brand","embeddable":true,"href":"https:\/\/roveyayinevi.com.tr\/index.php\/wp-json\/wp\/v2\/product_brand?post=703624"},{"taxonomy":"product_cat","embeddable":true,"href":"https:\/\/roveyayinevi.com.tr\/index.php\/wp-json\/wp\/v2\/product_cat?post=703624"},{"taxonomy":"product_tag","embeddable":true,"href":"https:\/\/roveyayinevi.com.tr\/index.php\/wp-json\/wp\/v2\/product_tag?post=703624"}],"curies":[{"name":"wp","href":"https:\/\/api.w.org\/{rel}","templated":true}]}}