{"id":703621,"date":"2025-08-27T15:27:21","date_gmt":"2025-08-27T12:27:21","guid":{"rendered":"https:\/\/roveyayinevi.com.tr\/index.php\/urun\/bu-nasil-super-kahraman-sessiz-sakinin-gurultulu-maceralari-6\/"},"modified":"2026-04-08T02:16:59","modified_gmt":"2026-04-07T23:16:59","slug":"bu-nasil-super-kahraman-sessiz-sakinin-gurultulu-maceralari-6","status":"publish","type":"product","link":"https:\/\/roveyayinevi.com.tr\/index.php\/urun\/bu-nasil-super-kahraman-sessiz-sakinin-gurultulu-maceralari-6\/","title":{"rendered":"Bu Nas\u0131l S\u00fcper Kahraman? Sessiz Sakin\u2019in G\u00fcr\u00fclt\u00fcl\u00fc Maceralar\u0131 6"},"content":{"rendered":"<p>Merhaba Cankada\u015flar! Size s\u00fcper kahramanlar\u0131 ne kadar \u00e7ok sevdi\u011fimden bahsetmi\u015f miydim hi\u00e7? Ya da \u015f\u00f6yle soray\u0131m sizlere: S\u00fcper kahramanlar\u0131n, asl\u0131nda bizim bildi\u011fimizden \u00e7ok \u00e7ok farkl\u0131 kimseler olduklar\u0131n\u0131 d\u00fc\u015f\u00fcnd\u00fcn\u00fcz m\u00fc daha \u00f6nce? Yazd\u0131\u011f\u0131m pek komikli ve macera dolu bir hik\u00e2yenin sonucunda neler ya\u015fad\u0131m neler! \u00c7oks\u00fcpermen u\u00e7arken uyuyabiliyor mu? \u00d6r\u00fcmcekli Adam o a\u011flar\u0131 nas\u0131l \u00f6r\u00fcyor? Yarasadam neden bu kadar zengin? Demirden Adam paslanmamak i\u00e7in ne yap\u0131yor? Ama t\u00fcm bunlardan daha \u00f6nemlisi: \u015eimdiye kadar fark\u0131na varamad\u0131\u011f\u0131m en ger\u00e7ek s\u00fcper kahramanlar\u0131 nas\u0131l ke\u015ffettim? Haydi Cankada\u015flar, birbirinden e\u011flenceli s\u00fcper kahramanl\u0131k maceralar\u0131ma siz de kat\u0131l\u0131n! <\/p>\n","protected":false},"excerpt":{"rendered":"<p>Merhaba Cankada\u015flar! Size s\u00fcper kahramanlar\u0131 ne kadar \u00e7ok sevdi\u011fimden bahsetmi\u015f miydim hi\u00e7? Ya da \u015f\u00f6yle soray\u0131m sizlere: S\u00fcper kahramanlar\u0131n, asl\u0131nda bizim bildi\u011fimizden \u00e7ok \u00e7ok farkl\u0131 kimseler<span class=\"excerpt-hellip\"> [\u2026]<\/span><\/p>\n","protected":false},"featured_media":0,"template":"","meta":{"_monsterinsights_skip_tracking":false,"_monsterinsights_sitenote_active":false,"_monsterinsights_sitenote_note":"","_monsterinsights_sitenote_category":0},"product_brand":[],"product_cat":[12274,12284],"product_tag":[],"class_list":{"0":"post-703621","1":"product","2":"type-product","3":"status-publish","5":"product_cat-cocuk-ve-genclik-kitaplari","6":"product_cat-hikayeler","7":"pa_cilt-ciltli","8":"pa_tur-kitap","9":"pa_yayinevi-genc-hayat","10":"pa_yazar-melih-tugtag","12":"first","13":"instock","14":"sale","15":"shipping-taxable","16":"purchasable","17":"product-type-simple"},"_links":{"self":[{"href":"https:\/\/roveyayinevi.com.tr\/index.php\/wp-json\/wp\/v2\/product\/703621","targetHints":{"allow":["GET"]}}],"collection":[{"href":"https:\/\/roveyayinevi.com.tr\/index.php\/wp-json\/wp\/v2\/product"}],"about":[{"href":"https:\/\/roveyayinevi.com.tr\/index.php\/wp-json\/wp\/v2\/types\/product"}],"wp:attachment":[{"href":"https:\/\/roveyayinevi.com.tr\/index.php\/wp-json\/wp\/v2\/media?parent=703621"}],"wp:term":[{"taxonomy":"product_brand","embeddable":true,"href":"https:\/\/roveyayinevi.com.tr\/index.php\/wp-json\/wp\/v2\/product_brand?post=703621"},{"taxonomy":"product_cat","embeddable":true,"href":"https:\/\/roveyayinevi.com.tr\/index.php\/wp-json\/wp\/v2\/product_cat?post=703621"},{"taxonomy":"product_tag","embeddable":true,"href":"https:\/\/roveyayinevi.com.tr\/index.php\/wp-json\/wp\/v2\/product_tag?post=703621"}],"curies":[{"name":"wp","href":"https:\/\/api.w.org\/{rel}","templated":true}]}}