{"id":703615,"date":"2025-08-27T15:27:18","date_gmt":"2025-08-27T12:27:18","guid":{"rendered":"https:\/\/roveyayinevi.com.tr\/index.php\/urun\/oynamak-varken\/"},"modified":"2026-04-16T02:12:55","modified_gmt":"2026-04-15T23:12:55","slug":"oynamak-varken","status":"publish","type":"product","link":"https:\/\/roveyayinevi.com.tr\/index.php\/urun\/oynamak-varken\/","title":{"rendered":"Oynamak Varken"},"content":{"rendered":"<p>G\u00fcn\u00fcm\u00fczde tiyatro, \u00f6n\u00fcndeki zamana ayaklar\u0131n\u0131 sa\u011flam basabilmek i\u00e7in, acaba neyin hesab\u0131n\u0131 \u00e7\u0131kartmak durumdad\u0131r? Bu sorunun yan\u0131t\u0131n\u0131 tam verebilmek i\u00e7in, tiyatronun onu b\u00fct\u00fcn \u00f6teki sanatlardan ay\u0131ran \u00f6zelli\u011fini, insandan insana do\u011frudan seslenme \u00f6zelli\u011fini bir kez daha an\u0131msamak gerekir. Tiyatronun d\u0131\u015f\u0131nda hi\u00e7bir sanat, insana insandan -oyuncudan- ge\u00e7erek arac\u0131s\u0131z ula\u015fmaz. Tiyatroyla en yak\u0131n ba\u011flant\u0131l\u0131 sanat dallar\u0131ndan m\u00fczik bile kulaklara \u00e7alg\u0131lar arac\u0131l\u0131\u011f\u0131yla yans\u0131rken, tiyatro, temelini yaln\u0131zca insandan insana ili\u015fkide bulabilir. Belli bir kesimi, kitleyi vb. temsilen sahnede bulunanlar, yine belli kesimleri, kitleleri vb. temsil eden izleyicilere mesajlar\u0131n\u0131 do\u011frudan iletirler. K\u0131saca s\u00f6ylemek gerekirse, tiyatro, insana varmak, ona bir ses g\u00f6t\u00fcrebilmek i\u00e7in do\u011frudan do\u011fruya ve yaln\u0131zca insan\u0131 kullanan tek sanat dal\u0131d\u0131r. <\/p>\n","protected":false},"excerpt":{"rendered":"<p>G\u00fcn\u00fcm\u00fczde tiyatro, \u00f6n\u00fcndeki zamana ayaklar\u0131n\u0131 sa\u011flam basabilmek i\u00e7in, acaba neyin hesab\u0131n\u0131 \u00e7\u0131kartmak durumdad\u0131r? Bu sorunun yan\u0131t\u0131n\u0131 tam verebilmek i\u00e7in, tiyatronun onu b\u00fct\u00fcn \u00f6teki sanatlardan ay\u0131ran \u00f6zelli\u011fini,<span class=\"excerpt-hellip\"> [\u2026]<\/span><\/p>\n","protected":false},"featured_media":0,"template":"","meta":{"_monsterinsights_skip_tracking":false,"_monsterinsights_sitenote_active":false,"_monsterinsights_sitenote_note":"","_monsterinsights_sitenote_category":0},"product_brand":[],"product_cat":[12312,12304],"product_tag":[],"class_list":{"0":"post-703615","1":"product","2":"type-product","3":"status-publish","5":"product_cat-diger","6":"product_cat-tarih","7":"pa_cilt-ciltsiz","8":"pa_tur-kitap","9":"pa_yayinevi-can-yayinlari","10":"pa_yazar-ahmet-cemal","12":"first","13":"instock","14":"sale","15":"shipping-taxable","16":"purchasable","17":"product-type-simple"},"_links":{"self":[{"href":"https:\/\/roveyayinevi.com.tr\/index.php\/wp-json\/wp\/v2\/product\/703615","targetHints":{"allow":["GET"]}}],"collection":[{"href":"https:\/\/roveyayinevi.com.tr\/index.php\/wp-json\/wp\/v2\/product"}],"about":[{"href":"https:\/\/roveyayinevi.com.tr\/index.php\/wp-json\/wp\/v2\/types\/product"}],"wp:attachment":[{"href":"https:\/\/roveyayinevi.com.tr\/index.php\/wp-json\/wp\/v2\/media?parent=703615"}],"wp:term":[{"taxonomy":"product_brand","embeddable":true,"href":"https:\/\/roveyayinevi.com.tr\/index.php\/wp-json\/wp\/v2\/product_brand?post=703615"},{"taxonomy":"product_cat","embeddable":true,"href":"https:\/\/roveyayinevi.com.tr\/index.php\/wp-json\/wp\/v2\/product_cat?post=703615"},{"taxonomy":"product_tag","embeddable":true,"href":"https:\/\/roveyayinevi.com.tr\/index.php\/wp-json\/wp\/v2\/product_tag?post=703615"}],"curies":[{"name":"wp","href":"https:\/\/api.w.org\/{rel}","templated":true}]}}