{"id":703613,"date":"2025-08-27T15:27:18","date_gmt":"2025-08-27T12:27:18","guid":{"rendered":"https:\/\/roveyayinevi.com.tr\/index.php\/urun\/haci-zeynelabidin-tagiyev\/"},"modified":"2026-04-16T02:12:55","modified_gmt":"2026-04-15T23:12:55","slug":"haci-zeynelabidin-tagiyev","status":"publish","type":"product","link":"https:\/\/roveyayinevi.com.tr\/index.php\/urun\/haci-zeynelabidin-tagiyev\/","title":{"rendered":"Hac\u0131 Zeynelabidin Tagiyev"},"content":{"rendered":"<p>Azerbaycan\u2019\u0131n ekonomi, e\u011fitim ve k\u00fclt\u00fcr hayat\u0131 i\u00e7inde \u00e7ok \u00f6nemli bir yeri olan Hac\u0131 Zeynelabidin Tagiyev, Azerbaycan T\u00fcrk\u00fc bir petrol zenginidir. Azerbaycan T\u00fcrkleri ve hatta t\u00fcm Rusya T\u00fcrkleri aras\u0131nda onu me\u015fhur k\u0131lan \u015fey ise zenginli\u011fi de\u011fil, hay\u0131rseverlik faaliyetleri ve \u00f6zellikle de bas\u0131n ve e\u011fitim sahas\u0131na vermi\u015f oldu\u011fu maddi destekleridir. \ufffcTan\u0131t\u0131m Metni<\/p>\n","protected":false},"excerpt":{"rendered":"<p>Azerbaycan\u2019\u0131n ekonomi, e\u011fitim ve k\u00fclt\u00fcr hayat\u0131 i\u00e7inde \u00e7ok \u00f6nemli bir yeri olan Hac\u0131 Zeynelabidin Tagiyev, Azerbaycan T\u00fcrk\u00fc bir petrol zenginidir. Azerbaycan T\u00fcrkleri ve hatta t\u00fcm Rusya<span class=\"excerpt-hellip\"> [\u2026]<\/span><\/p>\n","protected":false},"featured_media":0,"template":"","meta":{"_monsterinsights_skip_tracking":false,"_monsterinsights_sitenote_active":false,"_monsterinsights_sitenote_note":"","_monsterinsights_sitenote_category":0},"product_brand":[],"product_cat":[12370,12304],"product_tag":[],"class_list":{"0":"post-703613","1":"product","2":"type-product","3":"status-publish","5":"product_cat-arastirma-inceleme","6":"product_cat-tarih","7":"pa_tur-kitap","8":"pa_yayinevi-yeditepe-yayinevi","9":"pa_yazar-okan-yesilot","11":"first","12":"instock","13":"sale","14":"shipping-taxable","15":"purchasable","16":"product-type-simple"},"_links":{"self":[{"href":"https:\/\/roveyayinevi.com.tr\/index.php\/wp-json\/wp\/v2\/product\/703613","targetHints":{"allow":["GET"]}}],"collection":[{"href":"https:\/\/roveyayinevi.com.tr\/index.php\/wp-json\/wp\/v2\/product"}],"about":[{"href":"https:\/\/roveyayinevi.com.tr\/index.php\/wp-json\/wp\/v2\/types\/product"}],"wp:attachment":[{"href":"https:\/\/roveyayinevi.com.tr\/index.php\/wp-json\/wp\/v2\/media?parent=703613"}],"wp:term":[{"taxonomy":"product_brand","embeddable":true,"href":"https:\/\/roveyayinevi.com.tr\/index.php\/wp-json\/wp\/v2\/product_brand?post=703613"},{"taxonomy":"product_cat","embeddable":true,"href":"https:\/\/roveyayinevi.com.tr\/index.php\/wp-json\/wp\/v2\/product_cat?post=703613"},{"taxonomy":"product_tag","embeddable":true,"href":"https:\/\/roveyayinevi.com.tr\/index.php\/wp-json\/wp\/v2\/product_tag?post=703613"}],"curies":[{"name":"wp","href":"https:\/\/api.w.org\/{rel}","templated":true}]}}