{"id":703612,"date":"2025-08-27T15:27:17","date_gmt":"2025-08-27T12:27:17","guid":{"rendered":"https:\/\/roveyayinevi.com.tr\/index.php\/urun\/on-yedi-celiski-ve-kapitalizmin-sonu\/"},"modified":"2026-04-16T02:12:55","modified_gmt":"2026-04-15T23:12:55","slug":"on-yedi-celiski-ve-kapitalizmin-sonu","status":"publish","type":"product","link":"https:\/\/roveyayinevi.com.tr\/index.php\/urun\/on-yedi-celiski-ve-kapitalizmin-sonu\/","title":{"rendered":"On Yedi \u00c7eli\u015fki ve Kapitalizmin Sonu"},"content":{"rendered":"<p>Kapitalizm bir krizden \u00f6tekine t\u00f6kezleyerek ilerlemeye devam m\u0131 edecek, yoksa y\u0131k\u0131c\u0131 dinamikler bar\u0131nd\u0131ran \u00e7eli\u015fkiler y\u00fcz\u00fcnden sona m\u0131 erecek? Bu soru her ge\u00e7en g\u00fcn daha da yak\u0131c\u0131 bir hal al\u0131yor. D\u00fcnyan\u0131n adil, ak\u0131lc\u0131 ve s\u00fcrd\u00fcr\u00fclebilir bir medeniyete d\u00f6n\u00fc\u015ft\u00fcr\u00fclmesini sa\u011flamak i\u00e7in bizi klasik anlat\u0131lar\u0131n \u00f6tesine ta\u015f\u0131yacak analizlere ihtiyac\u0131m\u0131z var. David Harvey, On Yedi \u00c7eli\u015fki ve Kapitalizmin Sonu\u2019nda i\u015fte bu ihtiyaca cevap veriyor.<\/p>\n","protected":false},"excerpt":{"rendered":"<p>Kapitalizm bir krizden \u00f6tekine t\u00f6kezleyerek ilerlemeye devam m\u0131 edecek, yoksa y\u0131k\u0131c\u0131 dinamikler bar\u0131nd\u0131ran \u00e7eli\u015fkiler y\u00fcz\u00fcnden sona m\u0131 erecek? Bu soru her ge\u00e7en g\u00fcn daha da yak\u0131c\u0131<span class=\"excerpt-hellip\"> [\u2026]<\/span><\/p>\n","protected":false},"featured_media":0,"template":"","meta":{"_monsterinsights_skip_tracking":false,"_monsterinsights_sitenote_active":false,"_monsterinsights_sitenote_note":"","_monsterinsights_sitenote_category":0},"product_brand":[],"product_cat":[14841,13043],"product_tag":[],"class_list":{"0":"post-703612","1":"product","2":"type-product","3":"status-publish","5":"product_cat-arastirma-inceleme-kuram","6":"product_cat-ekonomi","7":"pa_cilt-ciltsiz","8":"pa_tur-kitap","9":"pa_yayinevi-sel-yayincilik","10":"pa_yazar-david-harvey","12":"first","13":"instock","14":"sale","15":"shipping-taxable","16":"purchasable","17":"product-type-simple"},"_links":{"self":[{"href":"https:\/\/roveyayinevi.com.tr\/index.php\/wp-json\/wp\/v2\/product\/703612","targetHints":{"allow":["GET"]}}],"collection":[{"href":"https:\/\/roveyayinevi.com.tr\/index.php\/wp-json\/wp\/v2\/product"}],"about":[{"href":"https:\/\/roveyayinevi.com.tr\/index.php\/wp-json\/wp\/v2\/types\/product"}],"wp:attachment":[{"href":"https:\/\/roveyayinevi.com.tr\/index.php\/wp-json\/wp\/v2\/media?parent=703612"}],"wp:term":[{"taxonomy":"product_brand","embeddable":true,"href":"https:\/\/roveyayinevi.com.tr\/index.php\/wp-json\/wp\/v2\/product_brand?post=703612"},{"taxonomy":"product_cat","embeddable":true,"href":"https:\/\/roveyayinevi.com.tr\/index.php\/wp-json\/wp\/v2\/product_cat?post=703612"},{"taxonomy":"product_tag","embeddable":true,"href":"https:\/\/roveyayinevi.com.tr\/index.php\/wp-json\/wp\/v2\/product_tag?post=703612"}],"curies":[{"name":"wp","href":"https:\/\/api.w.org\/{rel}","templated":true}]}}