{"id":703611,"date":"2025-08-27T15:27:17","date_gmt":"2025-08-27T12:27:17","guid":{"rendered":"https:\/\/roveyayinevi.com.tr\/index.php\/urun\/kizilbaslar-osmanlilar-safeviler\/"},"modified":"2026-04-16T02:12:55","modified_gmt":"2026-04-15T23:12:55","slug":"kizilbaslar-osmanlilar-safeviler","status":"publish","type":"product","link":"https:\/\/roveyayinevi.com.tr\/index.php\/urun\/kizilbaslar-osmanlilar-safeviler\/","title":{"rendered":"K\u0131z\u0131lba\u015flar Osmanl\u0131lar Safeviler"},"content":{"rendered":"<p>T\u00fcrkmenler, Safev\u00eeler, K\u0131z\u0131lba\u015flar, Osmanl\u0131lar gibi kavramlar asl\u0131nda T\u00fcrk tarihinin \u00f6nemli par\u00e7alar\u0131d\u0131r ve bazen birini di\u011ferinden ay\u0131rmak m\u00fcmk\u00fcn de\u011fildir. Ne var ki, gerek siyas\u00ee gerekse din\u00ee meseleleri izah ederken konunun anla\u015f\u0131lmas\u0131n\u0131 kolayla\u015ft\u0131rmak i\u00e7in bunlardan birini tercih etmek zorunda kal\u0131yoruz. Bu zorluk kendi i\u00e7inde bir karma\u015fa meydana getiriyor asl\u0131nda.       Bu kitapta de\u011fi\u015fik d\u00f6nemlerde kaleme al\u0131nan ve birbirini tamamlar mahiyette 15 makale yeralmaktad\u0131r. K\u0131z\u0131lba\u015f ve T\u00fcrkmen alg\u0131s\u0131ndaki de\u011fi\u015fim; \u0130ran, Azerbaycan ve Anadolu T\u00fcrkleri aras\u0131ndaki din\u00ee, k\u00fclt\u00fcrel ve siyas\u00ee birlikteli\u011fin tarih\u00ee k\u00f6kleri, K\u0131z\u0131lba\u015f ve Safev\u00ee alg\u0131s\u0131n\u0131n Osmanl\u0131 k\u00fclt\u00fcr\u00fcndeki yeri buradaki makalelerin \u00f6z\u00fcn\u00fc olu\u015fturuyor. Bu \u00e7al\u0131\u015fman\u0131n tamam\u0131 okundu\u011funda zihinleri me\u015fgul eden pek \u00e7ok sorunun cevab\u0131na ula\u015f\u0131labilecektir. <\/p>\n","protected":false},"excerpt":{"rendered":"<p>T\u00fcrkmenler, Safev\u00eeler, K\u0131z\u0131lba\u015flar, Osmanl\u0131lar gibi kavramlar asl\u0131nda T\u00fcrk tarihinin \u00f6nemli par\u00e7alar\u0131d\u0131r ve bazen birini di\u011ferinden ay\u0131rmak m\u00fcmk\u00fcn de\u011fildir. Ne var ki, gerek siyas\u00ee gerekse din\u00ee meseleleri<span class=\"excerpt-hellip\"> [\u2026]<\/span><\/p>\n","protected":false},"featured_media":0,"template":"","meta":{"_monsterinsights_skip_tracking":false,"_monsterinsights_sitenote_active":false,"_monsterinsights_sitenote_note":"","_monsterinsights_sitenote_category":0},"product_brand":[],"product_cat":[12370,12304],"product_tag":[],"class_list":{"0":"post-703611","1":"product","2":"type-product","3":"status-publish","5":"product_cat-arastirma-inceleme","6":"product_cat-tarih","7":"pa_cilt-ciltsiz","8":"pa_tur-kitap","9":"pa_yayinevi-yeditepe-yayinevi","10":"pa_yazar-tufan-gunduz","12":"first","13":"instock","14":"sale","15":"shipping-taxable","16":"purchasable","17":"product-type-simple"},"_links":{"self":[{"href":"https:\/\/roveyayinevi.com.tr\/index.php\/wp-json\/wp\/v2\/product\/703611","targetHints":{"allow":["GET"]}}],"collection":[{"href":"https:\/\/roveyayinevi.com.tr\/index.php\/wp-json\/wp\/v2\/product"}],"about":[{"href":"https:\/\/roveyayinevi.com.tr\/index.php\/wp-json\/wp\/v2\/types\/product"}],"wp:attachment":[{"href":"https:\/\/roveyayinevi.com.tr\/index.php\/wp-json\/wp\/v2\/media?parent=703611"}],"wp:term":[{"taxonomy":"product_brand","embeddable":true,"href":"https:\/\/roveyayinevi.com.tr\/index.php\/wp-json\/wp\/v2\/product_brand?post=703611"},{"taxonomy":"product_cat","embeddable":true,"href":"https:\/\/roveyayinevi.com.tr\/index.php\/wp-json\/wp\/v2\/product_cat?post=703611"},{"taxonomy":"product_tag","embeddable":true,"href":"https:\/\/roveyayinevi.com.tr\/index.php\/wp-json\/wp\/v2\/product_tag?post=703611"}],"curies":[{"name":"wp","href":"https:\/\/api.w.org\/{rel}","templated":true}]}}