{"id":703610,"date":"2025-08-27T15:27:16","date_gmt":"2025-08-27T12:27:16","guid":{"rendered":"https:\/\/roveyayinevi.com.tr\/index.php\/urun\/erosun-oklari\/"},"modified":"2026-04-16T02:12:55","modified_gmt":"2026-04-15T23:12:55","slug":"erosun-oklari","status":"publish","type":"product","link":"https:\/\/roveyayinevi.com.tr\/index.php\/urun\/erosun-oklari\/","title":{"rendered":"Eros&#8217;un Oklar\u0131"},"content":{"rendered":"<p>Defne, hayat\u0131n\u0131 alt \u00fcst eden derin ac\u0131s\u0131yla, hen\u00fcz minicik bir \u00e7ocukken b\u00fcy\u00fcmek zorunda kalsa da, ne hayata ne de a\u015fka olan inanc\u0131n\u0131 yitirmi\u015fti. Yirmi iki ya\u015f\u0131nda, \u00fcniversiteden yeni mezun olmu\u015f bu ne\u015feli, deli dolu k\u0131z, yaz tatilini ge\u00e7irmek \u00fczere \u00c7e\u015fme\u2019ye ablas\u0131n\u0131n yan\u0131na giderken umutluydu. \ufffcTan\u0131t\u0131m Metni<\/p>\n","protected":false},"excerpt":{"rendered":"<p>Defne, hayat\u0131n\u0131 alt \u00fcst eden derin ac\u0131s\u0131yla, hen\u00fcz minicik bir \u00e7ocukken b\u00fcy\u00fcmek zorunda kalsa da, ne hayata ne de a\u015fka olan inanc\u0131n\u0131 yitirmi\u015fti. Yirmi iki ya\u015f\u0131nda,<span class=\"excerpt-hellip\"> [\u2026]<\/span><\/p>\n","protected":false},"featured_media":0,"template":"","meta":{"_monsterinsights_skip_tracking":false,"_monsterinsights_sitenote_active":false,"_monsterinsights_sitenote_note":"","_monsterinsights_sitenote_category":0},"product_brand":[],"product_cat":[12291,12711],"product_tag":[],"class_list":{"0":"post-703610","1":"product","2":"type-product","3":"status-publish","5":"product_cat-edebiyat","6":"product_cat-roman-oyku","7":"pa_cilt-ciltsiz","8":"pa_tur-kitap","9":"pa_yayinevi-epsilon-yayinlari","10":"pa_yazar-eylul-sancaktar","12":"first","13":"instock","14":"sale","15":"shipping-taxable","16":"purchasable","17":"product-type-simple"},"_links":{"self":[{"href":"https:\/\/roveyayinevi.com.tr\/index.php\/wp-json\/wp\/v2\/product\/703610","targetHints":{"allow":["GET"]}}],"collection":[{"href":"https:\/\/roveyayinevi.com.tr\/index.php\/wp-json\/wp\/v2\/product"}],"about":[{"href":"https:\/\/roveyayinevi.com.tr\/index.php\/wp-json\/wp\/v2\/types\/product"}],"wp:attachment":[{"href":"https:\/\/roveyayinevi.com.tr\/index.php\/wp-json\/wp\/v2\/media?parent=703610"}],"wp:term":[{"taxonomy":"product_brand","embeddable":true,"href":"https:\/\/roveyayinevi.com.tr\/index.php\/wp-json\/wp\/v2\/product_brand?post=703610"},{"taxonomy":"product_cat","embeddable":true,"href":"https:\/\/roveyayinevi.com.tr\/index.php\/wp-json\/wp\/v2\/product_cat?post=703610"},{"taxonomy":"product_tag","embeddable":true,"href":"https:\/\/roveyayinevi.com.tr\/index.php\/wp-json\/wp\/v2\/product_tag?post=703610"}],"curies":[{"name":"wp","href":"https:\/\/api.w.org\/{rel}","templated":true}]}}