{"id":703608,"date":"2025-08-27T15:27:16","date_gmt":"2025-08-27T12:27:16","guid":{"rendered":"https:\/\/roveyayinevi.com.tr\/index.php\/urun\/midhat-pasa\/"},"modified":"2026-04-16T02:12:55","modified_gmt":"2026-04-15T23:12:55","slug":"midhat-pasa","status":"publish","type":"product","link":"https:\/\/roveyayinevi.com.tr\/index.php\/urun\/midhat-pasa\/","title":{"rendered":"Midhat Pa\u015fa"},"content":{"rendered":"<p>Evet, \u00f6l\u00fcm\u00fc tefekk\u00fcr ediyorum. \u00d6l\u00fcm denilen \u015fey be\u015f dakikal\u0131k bir ac\u0131d\u0131r. Lakin hangi \u00f6l\u00fcmle \u00f6lmek evlad\u0131r. As\u0131lmak m\u0131, kesilmek mi, yoksa kur\u015fun veya g\u00fclle ile mi, yahud emrazdan biriyle mi \u00f6lmek kolayd\u0131r, onu d\u00fc\u015f\u00fcn\u00fcyorum. Zira bu kal\u0131p eskidi. Ya\u015f altm\u0131\u015f be\u015fe geldi. Bundan sonra ya\u015famak benim i\u00e7in iyi de\u011fildir. Bu hastal\u0131ktan aradan \u00e7\u0131km\u0131\u015f olsa idim, pek g\u00fczel olurdu. Lakin ne yapay\u0131m? Ecel gelmemi\u015f&#8230; <\/p>\n","protected":false},"excerpt":{"rendered":"<p>Evet, \u00f6l\u00fcm\u00fc tefekk\u00fcr ediyorum. \u00d6l\u00fcm denilen \u015fey be\u015f dakikal\u0131k bir ac\u0131d\u0131r. Lakin hangi \u00f6l\u00fcmle \u00f6lmek evlad\u0131r. As\u0131lmak m\u0131, kesilmek mi, yoksa kur\u015fun veya g\u00fclle ile mi,<span class=\"excerpt-hellip\"> [\u2026]<\/span><\/p>\n","protected":false},"featured_media":0,"template":"","meta":{"_monsterinsights_skip_tracking":false,"_monsterinsights_sitenote_active":false,"_monsterinsights_sitenote_note":"","_monsterinsights_sitenote_category":0},"product_brand":[],"product_cat":[12370,12304],"product_tag":[],"class_list":{"0":"post-703608","1":"product","2":"type-product","3":"status-publish","5":"product_cat-arastirma-inceleme","6":"product_cat-tarih","7":"pa_tur-kitap","8":"pa_yayinevi-divan-kitap","9":"pa_yazar-mehmet-zeki-pakalin","11":"first","12":"instock","13":"sale","14":"shipping-taxable","15":"purchasable","16":"product-type-simple"},"_links":{"self":[{"href":"https:\/\/roveyayinevi.com.tr\/index.php\/wp-json\/wp\/v2\/product\/703608","targetHints":{"allow":["GET"]}}],"collection":[{"href":"https:\/\/roveyayinevi.com.tr\/index.php\/wp-json\/wp\/v2\/product"}],"about":[{"href":"https:\/\/roveyayinevi.com.tr\/index.php\/wp-json\/wp\/v2\/types\/product"}],"wp:attachment":[{"href":"https:\/\/roveyayinevi.com.tr\/index.php\/wp-json\/wp\/v2\/media?parent=703608"}],"wp:term":[{"taxonomy":"product_brand","embeddable":true,"href":"https:\/\/roveyayinevi.com.tr\/index.php\/wp-json\/wp\/v2\/product_brand?post=703608"},{"taxonomy":"product_cat","embeddable":true,"href":"https:\/\/roveyayinevi.com.tr\/index.php\/wp-json\/wp\/v2\/product_cat?post=703608"},{"taxonomy":"product_tag","embeddable":true,"href":"https:\/\/roveyayinevi.com.tr\/index.php\/wp-json\/wp\/v2\/product_tag?post=703608"}],"curies":[{"name":"wp","href":"https:\/\/api.w.org\/{rel}","templated":true}]}}