{"id":703606,"date":"2025-08-27T15:27:15","date_gmt":"2025-08-27T12:27:15","guid":{"rendered":"https:\/\/roveyayinevi.com.tr\/index.php\/urun\/eve-giden-kucuk-tren\/"},"modified":"2026-04-16T02:12:55","modified_gmt":"2026-04-15T23:12:55","slug":"eve-giden-kucuk-tren","status":"publish","type":"product","link":"https:\/\/roveyayinevi.com.tr\/index.php\/urun\/eve-giden-kucuk-tren\/","title":{"rendered":"Eve Giden K\u00fc\u00e7\u00fck Tren"},"content":{"rendered":"<p>G\u00fcl\u00fcmseten \u00d6yk\u00fcler iyle \u00e7ocuk edebiyat\u0131 klasikleri aras\u0131na giren mizah ustas\u0131 Behi\u00e7 Ak, \u00f6d\u00fcllerle ta\u00e7lanan Ya\u015fas\u0131n \u00c7 Harfi Karde\u015fli\u011fi!&#8217;nin ard\u0131ndan \u00e7ocuk romanlar\u0131 koleksiyonuna yeni bir kitap ekledi. Sanat\u00e7\u0131, bu son roman\u0131nda ne\u015fesini kaybetmi\u015f bir k\u00f6y\u00fcn, bir hayali ger\u00e7ekle\u015ftirme \u00e7abas\u0131 etraf\u0131nda toplan\u0131p ya\u015fama d\u00f6nmesini anlat\u0131yor. M\u00fclkiyet ili\u015fkileri, ya\u015fama sevinci, bir ama\u00e7 i\u00e7in birlikte \u00e7abalamak gibi hem toplumsal hem bireysel ya\u015fama ili\u015fkin \u00f6nemli konular\u0131 mizah dolu bir kurgu ve \u00f6zg\u00fcn desenleriyle aktar\u0131yor. \u00c7ocuklar\u0131n hayal g\u00fcc\u00fcn\u00fc ve hayata bir \u00f6yk\u00fc gibi bak\u0131\u015f\u0131n\u0131 y\u00fccelten; kad\u0131n\u0131n \u00f6nderli\u011fini ve yarat\u0131c\u0131l\u0131\u011f\u0131n\u0131 \u00f6n plana \u00e7\u0131karan roman, renkli karakterleri, umut dolu \u00f6yk\u00fcs\u00fc ve e\u011flenceli desenleriyle herkesi kitap okuma keyfine davet ediyor. \ufffcTan\u0131t\u0131m Metni<\/p>\n","protected":false},"excerpt":{"rendered":"<p>G\u00fcl\u00fcmseten \u00d6yk\u00fcler iyle \u00e7ocuk edebiyat\u0131 klasikleri aras\u0131na giren mizah ustas\u0131 Behi\u00e7 Ak, \u00f6d\u00fcllerle ta\u00e7lanan Ya\u015fas\u0131n \u00c7 Harfi Karde\u015fli\u011fi!&#8217;nin ard\u0131ndan \u00e7ocuk romanlar\u0131 koleksiyonuna yeni bir kitap ekledi.<span class=\"excerpt-hellip\"> [\u2026]<\/span><\/p>\n","protected":false},"featured_media":0,"template":"","meta":{"_monsterinsights_skip_tracking":false,"_monsterinsights_sitenote_active":false,"_monsterinsights_sitenote_note":"","_monsterinsights_sitenote_category":0},"product_brand":[],"product_cat":[12274,12284],"product_tag":[],"class_list":{"0":"post-703606","1":"product","2":"type-product","3":"status-publish","5":"product_cat-cocuk-ve-genclik-kitaplari","6":"product_cat-hikayeler","7":"pa_cilt-ciltsiz","8":"pa_tur-kitap","9":"pa_yayinevi-gunisigi-kitapligi","10":"pa_yazar-behic-ak","12":"first","13":"instock","14":"sale","15":"shipping-taxable","16":"purchasable","17":"product-type-simple"},"_links":{"self":[{"href":"https:\/\/roveyayinevi.com.tr\/index.php\/wp-json\/wp\/v2\/product\/703606","targetHints":{"allow":["GET"]}}],"collection":[{"href":"https:\/\/roveyayinevi.com.tr\/index.php\/wp-json\/wp\/v2\/product"}],"about":[{"href":"https:\/\/roveyayinevi.com.tr\/index.php\/wp-json\/wp\/v2\/types\/product"}],"wp:attachment":[{"href":"https:\/\/roveyayinevi.com.tr\/index.php\/wp-json\/wp\/v2\/media?parent=703606"}],"wp:term":[{"taxonomy":"product_brand","embeddable":true,"href":"https:\/\/roveyayinevi.com.tr\/index.php\/wp-json\/wp\/v2\/product_brand?post=703606"},{"taxonomy":"product_cat","embeddable":true,"href":"https:\/\/roveyayinevi.com.tr\/index.php\/wp-json\/wp\/v2\/product_cat?post=703606"},{"taxonomy":"product_tag","embeddable":true,"href":"https:\/\/roveyayinevi.com.tr\/index.php\/wp-json\/wp\/v2\/product_tag?post=703606"}],"curies":[{"name":"wp","href":"https:\/\/api.w.org\/{rel}","templated":true}]}}