{"id":703604,"date":"2025-08-27T15:27:14","date_gmt":"2025-08-27T12:27:14","guid":{"rendered":"https:\/\/roveyayinevi.com.tr\/index.php\/urun\/simdi-etkinlik-zamani-7-golgesini-bul\/"},"modified":"2026-04-16T02:12:55","modified_gmt":"2026-04-15T23:12:55","slug":"simdi-etkinlik-zamani-7-golgesini-bul","status":"publish","type":"product","link":"https:\/\/roveyayinevi.com.tr\/index.php\/urun\/simdi-etkinlik-zamani-7-golgesini-bul\/","title":{"rendered":"\u015eimdi Etkinlik Zaman\u0131 7 : G\u00f6lgesini Bul"},"content":{"rendered":"<p>\u015eimdi Etkinlik Zaman\u0131 7 ile \u00e7ocuklar zeka ve el becerilerini geli\u015ftirmeye y\u00f6nelik faaliyetlerle \u00f6\u011frenme, dikkat ve alg\u0131 yeteneklerini geli\u015ftirecek, ayn\u0131 zamanda e\u011flenceli zaman ge\u00e7irecekler. \ufffcTan\u0131t\u0131m Metni<\/p>\n","protected":false},"excerpt":{"rendered":"<p>\u015eimdi Etkinlik Zaman\u0131 7 ile \u00e7ocuklar zeka ve el becerilerini geli\u015ftirmeye y\u00f6nelik faaliyetlerle \u00f6\u011frenme, dikkat ve alg\u0131 yeteneklerini geli\u015ftirecek, ayn\u0131 zamanda e\u011flenceli zaman ge\u00e7irecekler. \ufffcTan\u0131t\u0131m Metni<\/p>\n","protected":false},"featured_media":0,"template":"","meta":{"_monsterinsights_skip_tracking":false,"_monsterinsights_sitenote_active":false,"_monsterinsights_sitenote_note":"","_monsterinsights_sitenote_category":0},"product_brand":[],"product_cat":[12274,24599],"product_tag":[],"class_list":{"0":"post-703604","1":"product","2":"type-product","3":"status-publish","5":"product_cat-cocuk-ve-genclik-kitaplari","6":"product_cat-zeka-gelisimi","7":"pa_cilt-ciltsiz","8":"pa_tur-kitap","9":"pa_yayinevi-pia-cocuk-yayinlari","10":"pa_yazar-kolektif","12":"first","13":"instock","14":"sale","15":"shipping-taxable","16":"purchasable","17":"product-type-simple"},"_links":{"self":[{"href":"https:\/\/roveyayinevi.com.tr\/index.php\/wp-json\/wp\/v2\/product\/703604","targetHints":{"allow":["GET"]}}],"collection":[{"href":"https:\/\/roveyayinevi.com.tr\/index.php\/wp-json\/wp\/v2\/product"}],"about":[{"href":"https:\/\/roveyayinevi.com.tr\/index.php\/wp-json\/wp\/v2\/types\/product"}],"wp:attachment":[{"href":"https:\/\/roveyayinevi.com.tr\/index.php\/wp-json\/wp\/v2\/media?parent=703604"}],"wp:term":[{"taxonomy":"product_brand","embeddable":true,"href":"https:\/\/roveyayinevi.com.tr\/index.php\/wp-json\/wp\/v2\/product_brand?post=703604"},{"taxonomy":"product_cat","embeddable":true,"href":"https:\/\/roveyayinevi.com.tr\/index.php\/wp-json\/wp\/v2\/product_cat?post=703604"},{"taxonomy":"product_tag","embeddable":true,"href":"https:\/\/roveyayinevi.com.tr\/index.php\/wp-json\/wp\/v2\/product_tag?post=703604"}],"curies":[{"name":"wp","href":"https:\/\/api.w.org\/{rel}","templated":true}]}}