{"id":703602,"date":"2025-08-27T15:27:13","date_gmt":"2025-08-27T12:27:13","guid":{"rendered":"https:\/\/roveyayinevi.com.tr\/index.php\/urun\/zirzop-masallar\/"},"modified":"2026-04-16T02:12:40","modified_gmt":"2026-04-15T23:12:40","slug":"zirzop-masallar","status":"publish","type":"product","link":"https:\/\/roveyayinevi.com.tr\/index.php\/urun\/zirzop-masallar\/","title":{"rendered":"Zirzop Masallar"},"content":{"rendered":"<p>Cihan Demirci bu kez bir masal kitab\u0131yla geliyor kar\u015f\u0131m\u0131za&#8230; Masal tarihinin \u00f6nemli ismi Ezop Masallar\u0131&#8217;n\u0131 duymu\u015fsunuzdur belki, ama bu kitaptaki 30 masal Ezop&#8217;a g\u00f6re epeyce Zirzop!.. Bunlar bir mizah\u00e7\u0131n\u0131n kaleminden \u00e7\u0131km\u0131\u015f Zirzop Masallar ne de olsa&#8230; Zirzoplar, \u00e7\u00fcnk\u00fc bug\u00fcn\u00fcn hiperaktif \u00e7ocuklar\u0131na seslenen zamane masallar\u0131 bunlar&#8230; Sevgili \u00e7ocuklar ve i\u00e7indeki \u00e7ocu\u011fu hep saklayan b\u00fcy\u00fckler; zek\u00e2 \u00fcr\u00fcn\u00fc, ince bir mizah\u0131n yazar-\u00e7izeri olan Cihan Demirci bu masallar\u0131 hem yazd\u0131 hem de hepsini tek tek resimledi. O bunlar\u0131 yaparken \u00e7ocuksu bir keyif ald\u0131\u011f\u0131n\u0131 s\u00f6yl\u00fcyor, umar\u0131z sizler de okurken ayn\u0131 keyfi al\u0131rs\u0131n\u0131z. <\/p>\n","protected":false},"excerpt":{"rendered":"<p>Cihan Demirci bu kez bir masal kitab\u0131yla geliyor kar\u015f\u0131m\u0131za&#8230; Masal tarihinin \u00f6nemli ismi Ezop Masallar\u0131&#8217;n\u0131 duymu\u015fsunuzdur belki, ama bu kitaptaki 30 masal Ezop&#8217;a g\u00f6re epeyce Zirzop!..<span class=\"excerpt-hellip\"> [\u2026]<\/span><\/p>\n","protected":false},"featured_media":0,"template":"","meta":{"_monsterinsights_skip_tracking":false,"_monsterinsights_sitenote_active":false,"_monsterinsights_sitenote_note":"","_monsterinsights_sitenote_category":0},"product_brand":[],"product_cat":[12291,14825],"product_tag":[],"class_list":{"0":"post-703602","1":"product","2":"type-product","3":"status-publish","5":"product_cat-edebiyat","6":"product_cat-mizah","7":"pa_cilt-ciltsiz","8":"pa_tur-kitap","9":"pa_yayinevi-kirmizi-kedi-yayinevi","10":"pa_yazar-cihan-demirci","12":"first","13":"instock","14":"sale","15":"shipping-taxable","16":"purchasable","17":"product-type-simple"},"_links":{"self":[{"href":"https:\/\/roveyayinevi.com.tr\/index.php\/wp-json\/wp\/v2\/product\/703602","targetHints":{"allow":["GET"]}}],"collection":[{"href":"https:\/\/roveyayinevi.com.tr\/index.php\/wp-json\/wp\/v2\/product"}],"about":[{"href":"https:\/\/roveyayinevi.com.tr\/index.php\/wp-json\/wp\/v2\/types\/product"}],"wp:attachment":[{"href":"https:\/\/roveyayinevi.com.tr\/index.php\/wp-json\/wp\/v2\/media?parent=703602"}],"wp:term":[{"taxonomy":"product_brand","embeddable":true,"href":"https:\/\/roveyayinevi.com.tr\/index.php\/wp-json\/wp\/v2\/product_brand?post=703602"},{"taxonomy":"product_cat","embeddable":true,"href":"https:\/\/roveyayinevi.com.tr\/index.php\/wp-json\/wp\/v2\/product_cat?post=703602"},{"taxonomy":"product_tag","embeddable":true,"href":"https:\/\/roveyayinevi.com.tr\/index.php\/wp-json\/wp\/v2\/product_tag?post=703602"}],"curies":[{"name":"wp","href":"https:\/\/api.w.org\/{rel}","templated":true}]}}