{"id":703598,"date":"2025-08-27T15:27:11","date_gmt":"2025-08-27T12:27:11","guid":{"rendered":"https:\/\/roveyayinevi.com.tr\/index.php\/urun\/turkce-almanca-karsilastirmali-temel-dilbilgisi\/"},"modified":"2026-04-16T02:12:40","modified_gmt":"2026-04-15T23:12:40","slug":"turkce-almanca-karsilastirmali-temel-dilbilgisi","status":"publish","type":"product","link":"https:\/\/roveyayinevi.com.tr\/index.php\/urun\/turkce-almanca-karsilastirmali-temel-dilbilgisi\/","title":{"rendered":"T\u00fcrk\u00e7e-Almanca Kar\u015f\u0131la\u015ft\u0131rmal\u0131 Temel Dilbilgisi"},"content":{"rendered":"<p>Elinizdeki kitap birinci dili T\u00fcrk\u00e7e olan ve yabanc\u0131 dil olarak Almanca \u00f6\u011frenmek isteyenler i\u00e7in haz\u0131rlanm\u0131\u015ft\u0131r. T\u00fcrk\u00e7e ve Almanca farkl\u0131 iki dil ailesine mensuptur. Bu nedenle dil bilgisel \u00f6zellikleri benzememektedir. Bu kitab\u0131n amac\u0131, iki dil aras\u0131ndaki farkl\u0131l\u0131klar\u0131n, yabanc\u0131 dil \u00f6\u011frenmede neden olabilece\u011fi olas\u0131 zorluklar\u0131 ortadan kald\u0131rmaya \u00e7al\u0131\u015fmakt\u0131r. Kitapta m\u00fcmk\u00fcn oldu\u011funca b\u00fct\u00fcn dil bilgisi konular\u0131na yer verilmi\u015f, her konu T\u00fcrk\u00e7e, Almanca ve kar\u015f\u0131la\u015ft\u0131rma b\u00f6l\u00fcmleriyle yap\u0131land\u0131r\u0131lm\u0131\u015ft\u0131r. T\u00fcrk\u00e7e dil bilgisi konular\u0131 ele al\u0131n\u0131rken temel ama\u00e7, dil \u00f6\u011frenenlerin \u00f6n bilgilerini canland\u0131rma olarak d\u00fc\u015f\u00fcn\u00fclm\u00fc\u015f, bu nedenle s\u0131k\u0131c\u0131 yinelemelerden ka\u00e7\u0131n\u0131lm\u0131\u015ft\u0131r. Almanca dil bilgisi konular\u0131 ise daha ayr\u0131nt\u0131l\u0131 ve hem yeni ba\u015flayanlar i\u00e7in hem de ileri d\u00fczeyde dil \u00f6\u011frenenlere yararl\u0131 olacak bi\u00e7imde i\u015flenmi\u015ftir. Kar\u015f\u0131la\u015ft\u0131rma b\u00f6l\u00fcmlerinde konu ana hatlar\u0131yla e\u015fle\u015ftirilmi\u015f, zaman zaman tablolardan da yararlan\u0131larak, dil bilgisine bilin\u00e7li bir bak\u0131\u015f a\u00e7\u0131s\u0131 getirilmesi ama\u00e7lanm\u0131\u015ft\u0131r.Bu kitab\u0131n Almanca \u00f6\u011frenmek isteyen herkes i\u00e7in temel bir ba\u015fvuru kayna\u011f\u0131 olaca\u011f\u0131 d\u00fc\u015f\u00fcn\u00fclmektedir. Her t\u00fcrden yabanc\u0131 dil s\u0131navlar\u0131na haz\u0131rlananlar, kendi kendine Almanca \u00f6\u011frenmek isteyenler, lise ve \u00fcniversitelerin dil b\u00f6l\u00fcm\u00fc \u00f6\u011frencileri bu kitaptan kolayca yararlanabilir. Kitab\u0131n kar\u015f\u0131tsal dil bilgisi \u00e7al\u0131\u015fmalar\u0131 a\u00e7\u0131s\u0131ndan da \u00f6nemli bir bo\u015flu\u011fu dolduraca\u011f\u0131 d\u00fc\u015f\u00fcn\u00fclmektedir.Herkese yararl\u0131 olmas\u0131 temennisiyle sayg\u0131 ve sevgilerimi sunar\u0131m.<\/p>\n","protected":false},"excerpt":{"rendered":"<p>Elinizdeki kitap birinci dili T\u00fcrk\u00e7e olan ve yabanc\u0131 dil olarak Almanca \u00f6\u011frenmek isteyenler i\u00e7in haz\u0131rlanm\u0131\u015ft\u0131r. T\u00fcrk\u00e7e ve Almanca farkl\u0131 iki dil ailesine mensuptur. Bu nedenle dil<span class=\"excerpt-hellip\"> [\u2026]<\/span><\/p>\n","protected":false},"featured_media":0,"template":"","meta":{"_monsterinsights_skip_tracking":false,"_monsterinsights_sitenote_active":false,"_monsterinsights_sitenote_note":"","_monsterinsights_sitenote_category":0},"product_brand":[],"product_cat":[12566,13611],"product_tag":[],"class_list":{"0":"post-703598","1":"product","2":"type-product","3":"status-publish","5":"product_cat-egitim","6":"product_cat-sozlukler-ve-konusma-kilavuzlari","7":"pa_cilt-ciltsiz","8":"pa_tur-kitap","9":"pa_yayinevi-ani-yayincilik","10":"pa_yazar-zeki-uslu","12":"first","13":"instock","14":"sale","15":"shipping-taxable","16":"purchasable","17":"product-type-simple"},"_links":{"self":[{"href":"https:\/\/roveyayinevi.com.tr\/index.php\/wp-json\/wp\/v2\/product\/703598","targetHints":{"allow":["GET"]}}],"collection":[{"href":"https:\/\/roveyayinevi.com.tr\/index.php\/wp-json\/wp\/v2\/product"}],"about":[{"href":"https:\/\/roveyayinevi.com.tr\/index.php\/wp-json\/wp\/v2\/types\/product"}],"wp:attachment":[{"href":"https:\/\/roveyayinevi.com.tr\/index.php\/wp-json\/wp\/v2\/media?parent=703598"}],"wp:term":[{"taxonomy":"product_brand","embeddable":true,"href":"https:\/\/roveyayinevi.com.tr\/index.php\/wp-json\/wp\/v2\/product_brand?post=703598"},{"taxonomy":"product_cat","embeddable":true,"href":"https:\/\/roveyayinevi.com.tr\/index.php\/wp-json\/wp\/v2\/product_cat?post=703598"},{"taxonomy":"product_tag","embeddable":true,"href":"https:\/\/roveyayinevi.com.tr\/index.php\/wp-json\/wp\/v2\/product_tag?post=703598"}],"curies":[{"name":"wp","href":"https:\/\/api.w.org\/{rel}","templated":true}]}}