{"id":703591,"date":"2025-08-27T15:27:08","date_gmt":"2025-08-27T12:27:08","guid":{"rendered":"https:\/\/roveyayinevi.com.tr\/index.php\/urun\/assassins-creed-6-cilt-leila\/"},"modified":"2026-04-16T02:12:40","modified_gmt":"2026-04-15T23:12:40","slug":"assassins-creed-6-cilt-leila","status":"publish","type":"product","link":"https:\/\/roveyayinevi.com.tr\/index.php\/urun\/assassins-creed-6-cilt-leila\/","title":{"rendered":"Assassin&#8217;s Creed 6. Cilt \/ Leila"},"content":{"rendered":"<p>M\u0131s\u0131r 14. Y\u00fczy\u0131l Suikast\u00e7i Numa Al\u2019Khamsin. \u0130sis\u2019in Asas\u0131\u2019n\u0131 en sonunda karde\u015flik\u2019e teslim etmek \u00fczere ancak bu \u00e7aba, kar\u015f\u0131s\u0131na \u00e7\u0131kan esrarengiz bir kad\u0131n olan Leila y\u00fcz\u00fcnden yine yar\u0131m kal\u0131yor. <\/p>\n","protected":false},"excerpt":{"rendered":"<p>M\u0131s\u0131r 14. Y\u00fczy\u0131l Suikast\u00e7i Numa Al\u2019Khamsin. \u0130sis\u2019in Asas\u0131\u2019n\u0131 en sonunda karde\u015flik\u2019e teslim etmek \u00fczere ancak bu \u00e7aba, kar\u015f\u0131s\u0131na \u00e7\u0131kan esrarengiz bir kad\u0131n olan Leila y\u00fcz\u00fcnden yine<span class=\"excerpt-hellip\"> [\u2026]<\/span><\/p>\n","protected":false},"featured_media":0,"template":"","meta":{"_monsterinsights_skip_tracking":false,"_monsterinsights_sitenote_active":false,"_monsterinsights_sitenote_note":"","_monsterinsights_sitenote_category":0},"product_brand":[],"product_cat":[12416,12291],"product_tag":[],"class_list":{"0":"post-703591","1":"product","2":"type-product","3":"status-publish","5":"product_cat-cizgi-roman","6":"product_cat-edebiyat","7":"pa_tur-kitap","8":"pa_yayinevi-akil-celen-kitaplar","9":"pa_yazar-eric-corbeyran","11":"first","12":"instock","13":"sale","14":"shipping-taxable","15":"purchasable","16":"product-type-simple"},"_links":{"self":[{"href":"https:\/\/roveyayinevi.com.tr\/index.php\/wp-json\/wp\/v2\/product\/703591","targetHints":{"allow":["GET"]}}],"collection":[{"href":"https:\/\/roveyayinevi.com.tr\/index.php\/wp-json\/wp\/v2\/product"}],"about":[{"href":"https:\/\/roveyayinevi.com.tr\/index.php\/wp-json\/wp\/v2\/types\/product"}],"wp:attachment":[{"href":"https:\/\/roveyayinevi.com.tr\/index.php\/wp-json\/wp\/v2\/media?parent=703591"}],"wp:term":[{"taxonomy":"product_brand","embeddable":true,"href":"https:\/\/roveyayinevi.com.tr\/index.php\/wp-json\/wp\/v2\/product_brand?post=703591"},{"taxonomy":"product_cat","embeddable":true,"href":"https:\/\/roveyayinevi.com.tr\/index.php\/wp-json\/wp\/v2\/product_cat?post=703591"},{"taxonomy":"product_tag","embeddable":true,"href":"https:\/\/roveyayinevi.com.tr\/index.php\/wp-json\/wp\/v2\/product_tag?post=703591"}],"curies":[{"name":"wp","href":"https:\/\/api.w.org\/{rel}","templated":true}]}}