{"id":703589,"date":"2025-08-27T15:27:07","date_gmt":"2025-08-27T12:27:07","guid":{"rendered":"https:\/\/roveyayinevi.com.tr\/index.php\/urun\/egitimden-kacmak-taban-kulturlerinde-yasayarak-ogrenmek\/"},"modified":"2026-01-29T02:23:03","modified_gmt":"2026-01-28T23:23:03","slug":"egitimden-kacmak-taban-kulturlerinde-yasayarak-ogrenmek","status":"publish","type":"product","link":"https:\/\/roveyayinevi.com.tr\/index.php\/urun\/egitimden-kacmak-taban-kulturlerinde-yasayarak-ogrenmek\/","title":{"rendered":"E\u011fitimden Ka\u00e7mak &#8211; Taban K\u00fclt\u00fcrlerinde Ya\u015fayarak \u00d6\u011frenmek"},"content":{"rendered":"<p>E\u011fitimden Ka\u00e7mak, e\u011fitimin evrensel bir yarar ve bir insan hakk\u0131 oldu\u011fu hakk\u0131ndaki modern mutlakl\u0131\u011fa meydan okumaktad\u0131r. Toplumsal \u00e7o\u011funlu\u011fu, yani d\u00fcnyan\u0131n \u00fc\u00e7te ikisini olu\u015fturan e\u011fitimsiz, az e\u011fitimli ve okuma yazma bilmeyen kesimlerde tabanda h\u00e2len geli\u015fmekte olan alternatif \u00f6\u011frenme ve ya\u015fama bi\u00e7imlerine kap\u0131 aralamaktad\u0131r. Homo oeconomicus ve homo educandus&#8217;un modern saltanat\u0131n\u0131 uzak tutarak bu gruplar\u0131n geleneklerini, ortak alanlar\u0131n\u0131n yaratt\u0131\u011f\u0131 \u00e7o\u011ful evreni, sa\u011fduyuyu ve m\u00fc\u015fterek \u00f6\u011fretimin zenginli\u011fini kutlamaktad\u0131r. O pek tan\u0131d\u0131k e\u011fitim masal\u0131n\u0131 ala\u015fa\u011f\u0131 ederek, k\u00fcresel s\u0131n\u0131fta k\u00fclt\u00fcrlerinin erimesine kar\u015f\u0131 \u00e7\u0131kan toprak k\u00fclt\u00fcrlerinin yeniden canlanmas\u0131na i\u015ftirak etmektedir.  Madhu Suri Prakash Pennsylvania Eyalet \u00dcniversitesi&#8217;nde E\u011fitim Profes\u00f6r\u00fc ve Eisenhower Se\u00e7kin \u00d6\u011fretmenlik \u00d6d\u00fcl\u00fc&#8217;n\u00fcn sahibidir. Prakash doktoras\u0131n\u0131 Syracuse \u00dcniversitesi&#8217;nde E\u011fitim Felsefesi alan\u0131nda tamamlam\u0131\u015ft\u0131r. Educational Theory, Teachers College Record, ve AJE gibi dergilerde yay\u0131mlanan \u00e7ok say\u0131da makalenin yan\u0131 s\u0131ra Gustavo Esteva ile birlikte Grassroots Postmodernism: Remaking the Soil of Cultures adl\u0131 kitaba imza atm\u0131\u015ft\u0131r.  Gustavo Esteva devlet memuru, \u00fcniversite hocas\u0131 ve ge\u00e7ti\u011fimiz yirmi y\u0131ld\u0131r da yerli gruplar, k\u00f6yl\u00fcler ve \u015fehirde ya\u015fayan marjinal gruplarla birlikte bir taban aktivisti olarak \u00e7al\u0131\u015fmaktad\u0131r. 5. D\u00fcnya K\u0131rsal Sosyoloji Kongresi&#8217;nin ba\u015fkanl\u0131\u011f\u0131, Birle\u015fmi\u015f Milletler Sosyal Kalk\u0131nma Ara\u015ft\u0131rma Enstit\u00fcs\u00fc&#8217;n\u00fcn ge\u00e7ici ba\u015fkanl\u0131\u011f\u0131, Meksika Planlama Derne\u011fi&#8217;nin ba\u015fkanl\u0131\u011f\u0131 ve Amerika K\u0131tas\u0131 Planlama Derne\u011fi&#8217;nin ba\u015fkan yard\u0131mc\u0131l\u0131\u011f\u0131 \u00fcstlenmi\u015f oldu\u011fu g\u00f6revlerden baz\u0131lar\u0131d\u0131r. Birka\u00e7 y\u00fcz makale ve bir d\u00fczine kitap yay\u0131nlam\u0131\u015f olan Esteva, Madhu Suri Prakash&#8217;la birlikte Grassroots Postmodernism: Remaking the Soil of Cultures adl\u0131 kitab\u0131 da kaleme alm\u0131\u015ft\u0131r. kalm\u0131\u015f Lenin&#8217;i tekrar ayaklar\u0131 \u00fczerine dikmek! \u00d6zcesi tekrar Lenin&#8217;e d\u00f6nmek! <\/p>\n","protected":false},"excerpt":{"rendered":"<p>E\u011fitimden Ka\u00e7mak, e\u011fitimin evrensel bir yarar ve bir insan hakk\u0131 oldu\u011fu hakk\u0131ndaki modern mutlakl\u0131\u011fa meydan okumaktad\u0131r. Toplumsal \u00e7o\u011funlu\u011fu, yani d\u00fcnyan\u0131n \u00fc\u00e7te ikisini olu\u015fturan e\u011fitimsiz, az e\u011fitimli<span class=\"excerpt-hellip\"> [\u2026]<\/span><\/p>\n","protected":false},"featured_media":0,"template":"","meta":{"_monsterinsights_skip_tracking":false,"_monsterinsights_sitenote_active":false,"_monsterinsights_sitenote_note":"","_monsterinsights_sitenote_category":0},"product_brand":[],"product_cat":[12364],"product_tag":[],"class_list":{"0":"post-703589","1":"product","2":"type-product","3":"status-publish","5":"product_cat-genel-konular","6":"pa_cilt-ciltsiz","7":"pa_tur-kitap","8":"pa_yayinevi-utopya-yayinevi","9":"pa_yazar-gustava-esteva","11":"first","12":"instock","13":"sale","14":"shipping-taxable","15":"purchasable","16":"product-type-simple"},"_links":{"self":[{"href":"https:\/\/roveyayinevi.com.tr\/index.php\/wp-json\/wp\/v2\/product\/703589","targetHints":{"allow":["GET"]}}],"collection":[{"href":"https:\/\/roveyayinevi.com.tr\/index.php\/wp-json\/wp\/v2\/product"}],"about":[{"href":"https:\/\/roveyayinevi.com.tr\/index.php\/wp-json\/wp\/v2\/types\/product"}],"wp:attachment":[{"href":"https:\/\/roveyayinevi.com.tr\/index.php\/wp-json\/wp\/v2\/media?parent=703589"}],"wp:term":[{"taxonomy":"product_brand","embeddable":true,"href":"https:\/\/roveyayinevi.com.tr\/index.php\/wp-json\/wp\/v2\/product_brand?post=703589"},{"taxonomy":"product_cat","embeddable":true,"href":"https:\/\/roveyayinevi.com.tr\/index.php\/wp-json\/wp\/v2\/product_cat?post=703589"},{"taxonomy":"product_tag","embeddable":true,"href":"https:\/\/roveyayinevi.com.tr\/index.php\/wp-json\/wp\/v2\/product_tag?post=703589"}],"curies":[{"name":"wp","href":"https:\/\/api.w.org\/{rel}","templated":true}]}}