{"id":703588,"date":"2025-08-27T15:27:06","date_gmt":"2025-08-27T12:27:06","guid":{"rendered":"https:\/\/roveyayinevi.com.tr\/index.php\/urun\/otekilerin-cumhuriyeti\/"},"modified":"2026-04-16T02:12:40","modified_gmt":"2026-04-15T23:12:40","slug":"otekilerin-cumhuriyeti","status":"publish","type":"product","link":"https:\/\/roveyayinevi.com.tr\/index.php\/urun\/otekilerin-cumhuriyeti\/","title":{"rendered":"\u00d6tekilerin Cumhuriyeti"},"content":{"rendered":"<p>Toplumun belirledi\u011fi geleneksel kimliklere s\u0131\u011fmayan, s\u0131\u011fd\u0131r\u0131lamayan, ayk\u0131r\u0131, \u00f6zg\u00fcn ki\u015filiklerin hayat yolculuklar\u0131na k\u0131sa bir s\u00fcreli\u011fine e\u015flik ediliyor bu kitapta. Kendine uymayan\u0131 \u00f6teleyen toplum taraf\u0131ndan ya\u015fam\u0131n k\u0131y\u0131s\u0131na k\u00f6\u015fesine itilmi\u015f, yok say\u0131lm\u0131\u015f, yok edilmeye \u00e7al\u0131\u015f\u0131lm\u0131\u015f kimliklerin var olma m\u00fccadelesi yans\u0131t\u0131l\u0131yor. Geleneksel yap\u0131n\u0131n olu\u015fturdu\u011fu t\u00fcm s\u0131n\u0131rl\u0131l\u0131klara kar\u015f\u0131, ya\u015fama \u00e7\u0131kan alternatif yollar in\u015fa eden mimarlar\u0131n hikayelerine ve m\u00fccadelelerine tan\u0131k oluyoruz her sat\u0131rda. <\/p>\n","protected":false},"excerpt":{"rendered":"<p>Toplumun belirledi\u011fi geleneksel kimliklere s\u0131\u011fmayan, s\u0131\u011fd\u0131r\u0131lamayan, ayk\u0131r\u0131, \u00f6zg\u00fcn ki\u015filiklerin hayat yolculuklar\u0131na k\u0131sa bir s\u00fcreli\u011fine e\u015flik ediliyor bu kitapta. Kendine uymayan\u0131 \u00f6teleyen toplum taraf\u0131ndan ya\u015fam\u0131n k\u0131y\u0131s\u0131na k\u00f6\u015fesine<span class=\"excerpt-hellip\"> [\u2026]<\/span><\/p>\n","protected":false},"featured_media":0,"template":"","meta":{"_monsterinsights_skip_tracking":false,"_monsterinsights_sitenote_active":false,"_monsterinsights_sitenote_note":"","_monsterinsights_sitenote_category":0},"product_brand":[],"product_cat":[12965,12337],"product_tag":[],"class_list":{"0":"post-703588","1":"product","2":"type-product","3":"status-publish","5":"product_cat-genel-politika","6":"product_cat-politika-siyaset","7":"pa_tur-kitap","8":"pa_yayinevi-efil-yayinevi","9":"pa_yazar-alissa-quart","11":"first","12":"instock","13":"sale","14":"shipping-taxable","15":"purchasable","16":"product-type-simple"},"_links":{"self":[{"href":"https:\/\/roveyayinevi.com.tr\/index.php\/wp-json\/wp\/v2\/product\/703588","targetHints":{"allow":["GET"]}}],"collection":[{"href":"https:\/\/roveyayinevi.com.tr\/index.php\/wp-json\/wp\/v2\/product"}],"about":[{"href":"https:\/\/roveyayinevi.com.tr\/index.php\/wp-json\/wp\/v2\/types\/product"}],"wp:attachment":[{"href":"https:\/\/roveyayinevi.com.tr\/index.php\/wp-json\/wp\/v2\/media?parent=703588"}],"wp:term":[{"taxonomy":"product_brand","embeddable":true,"href":"https:\/\/roveyayinevi.com.tr\/index.php\/wp-json\/wp\/v2\/product_brand?post=703588"},{"taxonomy":"product_cat","embeddable":true,"href":"https:\/\/roveyayinevi.com.tr\/index.php\/wp-json\/wp\/v2\/product_cat?post=703588"},{"taxonomy":"product_tag","embeddable":true,"href":"https:\/\/roveyayinevi.com.tr\/index.php\/wp-json\/wp\/v2\/product_tag?post=703588"}],"curies":[{"name":"wp","href":"https:\/\/api.w.org\/{rel}","templated":true}]}}